{"id":1357,"date":"2024-08-22T13:39:26","date_gmt":"2024-08-22T10:39:26","guid":{"rendered":"https:\/\/www2.nerviot.com\/?post_type=product&#038;p=1357"},"modified":"2025-05-20T11:39:56","modified_gmt":"2025-05-20T08:39:56","slug":"etaseurattava_palovaroitin_zenner","status":"publish","type":"product","link":"https:\/\/www2.nerviot.com\/index.php\/product\/etaseurattava_palovaroitin_zenner\/","title":{"rendered":"Zenner Easy Protect et\u00e4seurattava palovaroitin asuntoihin, varastotiloihin ja toimistoihin"},"content":{"rendered":"<p>T\u00e4m\u00e4 varoitin on suunniteltu erityisesti kiinteist\u00f6jen ja tilojen et\u00e4valvontaan ilman tarvetta paikan p\u00e4\u00e4ll\u00e4 suoritettaville tarkastuksille. Laitteen mukana tulee sis\u00e4\u00e4nrakennettu 10 vuoden paristo, mik\u00e4 tekee siit\u00e4 huoltovapaan ratkaisun. Palovaroitin havaitsee savun lis\u00e4ksi my\u00f6s l\u00e4mp\u00f6tilamuutokset, mik\u00e4 lis\u00e4\u00e4 sen luotettavuutta eri tyyppisiss\u00e4 tulipaloissa.<\/p>\n<p>ZENNER EASY PROTECT on erityisen hy\u00f6dyllinen asunnoissa, toimistoissa ja muissa kiinteist\u00f6iss\u00e4, joissa et\u00e4valvonta ja huoltovapaat ratkaisut ovat tarpeen. Se t\u00e4ytt\u00e4\u00e4 tiukat turvallisuusstandardit, kuten EN 14604 ja DIN 14676, ja on suunniteltu vastaamaan erilaisten rakennusten ja tilojen paloturvallisuusvaatimuksiin.<\/p>\n<p>Et\u00e4seurantaa varten tuote konfiguroidaan l\u00e4hett\u00e4m\u00e4\u00e4n dataa Nerviot-pilvipalveluun.<\/p>\n<ul>\n<li>Savun ja l\u00e4mp\u00f6tilan tunnistus: Optinen tunnistustekniikka yhdistettyn\u00e4 l\u00e4mp\u00f6tila-anturiin mahdollistaa savun ja tulipalojen varhaisen havaitsemisen.<\/li>\n<li>LoRaWAN\u00ae-yhteys: Laite l\u00e4hett\u00e4\u00e4 h\u00e4lytykset ja diagnostiikkatiedot LoRaWAN\u00ae-verkon kautta, mik\u00e4 mahdollistaa laitteen toimintakunnon et\u00e4valvonnan.<\/li>\n<li>10 vuoden paristokesto: Sis\u00e4\u00e4nrakennettu, ei-vaihdettava paristo takaa laitteen pitk\u00e4aikaisen k\u00e4yt\u00f6n ilman jatkuvaa huoltoa.<\/li>\n<li>\u00c4\u00e4nivaroitus: Varoittimen h\u00e4lytys\u00e4\u00e4ni on v\u00e4hint\u00e4\u00e4n 85 dB(A), ja siin\u00e4 on testipainike virheh\u00e4lytysten hiljent\u00e4miseen.<\/li>\n<li>Ymp\u00e4rist\u00f6n seuranta: Varoitin tunnistaa ymp\u00e4rist\u00f6n muutokset, kuten esteet, jopa 50 cm s\u00e4teell\u00e4, ja tarjoaa jatkuvaa itsevalvontaa.<\/li>\n<\/ul>\n<h4>Koko taloyhti\u00f6n palovaroittimien seuranta yhdest\u00e4 paikasta et\u00e4n\u00e4<\/h4>\n<p>Palvelumme kautta isonkin m\u00e4\u00e4r\u00e4n toimintakunnon seuraaminen on helppoa. N\u00e4et helposti t\u00e4rkeimm\u00e4t seurattavat asiat selke\u00e4st\u00e4 mittaristosta sek\u00e4 raporteilta. Eri merkkiset laitteet l\u00e4hett\u00e4v\u00e4t hieman erilaisia et\u00e4seurannan parametrej\u00e4. Zenner-laite l\u00e4hett\u00e4\u00e4 seuraavia toimintakunnon seurannan parametrej\u00e4<\/p>\n<ul>\n<li>Tapahtuneet h\u00e4lytykset<\/li>\n<li>Onko laitteen ymp\u00e4rill\u00e4 esteit\u00e4, tai onko laite peitetty<\/li>\n<li>Onko laite irrotettu<\/li>\n<li>Savukammion ongelmat<\/li>\n<li>Pariston heikkeneminen<\/li>\n<li>Koska laitteille on tehty h\u00e4lytystestaus<\/li>\n<li>Testausnapin toimintah\u00e4iri\u00f6<\/li>\n<li>LED-valon toimintah\u00e4iri\u00f6<\/li>\n<\/ul>\n<p><img fetchpriority=\"high\" decoding=\"async\" class=\"alignnone  wp-image-869\" src=\"https:\/\/www2.nerviot.com\/wp-content\/uploads\/2024\/04\/palovarotin-1-300x239.png\" alt=\"\" width=\"380\" height=\"302\" srcset=\"https:\/\/www2.nerviot.com\/wp-content\/uploads\/2024\/04\/palovarotin-1-300x239.png 300w, https:\/\/www2.nerviot.com\/wp-content\/uploads\/2024\/04\/palovarotin-1-500x399.png 500w, https:\/\/www2.nerviot.com\/wp-content\/uploads\/2024\/04\/palovarotin-1.png 750w\" sizes=\"(max-width: 380px) 100vw, 380px\" \/><\/p>\n<h4>Langaton yhteys tuo palovaroittimen tiedot suoraan ruudullesi<\/h4>\n<p>Et\u00e4seurattava palovaroitin tarvitsee pilvipalvelun, joka tallentaa laitteen l\u00e4hett\u00e4m\u00e4 datan sek\u00e4 n\u00e4ytt\u00e4\u00e4 yhteenvedot laitteiden toimintakunnosta.<\/p>\n<p>Nerviot.com -palvelumme on t\u00e4llainen pilvipalvelu, joka vastaanottaa automaattisesti tietoa laitteiden toiminnasta. T\u00e4m\u00e4 data tallennetaan ja analysoidaan, jotta voimme n\u00e4ytt\u00e4\u00e4 sinulle reaaliaikaista tietoa palovaroittimien toimintakunnosta.<\/p>\n<p>Ratkaisu vaatii my\u00f6s luotettavaa tietoliikenneyhteytt\u00e4 laitteiden ja pilvipalvelun v\u00e4lill\u00e4. K\u00e4yt\u00e4nn\u00f6ss\u00e4 t\u00e4h\u00e4n on kaksi vaihtoehtoa:<\/p>\n<ul>\n<li>Digitan LoRaWAN-verkko \u2013 hy\u00f6dynn\u00e4 valmista ja laadukasta kattavaa IoT-verkkoa<\/li>\n<li>Oma gateway \u2013 hanki oma gateway, joka v\u00e4litt\u00e4\u00e4 datan suoraan pilveen (huom, gateway tarvitsee 4G-yhteyden)<\/li>\n<\/ul>\n<p>Molemmat vaihtoehdot ovat saatavilla kauttamme.<\/p>\n<p>Nerviot.com -palvelun vuosihinta riippuu laitteiden m\u00e4\u00e4r\u00e4st\u00e4 sek\u00e4 siit\u00e4, mit\u00e4 tietoliikenneyhteytt\u00e4 haluatte k\u00e4ytt\u00e4\u00e4. J\u00e4t\u00e4 tarjouspyynt\u00f6, kerro laitem\u00e4\u00e4r\u00e4si ja teemme teille tarjouksen.<\/p>\n<p>&nbsp;<\/p>\n","protected":false},"excerpt":{"rendered":"<p>ZENNER EASY PROTECT on LoRaWAN\u00ae-yhteensopiva palovaroitin, joka mahdollistaa et\u00e4valvonnan ja huollon.<\/p>\n","protected":false},"featured_media":1378,"comment_status":"closed","ping_status":"closed","template":"","meta":[],"product_brand":[],"product_cat":[28],"product_tag":[],"class_list":{"0":"post-1357","1":"product","2":"type-product","3":"status-publish","4":"has-post-thumbnail","6":"product_cat-palovaroittimet","8":"first","9":"instock","10":"taxable","11":"shipping-taxable","12":"purchasable","13":"product-type-simple"},"yoast_head":"<!-- This site is optimized with the Yoast SEO plugin v27.4 - https:\/\/yoast.com\/product\/yoast-seo-wordpress\/ -->\n<title>Zenner Easy Protect et\u00e4seurattava palovaroitin asuntoihin, varastotiloihin ja toimistoihin - Nerviot IoT<\/title>\n<meta name=\"description\" content=\"Et\u00e4seurattavat Zenner-palovaroitin, 10v akku.\" \/>\n<meta name=\"robots\" content=\"index, follow, max-snippet:-1, max-image-preview:large, max-video-preview:-1\" \/>\n<link rel=\"canonical\" href=\"https:\/\/www2.nerviot.com\/index.php\/product\/etaseurattava_palovaroitin_zenner\/\" \/>\n<meta property=\"og:locale\" content=\"fi_FI\" \/>\n<meta property=\"og:type\" content=\"article\" \/>\n<meta property=\"og:title\" content=\"Zenner Easy Protect et\u00e4seurattava palovaroitin asuntoihin, varastotiloihin ja toimistoihin - Nerviot IoT\" \/>\n<meta property=\"og:description\" content=\"Et\u00e4seurattavat Zenner-palovaroitin, 10v akku.\" \/>\n<meta property=\"og:url\" content=\"https:\/\/www2.nerviot.com\/index.php\/product\/etaseurattava_palovaroitin_zenner\/\" \/>\n<meta property=\"og:site_name\" content=\"Nerviot IoT\" \/>\n<meta property=\"article:publisher\" content=\"https:\/\/www.facebook.com\/secorasystems\" \/>\n<meta property=\"article:modified_time\" content=\"2025-05-20T08:39:56+00:00\" \/>\n<meta property=\"og:image\" content=\"https:\/\/www2.nerviot.com\/wp-content\/uploads\/2024\/08\/Zenner-palovaroitin-LoRaWAN_1_Zenner_kk.png\" \/>\n\t<meta property=\"og:image:width\" content=\"500\" \/>\n\t<meta property=\"og:image:height\" content=\"500\" \/>\n\t<meta property=\"og:image:type\" content=\"image\/png\" \/>\n<meta name=\"twitter:card\" content=\"summary_large_image\" \/>\n<meta name=\"twitter:label1\" content=\"Arvioitu lukuaika\" \/>\n\t<meta name=\"twitter:data1\" content=\"3 minuuttia\" \/>\n<script type=\"application\/ld+json\" class=\"yoast-schema-graph\">{\"@context\":\"https:\\\/\\\/schema.org\",\"@graph\":[{\"@type\":\"WebPage\",\"@id\":\"https:\\\/\\\/www2.nerviot.com\\\/index.php\\\/product\\\/etaseurattava_palovaroitin_zenner\\\/\",\"url\":\"https:\\\/\\\/www2.nerviot.com\\\/index.php\\\/product\\\/etaseurattava_palovaroitin_zenner\\\/\",\"name\":\"Zenner Easy Protect et\u00e4seurattava palovaroitin asuntoihin, varastotiloihin ja toimistoihin - Nerviot IoT\",\"isPartOf\":{\"@id\":\"https:\\\/\\\/www2.nerviot.com\\\/#website\"},\"primaryImageOfPage\":{\"@id\":\"https:\\\/\\\/www2.nerviot.com\\\/index.php\\\/product\\\/etaseurattava_palovaroitin_zenner\\\/#primaryimage\"},\"image\":{\"@id\":\"https:\\\/\\\/www2.nerviot.com\\\/index.php\\\/product\\\/etaseurattava_palovaroitin_zenner\\\/#primaryimage\"},\"thumbnailUrl\":\"https:\\\/\\\/www2.nerviot.com\\\/wp-content\\\/uploads\\\/2024\\\/08\\\/Zenner-palovaroitin-LoRaWAN_1_Zenner_kk.png\",\"datePublished\":\"2024-08-22T10:39:26+00:00\",\"dateModified\":\"2025-05-20T08:39:56+00:00\",\"description\":\"Et\u00e4seurattavat Zenner-palovaroitin, 10v akku.\",\"breadcrumb\":{\"@id\":\"https:\\\/\\\/www2.nerviot.com\\\/index.php\\\/product\\\/etaseurattava_palovaroitin_zenner\\\/#breadcrumb\"},\"inLanguage\":\"fi\",\"potentialAction\":[{\"@type\":\"ReadAction\",\"target\":[\"https:\\\/\\\/www2.nerviot.com\\\/index.php\\\/product\\\/etaseurattava_palovaroitin_zenner\\\/\"]}]},{\"@type\":\"ImageObject\",\"inLanguage\":\"fi\",\"@id\":\"https:\\\/\\\/www2.nerviot.com\\\/index.php\\\/product\\\/etaseurattava_palovaroitin_zenner\\\/#primaryimage\",\"url\":\"https:\\\/\\\/www2.nerviot.com\\\/wp-content\\\/uploads\\\/2024\\\/08\\\/Zenner-palovaroitin-LoRaWAN_1_Zenner_kk.png\",\"contentUrl\":\"https:\\\/\\\/www2.nerviot.com\\\/wp-content\\\/uploads\\\/2024\\\/08\\\/Zenner-palovaroitin-LoRaWAN_1_Zenner_kk.png\",\"width\":500,\"height\":500,\"caption\":\"Zenner- et\u00e4luettava palovaroitin\"},{\"@type\":\"BreadcrumbList\",\"@id\":\"https:\\\/\\\/www2.nerviot.com\\\/index.php\\\/product\\\/etaseurattava_palovaroitin_zenner\\\/#breadcrumb\",\"itemListElement\":[{\"@type\":\"ListItem\",\"position\":1,\"name\":\"Home\",\"item\":\"https:\\\/\\\/www2.nerviot.com\\\/\"},{\"@type\":\"ListItem\",\"position\":2,\"name\":\"Nerviot Verkkokauppa\",\"item\":\"https:\\\/\\\/www2.nerviot.com\\\/?page_id=1352\"},{\"@type\":\"ListItem\",\"position\":3,\"name\":\"Zenner Easy Protect et\u00e4seurattava palovaroitin asuntoihin, varastotiloihin ja toimistoihin\"}]},{\"@type\":\"WebSite\",\"@id\":\"https:\\\/\\\/www2.nerviot.com\\\/#website\",\"url\":\"https:\\\/\\\/www2.nerviot.com\\\/\",\"name\":\"Nerviot IoT | Condition Monitoring | Olosuhdemittaus | Kylm\u00e4laitteiden seuranta | Alipaine-erojen mittaus\",\"description\":\"nerviot.com remote monitoring\",\"publisher\":{\"@id\":\"https:\\\/\\\/www2.nerviot.com\\\/#organization\"},\"potentialAction\":[{\"@type\":\"SearchAction\",\"target\":{\"@type\":\"EntryPoint\",\"urlTemplate\":\"https:\\\/\\\/www2.nerviot.com\\\/?s={search_term_string}\"},\"query-input\":{\"@type\":\"PropertyValueSpecification\",\"valueRequired\":true,\"valueName\":\"search_term_string\"}}],\"inLanguage\":\"fi\"},{\"@type\":\"Organization\",\"@id\":\"https:\\\/\\\/www2.nerviot.com\\\/#organization\",\"name\":\"Nerviot IoT | Condition Monitoring | Olosuhdemittaus | Kylm\u00e4laitteiden seuranta | Alipaine-erojen mittaus\",\"url\":\"https:\\\/\\\/www2.nerviot.com\\\/\",\"logo\":{\"@type\":\"ImageObject\",\"inLanguage\":\"fi\",\"@id\":\"https:\\\/\\\/www2.nerviot.com\\\/#\\\/schema\\\/logo\\\/image\\\/\",\"url\":\"https:\\\/\\\/www2.nerviot.com\\\/wp-content\\\/uploads\\\/2024\\\/07\\\/Nerviot_logo_400x150px.png\",\"contentUrl\":\"https:\\\/\\\/www2.nerviot.com\\\/wp-content\\\/uploads\\\/2024\\\/07\\\/Nerviot_logo_400x150px.png\",\"width\":400,\"height\":150,\"caption\":\"Nerviot IoT | Condition Monitoring | Olosuhdemittaus | Kylm\u00e4laitteiden seuranta | Alipaine-erojen mittaus\"},\"image\":{\"@id\":\"https:\\\/\\\/www2.nerviot.com\\\/#\\\/schema\\\/logo\\\/image\\\/\"},\"sameAs\":[\"https:\\\/\\\/www.facebook.com\\\/secorasystems\",\"https:\\\/\\\/www.linkedin.com\\\/company\\\/secora-systems\\\/\"]}]}<\/script>\n<!-- \/ Yoast SEO plugin. -->","yoast_head_json":{"title":"Zenner Easy Protect et\u00e4seurattava palovaroitin asuntoihin, varastotiloihin ja toimistoihin - Nerviot IoT","description":"Et\u00e4seurattavat Zenner-palovaroitin, 10v akku.","robots":{"index":"index","follow":"follow","max-snippet":"max-snippet:-1","max-image-preview":"max-image-preview:large","max-video-preview":"max-video-preview:-1"},"canonical":"https:\/\/www2.nerviot.com\/index.php\/product\/etaseurattava_palovaroitin_zenner\/","og_locale":"fi_FI","og_type":"article","og_title":"Zenner Easy Protect et\u00e4seurattava palovaroitin asuntoihin, varastotiloihin ja toimistoihin - Nerviot IoT","og_description":"Et\u00e4seurattavat Zenner-palovaroitin, 10v akku.","og_url":"https:\/\/www2.nerviot.com\/index.php\/product\/etaseurattava_palovaroitin_zenner\/","og_site_name":"Nerviot IoT","article_publisher":"https:\/\/www.facebook.com\/secorasystems","article_modified_time":"2025-05-20T08:39:56+00:00","og_image":[{"width":500,"height":500,"url":"https:\/\/www2.nerviot.com\/wp-content\/uploads\/2024\/08\/Zenner-palovaroitin-LoRaWAN_1_Zenner_kk.png","type":"image\/png"}],"twitter_card":"summary_large_image","twitter_misc":{"Arvioitu lukuaika":"3 minuuttia"},"schema":{"@context":"https:\/\/schema.org","@graph":[{"@type":"WebPage","@id":"https:\/\/www2.nerviot.com\/index.php\/product\/etaseurattava_palovaroitin_zenner\/","url":"https:\/\/www2.nerviot.com\/index.php\/product\/etaseurattava_palovaroitin_zenner\/","name":"Zenner Easy Protect et\u00e4seurattava palovaroitin asuntoihin, varastotiloihin ja toimistoihin - Nerviot IoT","isPartOf":{"@id":"https:\/\/www2.nerviot.com\/#website"},"primaryImageOfPage":{"@id":"https:\/\/www2.nerviot.com\/index.php\/product\/etaseurattava_palovaroitin_zenner\/#primaryimage"},"image":{"@id":"https:\/\/www2.nerviot.com\/index.php\/product\/etaseurattava_palovaroitin_zenner\/#primaryimage"},"thumbnailUrl":"https:\/\/www2.nerviot.com\/wp-content\/uploads\/2024\/08\/Zenner-palovaroitin-LoRaWAN_1_Zenner_kk.png","datePublished":"2024-08-22T10:39:26+00:00","dateModified":"2025-05-20T08:39:56+00:00","description":"Et\u00e4seurattavat Zenner-palovaroitin, 10v akku.","breadcrumb":{"@id":"https:\/\/www2.nerviot.com\/index.php\/product\/etaseurattava_palovaroitin_zenner\/#breadcrumb"},"inLanguage":"fi","potentialAction":[{"@type":"ReadAction","target":["https:\/\/www2.nerviot.com\/index.php\/product\/etaseurattava_palovaroitin_zenner\/"]}]},{"@type":"ImageObject","inLanguage":"fi","@id":"https:\/\/www2.nerviot.com\/index.php\/product\/etaseurattava_palovaroitin_zenner\/#primaryimage","url":"https:\/\/www2.nerviot.com\/wp-content\/uploads\/2024\/08\/Zenner-palovaroitin-LoRaWAN_1_Zenner_kk.png","contentUrl":"https:\/\/www2.nerviot.com\/wp-content\/uploads\/2024\/08\/Zenner-palovaroitin-LoRaWAN_1_Zenner_kk.png","width":500,"height":500,"caption":"Zenner- et\u00e4luettava palovaroitin"},{"@type":"BreadcrumbList","@id":"https:\/\/www2.nerviot.com\/index.php\/product\/etaseurattava_palovaroitin_zenner\/#breadcrumb","itemListElement":[{"@type":"ListItem","position":1,"name":"Home","item":"https:\/\/www2.nerviot.com\/"},{"@type":"ListItem","position":2,"name":"Nerviot Verkkokauppa","item":"https:\/\/www2.nerviot.com\/?page_id=1352"},{"@type":"ListItem","position":3,"name":"Zenner Easy Protect et\u00e4seurattava palovaroitin asuntoihin, varastotiloihin ja toimistoihin"}]},{"@type":"WebSite","@id":"https:\/\/www2.nerviot.com\/#website","url":"https:\/\/www2.nerviot.com\/","name":"Nerviot IoT | Condition Monitoring | Olosuhdemittaus | Kylm\u00e4laitteiden seuranta | Alipaine-erojen mittaus","description":"nerviot.com remote monitoring","publisher":{"@id":"https:\/\/www2.nerviot.com\/#organization"},"potentialAction":[{"@type":"SearchAction","target":{"@type":"EntryPoint","urlTemplate":"https:\/\/www2.nerviot.com\/?s={search_term_string}"},"query-input":{"@type":"PropertyValueSpecification","valueRequired":true,"valueName":"search_term_string"}}],"inLanguage":"fi"},{"@type":"Organization","@id":"https:\/\/www2.nerviot.com\/#organization","name":"Nerviot IoT | Condition Monitoring | Olosuhdemittaus | Kylm\u00e4laitteiden seuranta | Alipaine-erojen mittaus","url":"https:\/\/www2.nerviot.com\/","logo":{"@type":"ImageObject","inLanguage":"fi","@id":"https:\/\/www2.nerviot.com\/#\/schema\/logo\/image\/","url":"https:\/\/www2.nerviot.com\/wp-content\/uploads\/2024\/07\/Nerviot_logo_400x150px.png","contentUrl":"https:\/\/www2.nerviot.com\/wp-content\/uploads\/2024\/07\/Nerviot_logo_400x150px.png","width":400,"height":150,"caption":"Nerviot IoT | Condition Monitoring | Olosuhdemittaus | Kylm\u00e4laitteiden seuranta | Alipaine-erojen mittaus"},"image":{"@id":"https:\/\/www2.nerviot.com\/#\/schema\/logo\/image\/"},"sameAs":["https:\/\/www.facebook.com\/secorasystems","https:\/\/www.linkedin.com\/company\/secora-systems\/"]}]}},"_links":{"self":[{"href":"https:\/\/www2.nerviot.com\/index.php\/wp-json\/wp\/v2\/product\/1357","targetHints":{"allow":["GET"]}}],"collection":[{"href":"https:\/\/www2.nerviot.com\/index.php\/wp-json\/wp\/v2\/product"}],"about":[{"href":"https:\/\/www2.nerviot.com\/index.php\/wp-json\/wp\/v2\/types\/product"}],"replies":[{"embeddable":true,"href":"https:\/\/www2.nerviot.com\/index.php\/wp-json\/wp\/v2\/comments?post=1357"}],"wp:featuredmedia":[{"embeddable":true,"href":"https:\/\/www2.nerviot.com\/index.php\/wp-json\/wp\/v2\/media\/1378"}],"wp:attachment":[{"href":"https:\/\/www2.nerviot.com\/index.php\/wp-json\/wp\/v2\/media?parent=1357"}],"wp:term":[{"taxonomy":"product_brand","embeddable":true,"href":"https:\/\/www2.nerviot.com\/index.php\/wp-json\/wp\/v2\/product_brand?post=1357"},{"taxonomy":"product_cat","embeddable":true,"href":"https:\/\/www2.nerviot.com\/index.php\/wp-json\/wp\/v2\/product_cat?post=1357"},{"taxonomy":"product_tag","embeddable":true,"href":"https:\/\/www2.nerviot.com\/index.php\/wp-json\/wp\/v2\/product_tag?post=1357"}],"curies":[{"name":"wp","href":"https:\/\/api.w.org\/{rel}","templated":true}]}}