{"id":1503,"date":"2024-09-19T11:52:59","date_gmt":"2024-09-19T08:52:59","guid":{"rendered":"https:\/\/www2.nerviot.com\/?post_type=product&#038;p=1503"},"modified":"2025-05-07T10:23:13","modified_gmt":"2025-05-07T07:23:13","slug":"etaseurattava-palovaroitin-nexelec-origin-2","status":"publish","type":"product","link":"https:\/\/www2.nerviot.com\/index.php\/product\/etaseurattava-palovaroitin-nexelec-origin-2\/","title":{"rendered":"Nexelec Origin+ et\u00e4seurattava palovaroitin, akku, temp\/hum"},"content":{"rendered":"<p>Laite soveltuu erityisesti asuntoihin, toimistoihin ja liiketiloihin, joissa halutaan yhdist\u00e4\u00e4 paloturvallisuus ja sis\u00e4ilman olosuhteiden valvonta yhteen laitteeseen. Laite tukee my\u00f6s h\u00e4lytyksi\u00e4 vuokranantajille ja yll\u00e4pit\u00e4jille, mahdollistaen ennakoivan huollon ja turvallisuuden hallinnan. Laite on erityisen hyv\u00e4 yksitt\u00e4iskohteiden et\u00e4valvontaan, kuten asuin- ja liiketiloihin, ja sen avulla voidaan seurata ymp\u00e4rist\u00f6n olosuhteita ja ennakoida energians\u00e4\u00e4st\u00f6toimenpiteit\u00e4 sek\u00e4 parantaa sis\u00e4ilman laatua.<\/p>\n<p>Et\u00e4seurantaa varten tuote konfiguroidaan l\u00e4hett\u00e4m\u00e4\u00e4n dataa Nerviot-pilvipalveluun.<\/p>\n<ul>\n<li>Savun, l\u00e4mp\u00f6tilan ja kosteuden valvonta: Tarkat anturit, jotka mittaavat savua, l\u00e4mp\u00f6tilaa (-30\u00b0C \u2013 +70\u00b0C) ja kosteutta (0\u2013100% RH).<\/li>\n<li>LoRaWAN\u00ae-yhteys: Tukee pitk\u00e4n kantaman langatonta tiedonsiirtoa ja mahdollistaa et\u00e4valvonnan ja h\u00e4lytysten vastaanoton.<\/li>\n<li>10 vuoden akunkesto: Sis\u00e4\u00e4nrakennetut litiumparistot takaavat jopa 10 vuoden toiminta-ajan ilman pariston vaihtoa.<\/li>\n<li>Et\u00e4valvonta: Yhteensopiva Nerviot-pilvipalvelun kanssa, mahdollistaen et\u00e4valvonnan ja huoltotoimenpiteet ilman fyysist\u00e4 paikallaoloa.<\/li>\n<li>EN14604- ja NF292-sertifioitu: T\u00e4ytt\u00e4\u00e4 tiukat eurooppalaiset turvallisuusstandardit.<\/li>\n<li>Asennus: Laitteen mukana tulee kiinnitystarvikkeet, ja se voidaan asentaa sein\u00e4lle tai kattoon ilman tarvetta lis\u00e4kaapeleille.<\/li>\n<\/ul>\n","protected":false},"excerpt":{"rendered":"<p>Nexelec Origin+ on LoRaWAN\u00ae-yhteensopiva palovaroitin, joka yhdist\u00e4\u00e4 savuh\u00e4lyttimen sek\u00e4 l\u00e4mp\u00f6tila- ja kosteusanturit tehokkaaseen sis\u00e4ilman valvontaan.<\/p>\n","protected":false},"featured_media":1794,"comment_status":"closed","ping_status":"closed","template":"","meta":[],"product_brand":[],"product_cat":[28,46],"product_tag":[],"class_list":{"0":"post-1503","1":"product","2":"type-product","3":"status-publish","4":"has-post-thumbnail","6":"product_cat-palovaroittimet","7":"product_cat-sisailma","9":"first","10":"instock","11":"taxable","12":"shipping-taxable","13":"purchasable","14":"product-type-simple"},"yoast_head":"<!-- This site is optimized with the Yoast SEO plugin v27.4 - https:\/\/yoast.com\/product\/yoast-seo-wordpress\/ -->\n<title>Nexelec Origin+ et\u00e4seurattava palovaroitin, akku, temp\/hum - Nerviot IoT<\/title>\n<meta name=\"description\" content=\"Nexelec Origin+ on LoRaWAN\u00ae-yhteensopiva palovaroitin, joka yhdist\u00e4\u00e4 savuh\u00e4lyttimen sek\u00e4 l\u00e4mp\u00f6tila- ja kosteusanturit tehokkaaseen sis\u00e4ilman valvontaan.\" \/>\n<meta name=\"robots\" content=\"index, follow, max-snippet:-1, max-image-preview:large, max-video-preview:-1\" \/>\n<link rel=\"canonical\" href=\"https:\/\/www2.nerviot.com\/index.php\/product\/etaseurattava-palovaroitin-nexelec-origin-2\/\" \/>\n<meta property=\"og:locale\" content=\"fi_FI\" \/>\n<meta property=\"og:type\" content=\"article\" \/>\n<meta property=\"og:title\" content=\"Nexelec Origin+ et\u00e4seurattava palovaroitin, akku, temp\/hum - Nerviot IoT\" \/>\n<meta property=\"og:description\" content=\"Nexelec Origin+ on LoRaWAN\u00ae-yhteensopiva palovaroitin, joka yhdist\u00e4\u00e4 savuh\u00e4lyttimen sek\u00e4 l\u00e4mp\u00f6tila- ja kosteusanturit tehokkaaseen sis\u00e4ilman valvontaan.\" \/>\n<meta property=\"og:url\" content=\"https:\/\/www2.nerviot.com\/index.php\/product\/etaseurattava-palovaroitin-nexelec-origin-2\/\" \/>\n<meta property=\"og:site_name\" content=\"Nerviot IoT\" \/>\n<meta property=\"article:publisher\" content=\"https:\/\/www.facebook.com\/secorasystems\" \/>\n<meta property=\"article:modified_time\" content=\"2025-05-07T07:23:13+00:00\" \/>\n<meta property=\"og:image\" content=\"https:\/\/www2.nerviot.com\/wp-content\/uploads\/2024\/09\/nexelec.jpeg\" \/>\n\t<meta property=\"og:image:width\" content=\"224\" \/>\n\t<meta property=\"og:image:height\" content=\"225\" \/>\n\t<meta property=\"og:image:type\" content=\"image\/jpeg\" \/>\n<meta name=\"twitter:card\" content=\"summary_large_image\" \/>\n<meta name=\"twitter:label1\" content=\"Arvioitu lukuaika\" \/>\n\t<meta name=\"twitter:data1\" content=\"2 minuuttia\" \/>\n<script type=\"application\/ld+json\" class=\"yoast-schema-graph\">{\"@context\":\"https:\\\/\\\/schema.org\",\"@graph\":[{\"@type\":\"WebPage\",\"@id\":\"https:\\\/\\\/www2.nerviot.com\\\/index.php\\\/product\\\/etaseurattava-palovaroitin-nexelec-origin-2\\\/\",\"url\":\"https:\\\/\\\/www2.nerviot.com\\\/index.php\\\/product\\\/etaseurattava-palovaroitin-nexelec-origin-2\\\/\",\"name\":\"Nexelec Origin+ et\u00e4seurattava palovaroitin, akku, temp\\\/hum - Nerviot IoT\",\"isPartOf\":{\"@id\":\"https:\\\/\\\/www2.nerviot.com\\\/#website\"},\"primaryImageOfPage\":{\"@id\":\"https:\\\/\\\/www2.nerviot.com\\\/index.php\\\/product\\\/etaseurattava-palovaroitin-nexelec-origin-2\\\/#primaryimage\"},\"image\":{\"@id\":\"https:\\\/\\\/www2.nerviot.com\\\/index.php\\\/product\\\/etaseurattava-palovaroitin-nexelec-origin-2\\\/#primaryimage\"},\"thumbnailUrl\":\"https:\\\/\\\/www2.nerviot.com\\\/wp-content\\\/uploads\\\/2024\\\/09\\\/nexelec.jpeg\",\"datePublished\":\"2024-09-19T08:52:59+00:00\",\"dateModified\":\"2025-05-07T07:23:13+00:00\",\"description\":\"Nexelec Origin+ on LoRaWAN\u00ae-yhteensopiva palovaroitin, joka yhdist\u00e4\u00e4 savuh\u00e4lyttimen sek\u00e4 l\u00e4mp\u00f6tila- ja kosteusanturit tehokkaaseen sis\u00e4ilman valvontaan.\",\"breadcrumb\":{\"@id\":\"https:\\\/\\\/www2.nerviot.com\\\/index.php\\\/product\\\/etaseurattava-palovaroitin-nexelec-origin-2\\\/#breadcrumb\"},\"inLanguage\":\"fi\",\"potentialAction\":[{\"@type\":\"ReadAction\",\"target\":[\"https:\\\/\\\/www2.nerviot.com\\\/index.php\\\/product\\\/etaseurattava-palovaroitin-nexelec-origin-2\\\/\"]}]},{\"@type\":\"ImageObject\",\"inLanguage\":\"fi\",\"@id\":\"https:\\\/\\\/www2.nerviot.com\\\/index.php\\\/product\\\/etaseurattava-palovaroitin-nexelec-origin-2\\\/#primaryimage\",\"url\":\"https:\\\/\\\/www2.nerviot.com\\\/wp-content\\\/uploads\\\/2024\\\/09\\\/nexelec.jpeg\",\"contentUrl\":\"https:\\\/\\\/www2.nerviot.com\\\/wp-content\\\/uploads\\\/2024\\\/09\\\/nexelec.jpeg\",\"width\":224,\"height\":225},{\"@type\":\"BreadcrumbList\",\"@id\":\"https:\\\/\\\/www2.nerviot.com\\\/index.php\\\/product\\\/etaseurattava-palovaroitin-nexelec-origin-2\\\/#breadcrumb\",\"itemListElement\":[{\"@type\":\"ListItem\",\"position\":1,\"name\":\"Home\",\"item\":\"https:\\\/\\\/www2.nerviot.com\\\/\"},{\"@type\":\"ListItem\",\"position\":2,\"name\":\"Nerviot Verkkokauppa\",\"item\":\"https:\\\/\\\/www2.nerviot.com\\\/?page_id=1352\"},{\"@type\":\"ListItem\",\"position\":3,\"name\":\"Nexelec Origin+ et\u00e4seurattava palovaroitin, akku, temp\\\/hum\"}]},{\"@type\":\"WebSite\",\"@id\":\"https:\\\/\\\/www2.nerviot.com\\\/#website\",\"url\":\"https:\\\/\\\/www2.nerviot.com\\\/\",\"name\":\"Nerviot IoT | Condition Monitoring | Olosuhdemittaus | Kylm\u00e4laitteiden seuranta | Alipaine-erojen mittaus\",\"description\":\"nerviot.com remote monitoring\",\"publisher\":{\"@id\":\"https:\\\/\\\/www2.nerviot.com\\\/#organization\"},\"potentialAction\":[{\"@type\":\"SearchAction\",\"target\":{\"@type\":\"EntryPoint\",\"urlTemplate\":\"https:\\\/\\\/www2.nerviot.com\\\/?s={search_term_string}\"},\"query-input\":{\"@type\":\"PropertyValueSpecification\",\"valueRequired\":true,\"valueName\":\"search_term_string\"}}],\"inLanguage\":\"fi\"},{\"@type\":\"Organization\",\"@id\":\"https:\\\/\\\/www2.nerviot.com\\\/#organization\",\"name\":\"Nerviot IoT | Condition Monitoring | Olosuhdemittaus | Kylm\u00e4laitteiden seuranta | Alipaine-erojen mittaus\",\"url\":\"https:\\\/\\\/www2.nerviot.com\\\/\",\"logo\":{\"@type\":\"ImageObject\",\"inLanguage\":\"fi\",\"@id\":\"https:\\\/\\\/www2.nerviot.com\\\/#\\\/schema\\\/logo\\\/image\\\/\",\"url\":\"https:\\\/\\\/www2.nerviot.com\\\/wp-content\\\/uploads\\\/2024\\\/07\\\/Nerviot_logo_400x150px.png\",\"contentUrl\":\"https:\\\/\\\/www2.nerviot.com\\\/wp-content\\\/uploads\\\/2024\\\/07\\\/Nerviot_logo_400x150px.png\",\"width\":400,\"height\":150,\"caption\":\"Nerviot IoT | Condition Monitoring | Olosuhdemittaus | Kylm\u00e4laitteiden seuranta | Alipaine-erojen mittaus\"},\"image\":{\"@id\":\"https:\\\/\\\/www2.nerviot.com\\\/#\\\/schema\\\/logo\\\/image\\\/\"},\"sameAs\":[\"https:\\\/\\\/www.facebook.com\\\/secorasystems\",\"https:\\\/\\\/www.linkedin.com\\\/company\\\/secora-systems\\\/\"]}]}<\/script>\n<!-- \/ Yoast SEO plugin. -->","yoast_head_json":{"title":"Nexelec Origin+ et\u00e4seurattava palovaroitin, akku, temp\/hum - Nerviot IoT","description":"Nexelec Origin+ on LoRaWAN\u00ae-yhteensopiva palovaroitin, joka yhdist\u00e4\u00e4 savuh\u00e4lyttimen sek\u00e4 l\u00e4mp\u00f6tila- ja kosteusanturit tehokkaaseen sis\u00e4ilman valvontaan.","robots":{"index":"index","follow":"follow","max-snippet":"max-snippet:-1","max-image-preview":"max-image-preview:large","max-video-preview":"max-video-preview:-1"},"canonical":"https:\/\/www2.nerviot.com\/index.php\/product\/etaseurattava-palovaroitin-nexelec-origin-2\/","og_locale":"fi_FI","og_type":"article","og_title":"Nexelec Origin+ et\u00e4seurattava palovaroitin, akku, temp\/hum - Nerviot IoT","og_description":"Nexelec Origin+ on LoRaWAN\u00ae-yhteensopiva palovaroitin, joka yhdist\u00e4\u00e4 savuh\u00e4lyttimen sek\u00e4 l\u00e4mp\u00f6tila- ja kosteusanturit tehokkaaseen sis\u00e4ilman valvontaan.","og_url":"https:\/\/www2.nerviot.com\/index.php\/product\/etaseurattava-palovaroitin-nexelec-origin-2\/","og_site_name":"Nerviot IoT","article_publisher":"https:\/\/www.facebook.com\/secorasystems","article_modified_time":"2025-05-07T07:23:13+00:00","og_image":[{"width":224,"height":225,"url":"https:\/\/www2.nerviot.com\/wp-content\/uploads\/2024\/09\/nexelec.jpeg","type":"image\/jpeg"}],"twitter_card":"summary_large_image","twitter_misc":{"Arvioitu lukuaika":"2 minuuttia"},"schema":{"@context":"https:\/\/schema.org","@graph":[{"@type":"WebPage","@id":"https:\/\/www2.nerviot.com\/index.php\/product\/etaseurattava-palovaroitin-nexelec-origin-2\/","url":"https:\/\/www2.nerviot.com\/index.php\/product\/etaseurattava-palovaroitin-nexelec-origin-2\/","name":"Nexelec Origin+ et\u00e4seurattava palovaroitin, akku, temp\/hum - Nerviot IoT","isPartOf":{"@id":"https:\/\/www2.nerviot.com\/#website"},"primaryImageOfPage":{"@id":"https:\/\/www2.nerviot.com\/index.php\/product\/etaseurattava-palovaroitin-nexelec-origin-2\/#primaryimage"},"image":{"@id":"https:\/\/www2.nerviot.com\/index.php\/product\/etaseurattava-palovaroitin-nexelec-origin-2\/#primaryimage"},"thumbnailUrl":"https:\/\/www2.nerviot.com\/wp-content\/uploads\/2024\/09\/nexelec.jpeg","datePublished":"2024-09-19T08:52:59+00:00","dateModified":"2025-05-07T07:23:13+00:00","description":"Nexelec Origin+ on LoRaWAN\u00ae-yhteensopiva palovaroitin, joka yhdist\u00e4\u00e4 savuh\u00e4lyttimen sek\u00e4 l\u00e4mp\u00f6tila- ja kosteusanturit tehokkaaseen sis\u00e4ilman valvontaan.","breadcrumb":{"@id":"https:\/\/www2.nerviot.com\/index.php\/product\/etaseurattava-palovaroitin-nexelec-origin-2\/#breadcrumb"},"inLanguage":"fi","potentialAction":[{"@type":"ReadAction","target":["https:\/\/www2.nerviot.com\/index.php\/product\/etaseurattava-palovaroitin-nexelec-origin-2\/"]}]},{"@type":"ImageObject","inLanguage":"fi","@id":"https:\/\/www2.nerviot.com\/index.php\/product\/etaseurattava-palovaroitin-nexelec-origin-2\/#primaryimage","url":"https:\/\/www2.nerviot.com\/wp-content\/uploads\/2024\/09\/nexelec.jpeg","contentUrl":"https:\/\/www2.nerviot.com\/wp-content\/uploads\/2024\/09\/nexelec.jpeg","width":224,"height":225},{"@type":"BreadcrumbList","@id":"https:\/\/www2.nerviot.com\/index.php\/product\/etaseurattava-palovaroitin-nexelec-origin-2\/#breadcrumb","itemListElement":[{"@type":"ListItem","position":1,"name":"Home","item":"https:\/\/www2.nerviot.com\/"},{"@type":"ListItem","position":2,"name":"Nerviot Verkkokauppa","item":"https:\/\/www2.nerviot.com\/?page_id=1352"},{"@type":"ListItem","position":3,"name":"Nexelec Origin+ et\u00e4seurattava palovaroitin, akku, temp\/hum"}]},{"@type":"WebSite","@id":"https:\/\/www2.nerviot.com\/#website","url":"https:\/\/www2.nerviot.com\/","name":"Nerviot IoT | Condition Monitoring | Olosuhdemittaus | Kylm\u00e4laitteiden seuranta | Alipaine-erojen mittaus","description":"nerviot.com remote monitoring","publisher":{"@id":"https:\/\/www2.nerviot.com\/#organization"},"potentialAction":[{"@type":"SearchAction","target":{"@type":"EntryPoint","urlTemplate":"https:\/\/www2.nerviot.com\/?s={search_term_string}"},"query-input":{"@type":"PropertyValueSpecification","valueRequired":true,"valueName":"search_term_string"}}],"inLanguage":"fi"},{"@type":"Organization","@id":"https:\/\/www2.nerviot.com\/#organization","name":"Nerviot IoT | Condition Monitoring | Olosuhdemittaus | Kylm\u00e4laitteiden seuranta | Alipaine-erojen mittaus","url":"https:\/\/www2.nerviot.com\/","logo":{"@type":"ImageObject","inLanguage":"fi","@id":"https:\/\/www2.nerviot.com\/#\/schema\/logo\/image\/","url":"https:\/\/www2.nerviot.com\/wp-content\/uploads\/2024\/07\/Nerviot_logo_400x150px.png","contentUrl":"https:\/\/www2.nerviot.com\/wp-content\/uploads\/2024\/07\/Nerviot_logo_400x150px.png","width":400,"height":150,"caption":"Nerviot IoT | Condition Monitoring | Olosuhdemittaus | Kylm\u00e4laitteiden seuranta | Alipaine-erojen mittaus"},"image":{"@id":"https:\/\/www2.nerviot.com\/#\/schema\/logo\/image\/"},"sameAs":["https:\/\/www.facebook.com\/secorasystems","https:\/\/www.linkedin.com\/company\/secora-systems\/"]}]}},"_links":{"self":[{"href":"https:\/\/www2.nerviot.com\/index.php\/wp-json\/wp\/v2\/product\/1503","targetHints":{"allow":["GET"]}}],"collection":[{"href":"https:\/\/www2.nerviot.com\/index.php\/wp-json\/wp\/v2\/product"}],"about":[{"href":"https:\/\/www2.nerviot.com\/index.php\/wp-json\/wp\/v2\/types\/product"}],"replies":[{"embeddable":true,"href":"https:\/\/www2.nerviot.com\/index.php\/wp-json\/wp\/v2\/comments?post=1503"}],"wp:featuredmedia":[{"embeddable":true,"href":"https:\/\/www2.nerviot.com\/index.php\/wp-json\/wp\/v2\/media\/1794"}],"wp:attachment":[{"href":"https:\/\/www2.nerviot.com\/index.php\/wp-json\/wp\/v2\/media?parent=1503"}],"wp:term":[{"taxonomy":"product_brand","embeddable":true,"href":"https:\/\/www2.nerviot.com\/index.php\/wp-json\/wp\/v2\/product_brand?post=1503"},{"taxonomy":"product_cat","embeddable":true,"href":"https:\/\/www2.nerviot.com\/index.php\/wp-json\/wp\/v2\/product_cat?post=1503"},{"taxonomy":"product_tag","embeddable":true,"href":"https:\/\/www2.nerviot.com\/index.php\/wp-json\/wp\/v2\/product_tag?post=1503"}],"curies":[{"name":"wp","href":"https:\/\/api.w.org\/{rel}","templated":true}]}}