{"id":1512,"date":"2024-09-19T12:21:49","date_gmt":"2024-09-19T09:21:49","guid":{"rendered":"https:\/\/www2.nerviot.com\/?post_type=product&#038;p=1512"},"modified":"2025-04-08T14:32:53","modified_gmt":"2025-04-08T11:32:53","slug":"milesight-em300-th","status":"publish","type":"product","link":"https:\/\/www2.nerviot.com\/index.php\/product\/milesight-em300-th\/","title":{"rendered":"Milesight EM300-TH l\u00e4mp\u00f6tila-\/ kosteussensori"},"content":{"rendered":"<p>Milesight EM300-TH on kompakti ja kest\u00e4v\u00e4 LoRaWAN\u00ae-pohjainen ymp\u00e4rist\u00f6anturi, joka mittaa tarkasti l\u00e4mp\u00f6tilaa ja kosteutta. Laite on suunniteltu sek\u00e4 sis\u00e4- ett\u00e4 ulkok\u00e4ytt\u00f6\u00f6n ja sopii erinomaisesti esimerkiksi toimistoihin, kasvihuoneisiin, sairaaloihin ja teollisuusymp\u00e4rist\u00f6ihin. Anturi kest\u00e4\u00e4 ankaria olosuhteita IP67-luokitellun, veden- ja p\u00f6lynkest\u00e4v\u00e4n kotelon ansiosta.<\/p>\n<p>EM300-TH on erityisen hy\u00f6dyllinen ymp\u00e4rist\u00f6olosuhteiden tarkkailuun, kuten varastojen, kylm\u00e4ketjujen ja laboratorioiden l\u00e4mp\u00f6tilan ja kosteuden seurantaan.<\/p>\n<p>Ominaisuudet<\/p>\n<ul>\n<li>L\u00e4mp\u00f6tilan mittausalue: -30\u00b0 &#8211; +70\u00b0C (erottelukyky 0,1\u00b0C)<\/li>\n<li>Kosteusmittausalue: 0 &#8211; 100 % RH (0,5 % RH)<\/li>\n<li>Paristo: 4000 mAh ER18505 Li-SOCl2 (toisen pariston paikka vapaana)<\/li>\n<li>Pariston kesto: v\u00e4h. 5 vuotta (yhdell\u00e4 paristolla)<\/li>\n<li>K\u00e4ytt\u00f6l\u00e4mp\u00f6tila-alue: -30\u00b0 &#8211; +70\u00b0C<\/li>\n<li>Suojausluokitus: IP67<\/li>\n<li>Mitat: 88 \u00d7 87 \u00d7 27 mm<\/li>\n<\/ul>\n","protected":false},"excerpt":{"rendered":"<p>S\u00e4\u00e4nkest\u00e4v\u00e4 LoRaWAN l\u00e4mp\u00f6tila- ja kosteusmittari.<\/p>\n","protected":false},"featured_media":1750,"comment_status":"closed","ping_status":"closed","template":"","meta":[],"product_brand":[],"product_cat":[48,49,46,47],"product_tag":[],"class_list":{"0":"post-1512","1":"product","2":"type-product","3":"status-publish","4":"has-post-thumbnail","6":"product_cat-kylmalaiteseuranta","7":"product_cat-maatalous","8":"product_cat-sisailma","9":"product_cat-tekninen-kunnossapito","11":"first","12":"instock","13":"taxable","14":"shipping-taxable","15":"purchasable","16":"product-type-simple"},"yoast_head":"<!-- This site is optimized with the Yoast SEO plugin v27.4 - https:\/\/yoast.com\/product\/yoast-seo-wordpress\/ -->\n<title>Milesight EM300-TH l\u00e4mp\u00f6tila-\/ kosteussensori - Nerviot IoT<\/title>\n<meta name=\"description\" content=\"S\u00e4\u00e4nkest\u00e4v\u00e4 LoRaWAN l\u00e4mp\u00f6tila- ja kosteusmittari.\" \/>\n<meta name=\"robots\" content=\"index, follow, max-snippet:-1, max-image-preview:large, max-video-preview:-1\" \/>\n<link rel=\"canonical\" href=\"https:\/\/www2.nerviot.com\/index.php\/product\/milesight-em300-th\/\" \/>\n<meta property=\"og:locale\" content=\"fi_FI\" \/>\n<meta property=\"og:type\" content=\"article\" \/>\n<meta property=\"og:title\" content=\"Milesight EM300-TH l\u00e4mp\u00f6tila-\/ kosteussensori - Nerviot IoT\" \/>\n<meta property=\"og:description\" content=\"S\u00e4\u00e4nkest\u00e4v\u00e4 LoRaWAN l\u00e4mp\u00f6tila- ja kosteusmittari.\" \/>\n<meta property=\"og:url\" content=\"https:\/\/www2.nerviot.com\/index.php\/product\/milesight-em300-th\/\" \/>\n<meta property=\"og:site_name\" content=\"Nerviot IoT\" \/>\n<meta property=\"article:publisher\" content=\"https:\/\/www.facebook.com\/secorasystems\" \/>\n<meta property=\"article:modified_time\" content=\"2025-04-08T11:32:53+00:00\" \/>\n<meta property=\"og:image\" content=\"https:\/\/www2.nerviot.com\/wp-content\/uploads\/2024\/09\/Milesight-EM300.jpg\" \/>\n\t<meta property=\"og:image:width\" content=\"1215\" \/>\n\t<meta property=\"og:image:height\" content=\"1333\" \/>\n\t<meta property=\"og:image:type\" content=\"image\/jpeg\" \/>\n<meta name=\"twitter:card\" content=\"summary_large_image\" \/>\n<meta name=\"twitter:label1\" content=\"Arvioitu lukuaika\" \/>\n\t<meta name=\"twitter:data1\" content=\"1 minuutti\" \/>\n<script type=\"application\/ld+json\" class=\"yoast-schema-graph\">{\"@context\":\"https:\\\/\\\/schema.org\",\"@graph\":[{\"@type\":\"WebPage\",\"@id\":\"https:\\\/\\\/www2.nerviot.com\\\/index.php\\\/product\\\/milesight-em300-th\\\/\",\"url\":\"https:\\\/\\\/www2.nerviot.com\\\/index.php\\\/product\\\/milesight-em300-th\\\/\",\"name\":\"Milesight EM300-TH l\u00e4mp\u00f6tila-\\\/ kosteussensori - Nerviot IoT\",\"isPartOf\":{\"@id\":\"https:\\\/\\\/www2.nerviot.com\\\/#website\"},\"primaryImageOfPage\":{\"@id\":\"https:\\\/\\\/www2.nerviot.com\\\/index.php\\\/product\\\/milesight-em300-th\\\/#primaryimage\"},\"image\":{\"@id\":\"https:\\\/\\\/www2.nerviot.com\\\/index.php\\\/product\\\/milesight-em300-th\\\/#primaryimage\"},\"thumbnailUrl\":\"https:\\\/\\\/www2.nerviot.com\\\/wp-content\\\/uploads\\\/2024\\\/09\\\/Milesight-EM300.jpg\",\"datePublished\":\"2024-09-19T09:21:49+00:00\",\"dateModified\":\"2025-04-08T11:32:53+00:00\",\"description\":\"S\u00e4\u00e4nkest\u00e4v\u00e4 LoRaWAN l\u00e4mp\u00f6tila- ja kosteusmittari.\",\"breadcrumb\":{\"@id\":\"https:\\\/\\\/www2.nerviot.com\\\/index.php\\\/product\\\/milesight-em300-th\\\/#breadcrumb\"},\"inLanguage\":\"fi\",\"potentialAction\":[{\"@type\":\"ReadAction\",\"target\":[\"https:\\\/\\\/www2.nerviot.com\\\/index.php\\\/product\\\/milesight-em300-th\\\/\"]}]},{\"@type\":\"ImageObject\",\"inLanguage\":\"fi\",\"@id\":\"https:\\\/\\\/www2.nerviot.com\\\/index.php\\\/product\\\/milesight-em300-th\\\/#primaryimage\",\"url\":\"https:\\\/\\\/www2.nerviot.com\\\/wp-content\\\/uploads\\\/2024\\\/09\\\/Milesight-EM300.jpg\",\"contentUrl\":\"https:\\\/\\\/www2.nerviot.com\\\/wp-content\\\/uploads\\\/2024\\\/09\\\/Milesight-EM300.jpg\",\"width\":1215,\"height\":1333},{\"@type\":\"BreadcrumbList\",\"@id\":\"https:\\\/\\\/www2.nerviot.com\\\/index.php\\\/product\\\/milesight-em300-th\\\/#breadcrumb\",\"itemListElement\":[{\"@type\":\"ListItem\",\"position\":1,\"name\":\"Home\",\"item\":\"https:\\\/\\\/www2.nerviot.com\\\/\"},{\"@type\":\"ListItem\",\"position\":2,\"name\":\"Nerviot Verkkokauppa\",\"item\":\"https:\\\/\\\/www2.nerviot.com\\\/?page_id=1352\"},{\"@type\":\"ListItem\",\"position\":3,\"name\":\"Milesight EM300-TH l\u00e4mp\u00f6tila-\\\/ kosteussensori\"}]},{\"@type\":\"WebSite\",\"@id\":\"https:\\\/\\\/www2.nerviot.com\\\/#website\",\"url\":\"https:\\\/\\\/www2.nerviot.com\\\/\",\"name\":\"Nerviot IoT | Condition Monitoring | Olosuhdemittaus | Kylm\u00e4laitteiden seuranta | Alipaine-erojen mittaus\",\"description\":\"nerviot.com remote monitoring\",\"publisher\":{\"@id\":\"https:\\\/\\\/www2.nerviot.com\\\/#organization\"},\"potentialAction\":[{\"@type\":\"SearchAction\",\"target\":{\"@type\":\"EntryPoint\",\"urlTemplate\":\"https:\\\/\\\/www2.nerviot.com\\\/?s={search_term_string}\"},\"query-input\":{\"@type\":\"PropertyValueSpecification\",\"valueRequired\":true,\"valueName\":\"search_term_string\"}}],\"inLanguage\":\"fi\"},{\"@type\":\"Organization\",\"@id\":\"https:\\\/\\\/www2.nerviot.com\\\/#organization\",\"name\":\"Nerviot IoT | Condition Monitoring | Olosuhdemittaus | Kylm\u00e4laitteiden seuranta | Alipaine-erojen mittaus\",\"url\":\"https:\\\/\\\/www2.nerviot.com\\\/\",\"logo\":{\"@type\":\"ImageObject\",\"inLanguage\":\"fi\",\"@id\":\"https:\\\/\\\/www2.nerviot.com\\\/#\\\/schema\\\/logo\\\/image\\\/\",\"url\":\"https:\\\/\\\/www2.nerviot.com\\\/wp-content\\\/uploads\\\/2024\\\/07\\\/Nerviot_logo_400x150px.png\",\"contentUrl\":\"https:\\\/\\\/www2.nerviot.com\\\/wp-content\\\/uploads\\\/2024\\\/07\\\/Nerviot_logo_400x150px.png\",\"width\":400,\"height\":150,\"caption\":\"Nerviot IoT | Condition Monitoring | Olosuhdemittaus | Kylm\u00e4laitteiden seuranta | Alipaine-erojen mittaus\"},\"image\":{\"@id\":\"https:\\\/\\\/www2.nerviot.com\\\/#\\\/schema\\\/logo\\\/image\\\/\"},\"sameAs\":[\"https:\\\/\\\/www.facebook.com\\\/secorasystems\",\"https:\\\/\\\/www.linkedin.com\\\/company\\\/secora-systems\\\/\"]}]}<\/script>\n<!-- \/ Yoast SEO plugin. -->","yoast_head_json":{"title":"Milesight EM300-TH l\u00e4mp\u00f6tila-\/ kosteussensori - Nerviot IoT","description":"S\u00e4\u00e4nkest\u00e4v\u00e4 LoRaWAN l\u00e4mp\u00f6tila- ja kosteusmittari.","robots":{"index":"index","follow":"follow","max-snippet":"max-snippet:-1","max-image-preview":"max-image-preview:large","max-video-preview":"max-video-preview:-1"},"canonical":"https:\/\/www2.nerviot.com\/index.php\/product\/milesight-em300-th\/","og_locale":"fi_FI","og_type":"article","og_title":"Milesight EM300-TH l\u00e4mp\u00f6tila-\/ kosteussensori - Nerviot IoT","og_description":"S\u00e4\u00e4nkest\u00e4v\u00e4 LoRaWAN l\u00e4mp\u00f6tila- ja kosteusmittari.","og_url":"https:\/\/www2.nerviot.com\/index.php\/product\/milesight-em300-th\/","og_site_name":"Nerviot IoT","article_publisher":"https:\/\/www.facebook.com\/secorasystems","article_modified_time":"2025-04-08T11:32:53+00:00","og_image":[{"width":1215,"height":1333,"url":"https:\/\/www2.nerviot.com\/wp-content\/uploads\/2024\/09\/Milesight-EM300.jpg","type":"image\/jpeg"}],"twitter_card":"summary_large_image","twitter_misc":{"Arvioitu lukuaika":"1 minuutti"},"schema":{"@context":"https:\/\/schema.org","@graph":[{"@type":"WebPage","@id":"https:\/\/www2.nerviot.com\/index.php\/product\/milesight-em300-th\/","url":"https:\/\/www2.nerviot.com\/index.php\/product\/milesight-em300-th\/","name":"Milesight EM300-TH l\u00e4mp\u00f6tila-\/ kosteussensori - Nerviot IoT","isPartOf":{"@id":"https:\/\/www2.nerviot.com\/#website"},"primaryImageOfPage":{"@id":"https:\/\/www2.nerviot.com\/index.php\/product\/milesight-em300-th\/#primaryimage"},"image":{"@id":"https:\/\/www2.nerviot.com\/index.php\/product\/milesight-em300-th\/#primaryimage"},"thumbnailUrl":"https:\/\/www2.nerviot.com\/wp-content\/uploads\/2024\/09\/Milesight-EM300.jpg","datePublished":"2024-09-19T09:21:49+00:00","dateModified":"2025-04-08T11:32:53+00:00","description":"S\u00e4\u00e4nkest\u00e4v\u00e4 LoRaWAN l\u00e4mp\u00f6tila- ja kosteusmittari.","breadcrumb":{"@id":"https:\/\/www2.nerviot.com\/index.php\/product\/milesight-em300-th\/#breadcrumb"},"inLanguage":"fi","potentialAction":[{"@type":"ReadAction","target":["https:\/\/www2.nerviot.com\/index.php\/product\/milesight-em300-th\/"]}]},{"@type":"ImageObject","inLanguage":"fi","@id":"https:\/\/www2.nerviot.com\/index.php\/product\/milesight-em300-th\/#primaryimage","url":"https:\/\/www2.nerviot.com\/wp-content\/uploads\/2024\/09\/Milesight-EM300.jpg","contentUrl":"https:\/\/www2.nerviot.com\/wp-content\/uploads\/2024\/09\/Milesight-EM300.jpg","width":1215,"height":1333},{"@type":"BreadcrumbList","@id":"https:\/\/www2.nerviot.com\/index.php\/product\/milesight-em300-th\/#breadcrumb","itemListElement":[{"@type":"ListItem","position":1,"name":"Home","item":"https:\/\/www2.nerviot.com\/"},{"@type":"ListItem","position":2,"name":"Nerviot Verkkokauppa","item":"https:\/\/www2.nerviot.com\/?page_id=1352"},{"@type":"ListItem","position":3,"name":"Milesight EM300-TH l\u00e4mp\u00f6tila-\/ kosteussensori"}]},{"@type":"WebSite","@id":"https:\/\/www2.nerviot.com\/#website","url":"https:\/\/www2.nerviot.com\/","name":"Nerviot IoT | Condition Monitoring | Olosuhdemittaus | Kylm\u00e4laitteiden seuranta | Alipaine-erojen mittaus","description":"nerviot.com remote monitoring","publisher":{"@id":"https:\/\/www2.nerviot.com\/#organization"},"potentialAction":[{"@type":"SearchAction","target":{"@type":"EntryPoint","urlTemplate":"https:\/\/www2.nerviot.com\/?s={search_term_string}"},"query-input":{"@type":"PropertyValueSpecification","valueRequired":true,"valueName":"search_term_string"}}],"inLanguage":"fi"},{"@type":"Organization","@id":"https:\/\/www2.nerviot.com\/#organization","name":"Nerviot IoT | Condition Monitoring | Olosuhdemittaus | Kylm\u00e4laitteiden seuranta | Alipaine-erojen mittaus","url":"https:\/\/www2.nerviot.com\/","logo":{"@type":"ImageObject","inLanguage":"fi","@id":"https:\/\/www2.nerviot.com\/#\/schema\/logo\/image\/","url":"https:\/\/www2.nerviot.com\/wp-content\/uploads\/2024\/07\/Nerviot_logo_400x150px.png","contentUrl":"https:\/\/www2.nerviot.com\/wp-content\/uploads\/2024\/07\/Nerviot_logo_400x150px.png","width":400,"height":150,"caption":"Nerviot IoT | Condition Monitoring | Olosuhdemittaus | Kylm\u00e4laitteiden seuranta | Alipaine-erojen mittaus"},"image":{"@id":"https:\/\/www2.nerviot.com\/#\/schema\/logo\/image\/"},"sameAs":["https:\/\/www.facebook.com\/secorasystems","https:\/\/www.linkedin.com\/company\/secora-systems\/"]}]}},"_links":{"self":[{"href":"https:\/\/www2.nerviot.com\/index.php\/wp-json\/wp\/v2\/product\/1512","targetHints":{"allow":["GET"]}}],"collection":[{"href":"https:\/\/www2.nerviot.com\/index.php\/wp-json\/wp\/v2\/product"}],"about":[{"href":"https:\/\/www2.nerviot.com\/index.php\/wp-json\/wp\/v2\/types\/product"}],"replies":[{"embeddable":true,"href":"https:\/\/www2.nerviot.com\/index.php\/wp-json\/wp\/v2\/comments?post=1512"}],"wp:featuredmedia":[{"embeddable":true,"href":"https:\/\/www2.nerviot.com\/index.php\/wp-json\/wp\/v2\/media\/1750"}],"wp:attachment":[{"href":"https:\/\/www2.nerviot.com\/index.php\/wp-json\/wp\/v2\/media?parent=1512"}],"wp:term":[{"taxonomy":"product_brand","embeddable":true,"href":"https:\/\/www2.nerviot.com\/index.php\/wp-json\/wp\/v2\/product_brand?post=1512"},{"taxonomy":"product_cat","embeddable":true,"href":"https:\/\/www2.nerviot.com\/index.php\/wp-json\/wp\/v2\/product_cat?post=1512"},{"taxonomy":"product_tag","embeddable":true,"href":"https:\/\/www2.nerviot.com\/index.php\/wp-json\/wp\/v2\/product_tag?post=1512"}],"curies":[{"name":"wp","href":"https:\/\/api.w.org\/{rel}","templated":true}]}}