{"id":1519,"date":"2024-09-19T12:30:16","date_gmt":"2024-09-19T09:30:16","guid":{"rendered":"https:\/\/www2.nerviot.com\/?post_type=product&#038;p=1519"},"modified":"2025-03-18T10:12:20","modified_gmt":"2025-03-18T08:12:20","slug":"milesight-ws301-magneettikytkin","status":"publish","type":"product","link":"https:\/\/www2.nerviot.com\/index.php\/product\/milesight-ws301-magneettikytkin\/","title":{"rendered":"Milesight WS301 -magneettikytkin"},"content":{"rendered":"<p>T\u00e4m\u00e4 pienikokoinen ja helposti asennettava laite parantaa turvallisuutta sek\u00e4 kodeissa ett\u00e4 toimistoissa. Kytkin k\u00e4ytt\u00e4\u00e4 LoRaWAN\u00ae-teknologiaa, mik\u00e4 mahdollistaa pitk\u00e4n kantaman tiedonsiirron jopa 15 km saakka, ja sen sis\u00e4\u00e4nrakennettu 1200 mAh paristo kest\u00e4\u00e4 jopa 5 vuotta ilman vaihtoa. WS301 asennus onnistuu helposti joko ruuveilla tai kaksipuolisella teipill\u00e4.<\/p>\n<p>Ominaisuudet:<\/p>\n<ul>\n<li>Toimintav\u00e4li: 10 &#8211; 15 mm<\/li>\n<li>Paristo: 1200 mAh ER14250 Li-SOCl2<\/li>\n<li>Pariston kesto: 4 &#8211; 7 vuotta<\/li>\n<li>K\u00e4ytt\u00f6l\u00e4mp\u00f6tila-alue: -20\u00b0 &#8211; +60\u00b0C<\/li>\n<li>Suojausluokitus: IP30<\/li>\n<li>Mitat (sensori\/magneetti): 50 x 30 x 17 mm\/30 x 17 x 8 mm<\/li>\n<\/ul>\n","protected":false},"excerpt":{"rendered":"<p>Milesight WS301 on langaton magneettikytkin, joka on suunniteltu valvomaan ovien ja ikkunoiden avautumista ja sulkeutumista.<\/p>\n","protected":false},"featured_media":1746,"comment_status":"closed","ping_status":"closed","template":"","meta":[],"product_brand":[],"product_cat":[47],"product_tag":[],"class_list":{"0":"post-1519","1":"product","2":"type-product","3":"status-publish","4":"has-post-thumbnail","6":"product_cat-tekninen-kunnossapito","8":"first","9":"instock","10":"taxable","11":"shipping-taxable","12":"purchasable","13":"product-type-simple"},"yoast_head":"<!-- This site is optimized with the Yoast SEO plugin v27.4 - https:\/\/yoast.com\/product\/yoast-seo-wordpress\/ -->\n<title>Milesight WS301 -magneettikytkin - Nerviot IoT<\/title>\n<meta name=\"description\" content=\"Milesight WS301 on langaton magneettikytkin, joka on suunniteltu valvomaan ovien ja ikkunoiden avautumista ja sulkeutumista.\" \/>\n<meta name=\"robots\" content=\"index, follow, max-snippet:-1, max-image-preview:large, max-video-preview:-1\" \/>\n<link rel=\"canonical\" href=\"https:\/\/www2.nerviot.com\/index.php\/product\/milesight-ws301-magneettikytkin\/\" \/>\n<meta property=\"og:locale\" content=\"fi_FI\" \/>\n<meta property=\"og:type\" content=\"article\" \/>\n<meta property=\"og:title\" content=\"Milesight WS301 -magneettikytkin - Nerviot IoT\" \/>\n<meta property=\"og:description\" content=\"Milesight WS301 on langaton magneettikytkin, joka on suunniteltu valvomaan ovien ja ikkunoiden avautumista ja sulkeutumista.\" \/>\n<meta property=\"og:url\" content=\"https:\/\/www2.nerviot.com\/index.php\/product\/milesight-ws301-magneettikytkin\/\" \/>\n<meta property=\"og:site_name\" content=\"Nerviot IoT\" \/>\n<meta property=\"article:publisher\" content=\"https:\/\/www.facebook.com\/secorasystems\" \/>\n<meta property=\"article:modified_time\" content=\"2025-03-18T08:12:20+00:00\" \/>\n<meta property=\"og:image\" content=\"https:\/\/www2.nerviot.com\/wp-content\/uploads\/2024\/09\/Milesight.jpg\" \/>\n\t<meta property=\"og:image:width\" content=\"610\" \/>\n\t<meta property=\"og:image:height\" content=\"747\" \/>\n\t<meta property=\"og:image:type\" content=\"image\/jpeg\" \/>\n<meta name=\"twitter:card\" content=\"summary_large_image\" \/>\n<meta name=\"twitter:label1\" content=\"Arvioitu lukuaika\" \/>\n\t<meta name=\"twitter:data1\" content=\"1 minuutti\" \/>\n<script type=\"application\/ld+json\" class=\"yoast-schema-graph\">{\"@context\":\"https:\\\/\\\/schema.org\",\"@graph\":[{\"@type\":\"WebPage\",\"@id\":\"https:\\\/\\\/www2.nerviot.com\\\/index.php\\\/product\\\/milesight-ws301-magneettikytkin\\\/\",\"url\":\"https:\\\/\\\/www2.nerviot.com\\\/index.php\\\/product\\\/milesight-ws301-magneettikytkin\\\/\",\"name\":\"Milesight WS301 -magneettikytkin - Nerviot IoT\",\"isPartOf\":{\"@id\":\"https:\\\/\\\/www2.nerviot.com\\\/#website\"},\"primaryImageOfPage\":{\"@id\":\"https:\\\/\\\/www2.nerviot.com\\\/index.php\\\/product\\\/milesight-ws301-magneettikytkin\\\/#primaryimage\"},\"image\":{\"@id\":\"https:\\\/\\\/www2.nerviot.com\\\/index.php\\\/product\\\/milesight-ws301-magneettikytkin\\\/#primaryimage\"},\"thumbnailUrl\":\"https:\\\/\\\/www2.nerviot.com\\\/wp-content\\\/uploads\\\/2024\\\/09\\\/Milesight.jpg\",\"datePublished\":\"2024-09-19T09:30:16+00:00\",\"dateModified\":\"2025-03-18T08:12:20+00:00\",\"description\":\"Milesight WS301 on langaton magneettikytkin, joka on suunniteltu valvomaan ovien ja ikkunoiden avautumista ja sulkeutumista.\",\"breadcrumb\":{\"@id\":\"https:\\\/\\\/www2.nerviot.com\\\/index.php\\\/product\\\/milesight-ws301-magneettikytkin\\\/#breadcrumb\"},\"inLanguage\":\"fi\",\"potentialAction\":[{\"@type\":\"ReadAction\",\"target\":[\"https:\\\/\\\/www2.nerviot.com\\\/index.php\\\/product\\\/milesight-ws301-magneettikytkin\\\/\"]}]},{\"@type\":\"ImageObject\",\"inLanguage\":\"fi\",\"@id\":\"https:\\\/\\\/www2.nerviot.com\\\/index.php\\\/product\\\/milesight-ws301-magneettikytkin\\\/#primaryimage\",\"url\":\"https:\\\/\\\/www2.nerviot.com\\\/wp-content\\\/uploads\\\/2024\\\/09\\\/Milesight.jpg\",\"contentUrl\":\"https:\\\/\\\/www2.nerviot.com\\\/wp-content\\\/uploads\\\/2024\\\/09\\\/Milesight.jpg\",\"width\":610,\"height\":747},{\"@type\":\"BreadcrumbList\",\"@id\":\"https:\\\/\\\/www2.nerviot.com\\\/index.php\\\/product\\\/milesight-ws301-magneettikytkin\\\/#breadcrumb\",\"itemListElement\":[{\"@type\":\"ListItem\",\"position\":1,\"name\":\"Home\",\"item\":\"https:\\\/\\\/www2.nerviot.com\\\/\"},{\"@type\":\"ListItem\",\"position\":2,\"name\":\"Nerviot Verkkokauppa\",\"item\":\"https:\\\/\\\/www2.nerviot.com\\\/?page_id=1352\"},{\"@type\":\"ListItem\",\"position\":3,\"name\":\"Milesight WS301 -magneettikytkin\"}]},{\"@type\":\"WebSite\",\"@id\":\"https:\\\/\\\/www2.nerviot.com\\\/#website\",\"url\":\"https:\\\/\\\/www2.nerviot.com\\\/\",\"name\":\"Nerviot IoT | Condition Monitoring | Olosuhdemittaus | Kylm\u00e4laitteiden seuranta | Alipaine-erojen mittaus\",\"description\":\"nerviot.com remote monitoring\",\"publisher\":{\"@id\":\"https:\\\/\\\/www2.nerviot.com\\\/#organization\"},\"potentialAction\":[{\"@type\":\"SearchAction\",\"target\":{\"@type\":\"EntryPoint\",\"urlTemplate\":\"https:\\\/\\\/www2.nerviot.com\\\/?s={search_term_string}\"},\"query-input\":{\"@type\":\"PropertyValueSpecification\",\"valueRequired\":true,\"valueName\":\"search_term_string\"}}],\"inLanguage\":\"fi\"},{\"@type\":\"Organization\",\"@id\":\"https:\\\/\\\/www2.nerviot.com\\\/#organization\",\"name\":\"Nerviot IoT | Condition Monitoring | Olosuhdemittaus | Kylm\u00e4laitteiden seuranta | Alipaine-erojen mittaus\",\"url\":\"https:\\\/\\\/www2.nerviot.com\\\/\",\"logo\":{\"@type\":\"ImageObject\",\"inLanguage\":\"fi\",\"@id\":\"https:\\\/\\\/www2.nerviot.com\\\/#\\\/schema\\\/logo\\\/image\\\/\",\"url\":\"https:\\\/\\\/www2.nerviot.com\\\/wp-content\\\/uploads\\\/2024\\\/07\\\/Nerviot_logo_400x150px.png\",\"contentUrl\":\"https:\\\/\\\/www2.nerviot.com\\\/wp-content\\\/uploads\\\/2024\\\/07\\\/Nerviot_logo_400x150px.png\",\"width\":400,\"height\":150,\"caption\":\"Nerviot IoT | Condition Monitoring | Olosuhdemittaus | Kylm\u00e4laitteiden seuranta | Alipaine-erojen mittaus\"},\"image\":{\"@id\":\"https:\\\/\\\/www2.nerviot.com\\\/#\\\/schema\\\/logo\\\/image\\\/\"},\"sameAs\":[\"https:\\\/\\\/www.facebook.com\\\/secorasystems\",\"https:\\\/\\\/www.linkedin.com\\\/company\\\/secora-systems\\\/\"]}]}<\/script>\n<!-- \/ Yoast SEO plugin. -->","yoast_head_json":{"title":"Milesight WS301 -magneettikytkin - Nerviot IoT","description":"Milesight WS301 on langaton magneettikytkin, joka on suunniteltu valvomaan ovien ja ikkunoiden avautumista ja sulkeutumista.","robots":{"index":"index","follow":"follow","max-snippet":"max-snippet:-1","max-image-preview":"max-image-preview:large","max-video-preview":"max-video-preview:-1"},"canonical":"https:\/\/www2.nerviot.com\/index.php\/product\/milesight-ws301-magneettikytkin\/","og_locale":"fi_FI","og_type":"article","og_title":"Milesight WS301 -magneettikytkin - Nerviot IoT","og_description":"Milesight WS301 on langaton magneettikytkin, joka on suunniteltu valvomaan ovien ja ikkunoiden avautumista ja sulkeutumista.","og_url":"https:\/\/www2.nerviot.com\/index.php\/product\/milesight-ws301-magneettikytkin\/","og_site_name":"Nerviot IoT","article_publisher":"https:\/\/www.facebook.com\/secorasystems","article_modified_time":"2025-03-18T08:12:20+00:00","og_image":[{"width":610,"height":747,"url":"https:\/\/www2.nerviot.com\/wp-content\/uploads\/2024\/09\/Milesight.jpg","type":"image\/jpeg"}],"twitter_card":"summary_large_image","twitter_misc":{"Arvioitu lukuaika":"1 minuutti"},"schema":{"@context":"https:\/\/schema.org","@graph":[{"@type":"WebPage","@id":"https:\/\/www2.nerviot.com\/index.php\/product\/milesight-ws301-magneettikytkin\/","url":"https:\/\/www2.nerviot.com\/index.php\/product\/milesight-ws301-magneettikytkin\/","name":"Milesight WS301 -magneettikytkin - Nerviot IoT","isPartOf":{"@id":"https:\/\/www2.nerviot.com\/#website"},"primaryImageOfPage":{"@id":"https:\/\/www2.nerviot.com\/index.php\/product\/milesight-ws301-magneettikytkin\/#primaryimage"},"image":{"@id":"https:\/\/www2.nerviot.com\/index.php\/product\/milesight-ws301-magneettikytkin\/#primaryimage"},"thumbnailUrl":"https:\/\/www2.nerviot.com\/wp-content\/uploads\/2024\/09\/Milesight.jpg","datePublished":"2024-09-19T09:30:16+00:00","dateModified":"2025-03-18T08:12:20+00:00","description":"Milesight WS301 on langaton magneettikytkin, joka on suunniteltu valvomaan ovien ja ikkunoiden avautumista ja sulkeutumista.","breadcrumb":{"@id":"https:\/\/www2.nerviot.com\/index.php\/product\/milesight-ws301-magneettikytkin\/#breadcrumb"},"inLanguage":"fi","potentialAction":[{"@type":"ReadAction","target":["https:\/\/www2.nerviot.com\/index.php\/product\/milesight-ws301-magneettikytkin\/"]}]},{"@type":"ImageObject","inLanguage":"fi","@id":"https:\/\/www2.nerviot.com\/index.php\/product\/milesight-ws301-magneettikytkin\/#primaryimage","url":"https:\/\/www2.nerviot.com\/wp-content\/uploads\/2024\/09\/Milesight.jpg","contentUrl":"https:\/\/www2.nerviot.com\/wp-content\/uploads\/2024\/09\/Milesight.jpg","width":610,"height":747},{"@type":"BreadcrumbList","@id":"https:\/\/www2.nerviot.com\/index.php\/product\/milesight-ws301-magneettikytkin\/#breadcrumb","itemListElement":[{"@type":"ListItem","position":1,"name":"Home","item":"https:\/\/www2.nerviot.com\/"},{"@type":"ListItem","position":2,"name":"Nerviot Verkkokauppa","item":"https:\/\/www2.nerviot.com\/?page_id=1352"},{"@type":"ListItem","position":3,"name":"Milesight WS301 -magneettikytkin"}]},{"@type":"WebSite","@id":"https:\/\/www2.nerviot.com\/#website","url":"https:\/\/www2.nerviot.com\/","name":"Nerviot IoT | Condition Monitoring | Olosuhdemittaus | Kylm\u00e4laitteiden seuranta | Alipaine-erojen mittaus","description":"nerviot.com remote monitoring","publisher":{"@id":"https:\/\/www2.nerviot.com\/#organization"},"potentialAction":[{"@type":"SearchAction","target":{"@type":"EntryPoint","urlTemplate":"https:\/\/www2.nerviot.com\/?s={search_term_string}"},"query-input":{"@type":"PropertyValueSpecification","valueRequired":true,"valueName":"search_term_string"}}],"inLanguage":"fi"},{"@type":"Organization","@id":"https:\/\/www2.nerviot.com\/#organization","name":"Nerviot IoT | Condition Monitoring | Olosuhdemittaus | Kylm\u00e4laitteiden seuranta | Alipaine-erojen mittaus","url":"https:\/\/www2.nerviot.com\/","logo":{"@type":"ImageObject","inLanguage":"fi","@id":"https:\/\/www2.nerviot.com\/#\/schema\/logo\/image\/","url":"https:\/\/www2.nerviot.com\/wp-content\/uploads\/2024\/07\/Nerviot_logo_400x150px.png","contentUrl":"https:\/\/www2.nerviot.com\/wp-content\/uploads\/2024\/07\/Nerviot_logo_400x150px.png","width":400,"height":150,"caption":"Nerviot IoT | Condition Monitoring | Olosuhdemittaus | Kylm\u00e4laitteiden seuranta | Alipaine-erojen mittaus"},"image":{"@id":"https:\/\/www2.nerviot.com\/#\/schema\/logo\/image\/"},"sameAs":["https:\/\/www.facebook.com\/secorasystems","https:\/\/www.linkedin.com\/company\/secora-systems\/"]}]}},"_links":{"self":[{"href":"https:\/\/www2.nerviot.com\/index.php\/wp-json\/wp\/v2\/product\/1519","targetHints":{"allow":["GET"]}}],"collection":[{"href":"https:\/\/www2.nerviot.com\/index.php\/wp-json\/wp\/v2\/product"}],"about":[{"href":"https:\/\/www2.nerviot.com\/index.php\/wp-json\/wp\/v2\/types\/product"}],"replies":[{"embeddable":true,"href":"https:\/\/www2.nerviot.com\/index.php\/wp-json\/wp\/v2\/comments?post=1519"}],"wp:featuredmedia":[{"embeddable":true,"href":"https:\/\/www2.nerviot.com\/index.php\/wp-json\/wp\/v2\/media\/1746"}],"wp:attachment":[{"href":"https:\/\/www2.nerviot.com\/index.php\/wp-json\/wp\/v2\/media?parent=1519"}],"wp:term":[{"taxonomy":"product_brand","embeddable":true,"href":"https:\/\/www2.nerviot.com\/index.php\/wp-json\/wp\/v2\/product_brand?post=1519"},{"taxonomy":"product_cat","embeddable":true,"href":"https:\/\/www2.nerviot.com\/index.php\/wp-json\/wp\/v2\/product_cat?post=1519"},{"taxonomy":"product_tag","embeddable":true,"href":"https:\/\/www2.nerviot.com\/index.php\/wp-json\/wp\/v2\/product_tag?post=1519"}],"curies":[{"name":"wp","href":"https:\/\/api.w.org\/{rel}","templated":true}]}}