{"id":1521,"date":"2024-09-19T12:32:24","date_gmt":"2024-09-19T09:32:24","guid":{"rendered":"https:\/\/www2.nerviot.com\/?post_type=product&#038;p=1521"},"modified":"2025-04-08T14:32:33","modified_gmt":"2025-04-08T11:32:33","slug":"milesight-em300-di-pulssilaskuri","status":"publish","type":"product","link":"https:\/\/www2.nerviot.com\/index.php\/product\/milesight-em300-di-pulssilaskuri\/","title":{"rendered":"Milesight EM300-DI pulssilaskuri"},"content":{"rendered":"<p>Ominaisuudet:<\/p>\n<ul>\n<li>Digitaalinen pulssilaskuri<\/li>\n<li>2200 mittaustiedon muisti, tukee tietojen uudelleenl\u00e4hetyst\u00e4<\/li>\n<li>Kaapelin pituus 1 m<\/li>\n<li>L\u00e4mp\u00f6tilan mittausalue: -30\u00b0 &#8211; +70\u00b0C (erottelukyky 0,1\u00b0C)<\/li>\n<li>Kosteusmittausalue: 0 &#8211; 100 % RH (0,5 % RH)<\/li>\n<li>Paristo: 4000 mAh ER18505 Li-SOCl2 (toisen pariston paikka vapaana)<\/li>\n<li>Pariston kesto: 5 vuotta 10 min. intervallilla<\/li>\n<li>K\u00e4ytt\u00f6l\u00e4mp\u00f6tila-alue: -30\u00b0 &#8211; +70\u00b0C<\/li>\n<li>Suojausluokitus: IP67<\/li>\n<li>Mitat: 105,6 \u00d7 85,2 \u00d7 27 mm<\/li>\n<\/ul>\n","protected":false},"excerpt":{"rendered":"<p>S\u00e4\u00e4nkest\u00e4v\u00e4 pulssilaskuri, joka soveltuu vesimittarin tai jonkin muun laitteen pulssilaskentaan. Laite mittaa my\u00f6s l\u00e4mp\u00f6tilan ja kosteuden.<\/p>\n","protected":false},"featured_media":1744,"comment_status":"closed","ping_status":"closed","template":"","meta":[],"product_brand":[],"product_cat":[49,47],"product_tag":[],"class_list":{"0":"post-1521","1":"product","2":"type-product","3":"status-publish","4":"has-post-thumbnail","6":"product_cat-maatalous","7":"product_cat-tekninen-kunnossapito","9":"first","10":"instock","11":"taxable","12":"shipping-taxable","13":"purchasable","14":"product-type-simple"},"yoast_head":"<!-- This site is optimized with the Yoast SEO plugin v27.4 - https:\/\/yoast.com\/product\/yoast-seo-wordpress\/ -->\n<title>Milesight EM300-DI pulssilaskuri - Nerviot IoT<\/title>\n<meta name=\"description\" content=\"S\u00e4\u00e4nkest\u00e4v\u00e4 pulssilaskuri, joka soveltuu vesimittarin tai jonkin muun laitteen pulssilaskentaan.\" \/>\n<meta name=\"robots\" content=\"index, follow, max-snippet:-1, max-image-preview:large, max-video-preview:-1\" \/>\n<link rel=\"canonical\" href=\"https:\/\/www2.nerviot.com\/index.php\/product\/milesight-em300-di-pulssilaskuri\/\" \/>\n<meta property=\"og:locale\" content=\"fi_FI\" \/>\n<meta property=\"og:type\" content=\"article\" \/>\n<meta property=\"og:title\" content=\"Milesight EM300-DI pulssilaskuri - Nerviot IoT\" \/>\n<meta property=\"og:description\" content=\"S\u00e4\u00e4nkest\u00e4v\u00e4 pulssilaskuri, joka soveltuu vesimittarin tai jonkin muun laitteen pulssilaskentaan.\" \/>\n<meta property=\"og:url\" content=\"https:\/\/www2.nerviot.com\/index.php\/product\/milesight-em300-di-pulssilaskuri\/\" \/>\n<meta property=\"og:site_name\" content=\"Nerviot IoT\" \/>\n<meta property=\"article:publisher\" content=\"https:\/\/www.facebook.com\/secorasystems\" \/>\n<meta property=\"article:modified_time\" content=\"2025-04-08T11:32:33+00:00\" \/>\n<meta property=\"og:image\" content=\"https:\/\/www2.nerviot.com\/wp-content\/uploads\/2024\/09\/EM300-DI_kk.png\" \/>\n\t<meta property=\"og:image:width\" content=\"500\" \/>\n\t<meta property=\"og:image:height\" content=\"500\" \/>\n\t<meta property=\"og:image:type\" content=\"image\/png\" \/>\n<meta name=\"twitter:card\" content=\"summary_large_image\" \/>\n<meta name=\"twitter:label1\" content=\"Arvioitu lukuaika\" \/>\n\t<meta name=\"twitter:data1\" content=\"1 minuutti\" \/>\n<script type=\"application\/ld+json\" class=\"yoast-schema-graph\">{\"@context\":\"https:\\\/\\\/schema.org\",\"@graph\":[{\"@type\":\"WebPage\",\"@id\":\"https:\\\/\\\/www2.nerviot.com\\\/index.php\\\/product\\\/milesight-em300-di-pulssilaskuri\\\/\",\"url\":\"https:\\\/\\\/www2.nerviot.com\\\/index.php\\\/product\\\/milesight-em300-di-pulssilaskuri\\\/\",\"name\":\"Milesight EM300-DI pulssilaskuri - Nerviot IoT\",\"isPartOf\":{\"@id\":\"https:\\\/\\\/www2.nerviot.com\\\/#website\"},\"primaryImageOfPage\":{\"@id\":\"https:\\\/\\\/www2.nerviot.com\\\/index.php\\\/product\\\/milesight-em300-di-pulssilaskuri\\\/#primaryimage\"},\"image\":{\"@id\":\"https:\\\/\\\/www2.nerviot.com\\\/index.php\\\/product\\\/milesight-em300-di-pulssilaskuri\\\/#primaryimage\"},\"thumbnailUrl\":\"https:\\\/\\\/www2.nerviot.com\\\/wp-content\\\/uploads\\\/2024\\\/09\\\/EM300-DI_kk.png\",\"datePublished\":\"2024-09-19T09:32:24+00:00\",\"dateModified\":\"2025-04-08T11:32:33+00:00\",\"description\":\"S\u00e4\u00e4nkest\u00e4v\u00e4 pulssilaskuri, joka soveltuu vesimittarin tai jonkin muun laitteen pulssilaskentaan.\",\"breadcrumb\":{\"@id\":\"https:\\\/\\\/www2.nerviot.com\\\/index.php\\\/product\\\/milesight-em300-di-pulssilaskuri\\\/#breadcrumb\"},\"inLanguage\":\"fi\",\"potentialAction\":[{\"@type\":\"ReadAction\",\"target\":[\"https:\\\/\\\/www2.nerviot.com\\\/index.php\\\/product\\\/milesight-em300-di-pulssilaskuri\\\/\"]}]},{\"@type\":\"ImageObject\",\"inLanguage\":\"fi\",\"@id\":\"https:\\\/\\\/www2.nerviot.com\\\/index.php\\\/product\\\/milesight-em300-di-pulssilaskuri\\\/#primaryimage\",\"url\":\"https:\\\/\\\/www2.nerviot.com\\\/wp-content\\\/uploads\\\/2024\\\/09\\\/EM300-DI_kk.png\",\"contentUrl\":\"https:\\\/\\\/www2.nerviot.com\\\/wp-content\\\/uploads\\\/2024\\\/09\\\/EM300-DI_kk.png\",\"width\":500,\"height\":500},{\"@type\":\"BreadcrumbList\",\"@id\":\"https:\\\/\\\/www2.nerviot.com\\\/index.php\\\/product\\\/milesight-em300-di-pulssilaskuri\\\/#breadcrumb\",\"itemListElement\":[{\"@type\":\"ListItem\",\"position\":1,\"name\":\"Home\",\"item\":\"https:\\\/\\\/www2.nerviot.com\\\/\"},{\"@type\":\"ListItem\",\"position\":2,\"name\":\"Nerviot Verkkokauppa\",\"item\":\"https:\\\/\\\/www2.nerviot.com\\\/?page_id=1352\"},{\"@type\":\"ListItem\",\"position\":3,\"name\":\"Milesight EM300-DI pulssilaskuri\"}]},{\"@type\":\"WebSite\",\"@id\":\"https:\\\/\\\/www2.nerviot.com\\\/#website\",\"url\":\"https:\\\/\\\/www2.nerviot.com\\\/\",\"name\":\"Nerviot IoT | Condition Monitoring | Olosuhdemittaus | Kylm\u00e4laitteiden seuranta | Alipaine-erojen mittaus\",\"description\":\"nerviot.com remote monitoring\",\"publisher\":{\"@id\":\"https:\\\/\\\/www2.nerviot.com\\\/#organization\"},\"potentialAction\":[{\"@type\":\"SearchAction\",\"target\":{\"@type\":\"EntryPoint\",\"urlTemplate\":\"https:\\\/\\\/www2.nerviot.com\\\/?s={search_term_string}\"},\"query-input\":{\"@type\":\"PropertyValueSpecification\",\"valueRequired\":true,\"valueName\":\"search_term_string\"}}],\"inLanguage\":\"fi\"},{\"@type\":\"Organization\",\"@id\":\"https:\\\/\\\/www2.nerviot.com\\\/#organization\",\"name\":\"Nerviot IoT | Condition Monitoring | Olosuhdemittaus | Kylm\u00e4laitteiden seuranta | Alipaine-erojen mittaus\",\"url\":\"https:\\\/\\\/www2.nerviot.com\\\/\",\"logo\":{\"@type\":\"ImageObject\",\"inLanguage\":\"fi\",\"@id\":\"https:\\\/\\\/www2.nerviot.com\\\/#\\\/schema\\\/logo\\\/image\\\/\",\"url\":\"https:\\\/\\\/www2.nerviot.com\\\/wp-content\\\/uploads\\\/2024\\\/07\\\/Nerviot_logo_400x150px.png\",\"contentUrl\":\"https:\\\/\\\/www2.nerviot.com\\\/wp-content\\\/uploads\\\/2024\\\/07\\\/Nerviot_logo_400x150px.png\",\"width\":400,\"height\":150,\"caption\":\"Nerviot IoT | Condition Monitoring | Olosuhdemittaus | Kylm\u00e4laitteiden seuranta | Alipaine-erojen mittaus\"},\"image\":{\"@id\":\"https:\\\/\\\/www2.nerviot.com\\\/#\\\/schema\\\/logo\\\/image\\\/\"},\"sameAs\":[\"https:\\\/\\\/www.facebook.com\\\/secorasystems\",\"https:\\\/\\\/www.linkedin.com\\\/company\\\/secora-systems\\\/\"]}]}<\/script>\n<!-- \/ Yoast SEO plugin. -->","yoast_head_json":{"title":"Milesight EM300-DI pulssilaskuri - Nerviot IoT","description":"S\u00e4\u00e4nkest\u00e4v\u00e4 pulssilaskuri, joka soveltuu vesimittarin tai jonkin muun laitteen pulssilaskentaan.","robots":{"index":"index","follow":"follow","max-snippet":"max-snippet:-1","max-image-preview":"max-image-preview:large","max-video-preview":"max-video-preview:-1"},"canonical":"https:\/\/www2.nerviot.com\/index.php\/product\/milesight-em300-di-pulssilaskuri\/","og_locale":"fi_FI","og_type":"article","og_title":"Milesight EM300-DI pulssilaskuri - Nerviot IoT","og_description":"S\u00e4\u00e4nkest\u00e4v\u00e4 pulssilaskuri, joka soveltuu vesimittarin tai jonkin muun laitteen pulssilaskentaan.","og_url":"https:\/\/www2.nerviot.com\/index.php\/product\/milesight-em300-di-pulssilaskuri\/","og_site_name":"Nerviot IoT","article_publisher":"https:\/\/www.facebook.com\/secorasystems","article_modified_time":"2025-04-08T11:32:33+00:00","og_image":[{"width":500,"height":500,"url":"https:\/\/www2.nerviot.com\/wp-content\/uploads\/2024\/09\/EM300-DI_kk.png","type":"image\/png"}],"twitter_card":"summary_large_image","twitter_misc":{"Arvioitu lukuaika":"1 minuutti"},"schema":{"@context":"https:\/\/schema.org","@graph":[{"@type":"WebPage","@id":"https:\/\/www2.nerviot.com\/index.php\/product\/milesight-em300-di-pulssilaskuri\/","url":"https:\/\/www2.nerviot.com\/index.php\/product\/milesight-em300-di-pulssilaskuri\/","name":"Milesight EM300-DI pulssilaskuri - Nerviot IoT","isPartOf":{"@id":"https:\/\/www2.nerviot.com\/#website"},"primaryImageOfPage":{"@id":"https:\/\/www2.nerviot.com\/index.php\/product\/milesight-em300-di-pulssilaskuri\/#primaryimage"},"image":{"@id":"https:\/\/www2.nerviot.com\/index.php\/product\/milesight-em300-di-pulssilaskuri\/#primaryimage"},"thumbnailUrl":"https:\/\/www2.nerviot.com\/wp-content\/uploads\/2024\/09\/EM300-DI_kk.png","datePublished":"2024-09-19T09:32:24+00:00","dateModified":"2025-04-08T11:32:33+00:00","description":"S\u00e4\u00e4nkest\u00e4v\u00e4 pulssilaskuri, joka soveltuu vesimittarin tai jonkin muun laitteen pulssilaskentaan.","breadcrumb":{"@id":"https:\/\/www2.nerviot.com\/index.php\/product\/milesight-em300-di-pulssilaskuri\/#breadcrumb"},"inLanguage":"fi","potentialAction":[{"@type":"ReadAction","target":["https:\/\/www2.nerviot.com\/index.php\/product\/milesight-em300-di-pulssilaskuri\/"]}]},{"@type":"ImageObject","inLanguage":"fi","@id":"https:\/\/www2.nerviot.com\/index.php\/product\/milesight-em300-di-pulssilaskuri\/#primaryimage","url":"https:\/\/www2.nerviot.com\/wp-content\/uploads\/2024\/09\/EM300-DI_kk.png","contentUrl":"https:\/\/www2.nerviot.com\/wp-content\/uploads\/2024\/09\/EM300-DI_kk.png","width":500,"height":500},{"@type":"BreadcrumbList","@id":"https:\/\/www2.nerviot.com\/index.php\/product\/milesight-em300-di-pulssilaskuri\/#breadcrumb","itemListElement":[{"@type":"ListItem","position":1,"name":"Home","item":"https:\/\/www2.nerviot.com\/"},{"@type":"ListItem","position":2,"name":"Nerviot Verkkokauppa","item":"https:\/\/www2.nerviot.com\/?page_id=1352"},{"@type":"ListItem","position":3,"name":"Milesight EM300-DI pulssilaskuri"}]},{"@type":"WebSite","@id":"https:\/\/www2.nerviot.com\/#website","url":"https:\/\/www2.nerviot.com\/","name":"Nerviot IoT | Condition Monitoring | Olosuhdemittaus | Kylm\u00e4laitteiden seuranta | Alipaine-erojen mittaus","description":"nerviot.com remote monitoring","publisher":{"@id":"https:\/\/www2.nerviot.com\/#organization"},"potentialAction":[{"@type":"SearchAction","target":{"@type":"EntryPoint","urlTemplate":"https:\/\/www2.nerviot.com\/?s={search_term_string}"},"query-input":{"@type":"PropertyValueSpecification","valueRequired":true,"valueName":"search_term_string"}}],"inLanguage":"fi"},{"@type":"Organization","@id":"https:\/\/www2.nerviot.com\/#organization","name":"Nerviot IoT | Condition Monitoring | Olosuhdemittaus | Kylm\u00e4laitteiden seuranta | Alipaine-erojen mittaus","url":"https:\/\/www2.nerviot.com\/","logo":{"@type":"ImageObject","inLanguage":"fi","@id":"https:\/\/www2.nerviot.com\/#\/schema\/logo\/image\/","url":"https:\/\/www2.nerviot.com\/wp-content\/uploads\/2024\/07\/Nerviot_logo_400x150px.png","contentUrl":"https:\/\/www2.nerviot.com\/wp-content\/uploads\/2024\/07\/Nerviot_logo_400x150px.png","width":400,"height":150,"caption":"Nerviot IoT | Condition Monitoring | Olosuhdemittaus | Kylm\u00e4laitteiden seuranta | Alipaine-erojen mittaus"},"image":{"@id":"https:\/\/www2.nerviot.com\/#\/schema\/logo\/image\/"},"sameAs":["https:\/\/www.facebook.com\/secorasystems","https:\/\/www.linkedin.com\/company\/secora-systems\/"]}]}},"_links":{"self":[{"href":"https:\/\/www2.nerviot.com\/index.php\/wp-json\/wp\/v2\/product\/1521","targetHints":{"allow":["GET"]}}],"collection":[{"href":"https:\/\/www2.nerviot.com\/index.php\/wp-json\/wp\/v2\/product"}],"about":[{"href":"https:\/\/www2.nerviot.com\/index.php\/wp-json\/wp\/v2\/types\/product"}],"replies":[{"embeddable":true,"href":"https:\/\/www2.nerviot.com\/index.php\/wp-json\/wp\/v2\/comments?post=1521"}],"wp:featuredmedia":[{"embeddable":true,"href":"https:\/\/www2.nerviot.com\/index.php\/wp-json\/wp\/v2\/media\/1744"}],"wp:attachment":[{"href":"https:\/\/www2.nerviot.com\/index.php\/wp-json\/wp\/v2\/media?parent=1521"}],"wp:term":[{"taxonomy":"product_brand","embeddable":true,"href":"https:\/\/www2.nerviot.com\/index.php\/wp-json\/wp\/v2\/product_brand?post=1521"},{"taxonomy":"product_cat","embeddable":true,"href":"https:\/\/www2.nerviot.com\/index.php\/wp-json\/wp\/v2\/product_cat?post=1521"},{"taxonomy":"product_tag","embeddable":true,"href":"https:\/\/www2.nerviot.com\/index.php\/wp-json\/wp\/v2\/product_tag?post=1521"}],"curies":[{"name":"wp","href":"https:\/\/api.w.org\/{rel}","templated":true}]}}