{"id":1534,"date":"2024-09-19T12:48:26","date_gmt":"2024-09-19T09:48:26","guid":{"rendered":"https:\/\/www2.nerviot.com\/?post_type=product&#038;p=1534"},"modified":"2025-03-18T10:11:30","modified_gmt":"2025-03-18T08:11:30","slug":"ruuvitag-pro","status":"publish","type":"product","link":"https:\/\/www2.nerviot.com\/index.php\/product\/ruuvitag-pro\/","title":{"rendered":"RuuviTag Pro &#8211; kest\u00e4v\u00e4 langaton l\u00e4mp\u00f6tila- ja kosteusanturi"},"content":{"rendered":"<p>T\u00e4m\u00e4 IP67-luokiteltu, p\u00f6ly- ja vesitiivis laite on suunniteltu erityisesti teollisiin sovelluksiin sek\u00e4 ymp\u00e4rist\u00f6ihin, joissa tarvitaan luotettavaa ja kest\u00e4v\u00e4\u00e4 mittaustekniikkaa. RuuviTag Pro tarjoaa Bluetooth-yhteyden kautta reaaliaikaista seurantaa, ja sen pitk\u00e4 paristokesto tekee siit\u00e4 eritt\u00e4in tehokkaan ratkaisun pitk\u00e4n aikav\u00e4lin ymp\u00e4rist\u00f6nvalvontaan.<\/p>\n<p>RuuviTag Pro soveltuu monenlaisiin teollisiin ja kaupallisiin sovelluksiin, kuten logistiikan, kylm\u00e4ketjun, kasvihuoneiden ja rakennusautomaation seurantaan. Se on erinomainen ratkaisu kohteisiin, joissa tarvitaan luotettavaa ja tarkkaa ymp\u00e4rist\u00f6olosuhteiden valvontaa vaativissa olosuhteissa<\/p>\n<p>Huom, tarvitset gateway-ratkaisun lukeaksesi laitteen datan ja l\u00e4hett\u00e4\u00e4ksesi sen pilvipalveluun (Nerviot-pilvipalveluun). Ruuvi Gateway on yksi vaihtoehto gatewayksi.<\/p>\n<ul>\n<li>Tarkat mittaukset: Mittaa tarkasti l\u00e4mp\u00f6tilan, kosteuden, ilmanpaineen ja kiihtyvyyden.<\/li>\n<li>IP67-luokitus: Vesitiivis ja p\u00f6lytiivis kotelo tekee laitteesta sopivan vaativiin ymp\u00e4rist\u00f6ihin.<\/li>\n<li>Laaja mittausalue: Toimii \u00e4\u00e4rimm\u00e4isiss\u00e4 l\u00e4mp\u00f6tilaolosuhteissa (-40\u00b0C \u2013 +85\u00b0C) ja kosteustasoissa (0\u2013100 %).<\/li>\n<li>Pitk\u00e4 paristokesto: Yli 2 vuoden k\u00e4ytt\u00f6aika yhdell\u00e4 paristolla.<\/li>\n<li>Bluetooth-yhteys: Reaaliaikainen tiedonsiirto mahdollistaa et\u00e4seurannan mobiililaitteilla tai yhdistettyn\u00e4 RuuviGatewayhin.<\/li>\n<\/ul>\n","protected":false},"excerpt":{"rendered":"<p>RuuviTag Pro on edistyksellinen langaton ymp\u00e4rist\u00f6anturi, joka mittaa tarkasti l\u00e4mp\u00f6tilaa, kosteutta, ilmanpainetta ja kiihtyvyytt\u00e4 vaativissa olosuhteissa.<\/p>\n","protected":false},"featured_media":491,"comment_status":"closed","ping_status":"closed","template":"","meta":[],"product_brand":[],"product_cat":[48,46],"product_tag":[],"class_list":{"0":"post-1534","1":"product","2":"type-product","3":"status-publish","4":"has-post-thumbnail","6":"product_cat-kylmalaiteseuranta","7":"product_cat-sisailma","9":"first","10":"instock","11":"taxable","12":"shipping-taxable","13":"purchasable","14":"product-type-simple"},"yoast_head":"<!-- This site is optimized with the Yoast SEO plugin v27.4 - https:\/\/yoast.com\/product\/yoast-seo-wordpress\/ -->\n<title>RuuviTag Pro - kest\u00e4v\u00e4 langaton l\u00e4mp\u00f6tila- ja kosteusanturi - Nerviot IoT<\/title>\n<meta name=\"description\" content=\"RuuviTag Pro on langaton ymp\u00e4rist\u00f6anturi, joka mittaa tarkasti l\u00e4mp\u00f6tilaa, kosteutta, ilmanpainetta ja kiihtyvyytt\u00e4.\" \/>\n<meta name=\"robots\" content=\"index, follow, max-snippet:-1, max-image-preview:large, max-video-preview:-1\" \/>\n<link rel=\"canonical\" href=\"https:\/\/www2.nerviot.com\/index.php\/product\/ruuvitag-pro\/\" \/>\n<meta property=\"og:locale\" content=\"fi_FI\" \/>\n<meta property=\"og:type\" content=\"article\" \/>\n<meta property=\"og:title\" content=\"RuuviTag Pro - kest\u00e4v\u00e4 langaton l\u00e4mp\u00f6tila- ja kosteusanturi - Nerviot IoT\" \/>\n<meta property=\"og:description\" content=\"RuuviTag Pro on langaton ymp\u00e4rist\u00f6anturi, joka mittaa tarkasti l\u00e4mp\u00f6tilaa, kosteutta, ilmanpainetta ja kiihtyvyytt\u00e4.\" \/>\n<meta property=\"og:url\" content=\"https:\/\/www2.nerviot.com\/index.php\/product\/ruuvitag-pro\/\" \/>\n<meta property=\"og:site_name\" content=\"Nerviot IoT\" \/>\n<meta property=\"article:publisher\" content=\"https:\/\/www.facebook.com\/secorasystems\" \/>\n<meta property=\"article:modified_time\" content=\"2025-03-18T08:11:30+00:00\" \/>\n<meta property=\"og:image\" content=\"https:\/\/www2.nerviot.com\/wp-content\/uploads\/2023\/05\/QC2H0663.jpg\" \/>\n\t<meta property=\"og:image:width\" content=\"2048\" \/>\n\t<meta property=\"og:image:height\" content=\"1366\" \/>\n\t<meta property=\"og:image:type\" content=\"image\/jpeg\" \/>\n<meta name=\"twitter:card\" content=\"summary_large_image\" \/>\n<meta name=\"twitter:label1\" content=\"Arvioitu lukuaika\" \/>\n\t<meta name=\"twitter:data1\" content=\"2 minuuttia\" \/>\n<script type=\"application\/ld+json\" class=\"yoast-schema-graph\">{\"@context\":\"https:\\\/\\\/schema.org\",\"@graph\":[{\"@type\":\"WebPage\",\"@id\":\"https:\\\/\\\/www2.nerviot.com\\\/index.php\\\/product\\\/ruuvitag-pro\\\/\",\"url\":\"https:\\\/\\\/www2.nerviot.com\\\/index.php\\\/product\\\/ruuvitag-pro\\\/\",\"name\":\"RuuviTag Pro - kest\u00e4v\u00e4 langaton l\u00e4mp\u00f6tila- ja kosteusanturi - Nerviot IoT\",\"isPartOf\":{\"@id\":\"https:\\\/\\\/www2.nerviot.com\\\/#website\"},\"primaryImageOfPage\":{\"@id\":\"https:\\\/\\\/www2.nerviot.com\\\/index.php\\\/product\\\/ruuvitag-pro\\\/#primaryimage\"},\"image\":{\"@id\":\"https:\\\/\\\/www2.nerviot.com\\\/index.php\\\/product\\\/ruuvitag-pro\\\/#primaryimage\"},\"thumbnailUrl\":\"https:\\\/\\\/www2.nerviot.com\\\/wp-content\\\/uploads\\\/2023\\\/05\\\/QC2H0663.jpg\",\"datePublished\":\"2024-09-19T09:48:26+00:00\",\"dateModified\":\"2025-03-18T08:11:30+00:00\",\"description\":\"RuuviTag Pro on langaton ymp\u00e4rist\u00f6anturi, joka mittaa tarkasti l\u00e4mp\u00f6tilaa, kosteutta, ilmanpainetta ja kiihtyvyytt\u00e4.\",\"breadcrumb\":{\"@id\":\"https:\\\/\\\/www2.nerviot.com\\\/index.php\\\/product\\\/ruuvitag-pro\\\/#breadcrumb\"},\"inLanguage\":\"fi\",\"potentialAction\":[{\"@type\":\"ReadAction\",\"target\":[\"https:\\\/\\\/www2.nerviot.com\\\/index.php\\\/product\\\/ruuvitag-pro\\\/\"]}]},{\"@type\":\"ImageObject\",\"inLanguage\":\"fi\",\"@id\":\"https:\\\/\\\/www2.nerviot.com\\\/index.php\\\/product\\\/ruuvitag-pro\\\/#primaryimage\",\"url\":\"https:\\\/\\\/www2.nerviot.com\\\/wp-content\\\/uploads\\\/2023\\\/05\\\/QC2H0663.jpg\",\"contentUrl\":\"https:\\\/\\\/www2.nerviot.com\\\/wp-content\\\/uploads\\\/2023\\\/05\\\/QC2H0663.jpg\",\"width\":2048,\"height\":1366},{\"@type\":\"BreadcrumbList\",\"@id\":\"https:\\\/\\\/www2.nerviot.com\\\/index.php\\\/product\\\/ruuvitag-pro\\\/#breadcrumb\",\"itemListElement\":[{\"@type\":\"ListItem\",\"position\":1,\"name\":\"Home\",\"item\":\"https:\\\/\\\/www2.nerviot.com\\\/\"},{\"@type\":\"ListItem\",\"position\":2,\"name\":\"Nerviot Verkkokauppa\",\"item\":\"https:\\\/\\\/www2.nerviot.com\\\/?page_id=1352\"},{\"@type\":\"ListItem\",\"position\":3,\"name\":\"RuuviTag Pro &#8211; kest\u00e4v\u00e4 langaton l\u00e4mp\u00f6tila- ja kosteusanturi\"}]},{\"@type\":\"WebSite\",\"@id\":\"https:\\\/\\\/www2.nerviot.com\\\/#website\",\"url\":\"https:\\\/\\\/www2.nerviot.com\\\/\",\"name\":\"Nerviot IoT | Condition Monitoring | Olosuhdemittaus | Kylm\u00e4laitteiden seuranta | Alipaine-erojen mittaus\",\"description\":\"nerviot.com remote monitoring\",\"publisher\":{\"@id\":\"https:\\\/\\\/www2.nerviot.com\\\/#organization\"},\"potentialAction\":[{\"@type\":\"SearchAction\",\"target\":{\"@type\":\"EntryPoint\",\"urlTemplate\":\"https:\\\/\\\/www2.nerviot.com\\\/?s={search_term_string}\"},\"query-input\":{\"@type\":\"PropertyValueSpecification\",\"valueRequired\":true,\"valueName\":\"search_term_string\"}}],\"inLanguage\":\"fi\"},{\"@type\":\"Organization\",\"@id\":\"https:\\\/\\\/www2.nerviot.com\\\/#organization\",\"name\":\"Nerviot IoT | Condition Monitoring | Olosuhdemittaus | Kylm\u00e4laitteiden seuranta | Alipaine-erojen mittaus\",\"url\":\"https:\\\/\\\/www2.nerviot.com\\\/\",\"logo\":{\"@type\":\"ImageObject\",\"inLanguage\":\"fi\",\"@id\":\"https:\\\/\\\/www2.nerviot.com\\\/#\\\/schema\\\/logo\\\/image\\\/\",\"url\":\"https:\\\/\\\/www2.nerviot.com\\\/wp-content\\\/uploads\\\/2024\\\/07\\\/Nerviot_logo_400x150px.png\",\"contentUrl\":\"https:\\\/\\\/www2.nerviot.com\\\/wp-content\\\/uploads\\\/2024\\\/07\\\/Nerviot_logo_400x150px.png\",\"width\":400,\"height\":150,\"caption\":\"Nerviot IoT | Condition Monitoring | Olosuhdemittaus | Kylm\u00e4laitteiden seuranta | Alipaine-erojen mittaus\"},\"image\":{\"@id\":\"https:\\\/\\\/www2.nerviot.com\\\/#\\\/schema\\\/logo\\\/image\\\/\"},\"sameAs\":[\"https:\\\/\\\/www.facebook.com\\\/secorasystems\",\"https:\\\/\\\/www.linkedin.com\\\/company\\\/secora-systems\\\/\"]}]}<\/script>\n<!-- \/ Yoast SEO plugin. -->","yoast_head_json":{"title":"RuuviTag Pro - kest\u00e4v\u00e4 langaton l\u00e4mp\u00f6tila- ja kosteusanturi - Nerviot IoT","description":"RuuviTag Pro on langaton ymp\u00e4rist\u00f6anturi, joka mittaa tarkasti l\u00e4mp\u00f6tilaa, kosteutta, ilmanpainetta ja kiihtyvyytt\u00e4.","robots":{"index":"index","follow":"follow","max-snippet":"max-snippet:-1","max-image-preview":"max-image-preview:large","max-video-preview":"max-video-preview:-1"},"canonical":"https:\/\/www2.nerviot.com\/index.php\/product\/ruuvitag-pro\/","og_locale":"fi_FI","og_type":"article","og_title":"RuuviTag Pro - kest\u00e4v\u00e4 langaton l\u00e4mp\u00f6tila- ja kosteusanturi - Nerviot IoT","og_description":"RuuviTag Pro on langaton ymp\u00e4rist\u00f6anturi, joka mittaa tarkasti l\u00e4mp\u00f6tilaa, kosteutta, ilmanpainetta ja kiihtyvyytt\u00e4.","og_url":"https:\/\/www2.nerviot.com\/index.php\/product\/ruuvitag-pro\/","og_site_name":"Nerviot IoT","article_publisher":"https:\/\/www.facebook.com\/secorasystems","article_modified_time":"2025-03-18T08:11:30+00:00","og_image":[{"width":2048,"height":1366,"url":"https:\/\/www2.nerviot.com\/wp-content\/uploads\/2023\/05\/QC2H0663.jpg","type":"image\/jpeg"}],"twitter_card":"summary_large_image","twitter_misc":{"Arvioitu lukuaika":"2 minuuttia"},"schema":{"@context":"https:\/\/schema.org","@graph":[{"@type":"WebPage","@id":"https:\/\/www2.nerviot.com\/index.php\/product\/ruuvitag-pro\/","url":"https:\/\/www2.nerviot.com\/index.php\/product\/ruuvitag-pro\/","name":"RuuviTag Pro - kest\u00e4v\u00e4 langaton l\u00e4mp\u00f6tila- ja kosteusanturi - Nerviot IoT","isPartOf":{"@id":"https:\/\/www2.nerviot.com\/#website"},"primaryImageOfPage":{"@id":"https:\/\/www2.nerviot.com\/index.php\/product\/ruuvitag-pro\/#primaryimage"},"image":{"@id":"https:\/\/www2.nerviot.com\/index.php\/product\/ruuvitag-pro\/#primaryimage"},"thumbnailUrl":"https:\/\/www2.nerviot.com\/wp-content\/uploads\/2023\/05\/QC2H0663.jpg","datePublished":"2024-09-19T09:48:26+00:00","dateModified":"2025-03-18T08:11:30+00:00","description":"RuuviTag Pro on langaton ymp\u00e4rist\u00f6anturi, joka mittaa tarkasti l\u00e4mp\u00f6tilaa, kosteutta, ilmanpainetta ja kiihtyvyytt\u00e4.","breadcrumb":{"@id":"https:\/\/www2.nerviot.com\/index.php\/product\/ruuvitag-pro\/#breadcrumb"},"inLanguage":"fi","potentialAction":[{"@type":"ReadAction","target":["https:\/\/www2.nerviot.com\/index.php\/product\/ruuvitag-pro\/"]}]},{"@type":"ImageObject","inLanguage":"fi","@id":"https:\/\/www2.nerviot.com\/index.php\/product\/ruuvitag-pro\/#primaryimage","url":"https:\/\/www2.nerviot.com\/wp-content\/uploads\/2023\/05\/QC2H0663.jpg","contentUrl":"https:\/\/www2.nerviot.com\/wp-content\/uploads\/2023\/05\/QC2H0663.jpg","width":2048,"height":1366},{"@type":"BreadcrumbList","@id":"https:\/\/www2.nerviot.com\/index.php\/product\/ruuvitag-pro\/#breadcrumb","itemListElement":[{"@type":"ListItem","position":1,"name":"Home","item":"https:\/\/www2.nerviot.com\/"},{"@type":"ListItem","position":2,"name":"Nerviot Verkkokauppa","item":"https:\/\/www2.nerviot.com\/?page_id=1352"},{"@type":"ListItem","position":3,"name":"RuuviTag Pro &#8211; kest\u00e4v\u00e4 langaton l\u00e4mp\u00f6tila- ja kosteusanturi"}]},{"@type":"WebSite","@id":"https:\/\/www2.nerviot.com\/#website","url":"https:\/\/www2.nerviot.com\/","name":"Nerviot IoT | Condition Monitoring | Olosuhdemittaus | Kylm\u00e4laitteiden seuranta | Alipaine-erojen mittaus","description":"nerviot.com remote monitoring","publisher":{"@id":"https:\/\/www2.nerviot.com\/#organization"},"potentialAction":[{"@type":"SearchAction","target":{"@type":"EntryPoint","urlTemplate":"https:\/\/www2.nerviot.com\/?s={search_term_string}"},"query-input":{"@type":"PropertyValueSpecification","valueRequired":true,"valueName":"search_term_string"}}],"inLanguage":"fi"},{"@type":"Organization","@id":"https:\/\/www2.nerviot.com\/#organization","name":"Nerviot IoT | Condition Monitoring | Olosuhdemittaus | Kylm\u00e4laitteiden seuranta | Alipaine-erojen mittaus","url":"https:\/\/www2.nerviot.com\/","logo":{"@type":"ImageObject","inLanguage":"fi","@id":"https:\/\/www2.nerviot.com\/#\/schema\/logo\/image\/","url":"https:\/\/www2.nerviot.com\/wp-content\/uploads\/2024\/07\/Nerviot_logo_400x150px.png","contentUrl":"https:\/\/www2.nerviot.com\/wp-content\/uploads\/2024\/07\/Nerviot_logo_400x150px.png","width":400,"height":150,"caption":"Nerviot IoT | Condition Monitoring | Olosuhdemittaus | Kylm\u00e4laitteiden seuranta | Alipaine-erojen mittaus"},"image":{"@id":"https:\/\/www2.nerviot.com\/#\/schema\/logo\/image\/"},"sameAs":["https:\/\/www.facebook.com\/secorasystems","https:\/\/www.linkedin.com\/company\/secora-systems\/"]}]}},"_links":{"self":[{"href":"https:\/\/www2.nerviot.com\/index.php\/wp-json\/wp\/v2\/product\/1534","targetHints":{"allow":["GET"]}}],"collection":[{"href":"https:\/\/www2.nerviot.com\/index.php\/wp-json\/wp\/v2\/product"}],"about":[{"href":"https:\/\/www2.nerviot.com\/index.php\/wp-json\/wp\/v2\/types\/product"}],"replies":[{"embeddable":true,"href":"https:\/\/www2.nerviot.com\/index.php\/wp-json\/wp\/v2\/comments?post=1534"}],"wp:featuredmedia":[{"embeddable":true,"href":"https:\/\/www2.nerviot.com\/index.php\/wp-json\/wp\/v2\/media\/491"}],"wp:attachment":[{"href":"https:\/\/www2.nerviot.com\/index.php\/wp-json\/wp\/v2\/media?parent=1534"}],"wp:term":[{"taxonomy":"product_brand","embeddable":true,"href":"https:\/\/www2.nerviot.com\/index.php\/wp-json\/wp\/v2\/product_brand?post=1534"},{"taxonomy":"product_cat","embeddable":true,"href":"https:\/\/www2.nerviot.com\/index.php\/wp-json\/wp\/v2\/product_cat?post=1534"},{"taxonomy":"product_tag","embeddable":true,"href":"https:\/\/www2.nerviot.com\/index.php\/wp-json\/wp\/v2\/product_tag?post=1534"}],"curies":[{"name":"wp","href":"https:\/\/api.w.org\/{rel}","templated":true}]}}