{"id":1539,"date":"2024-09-19T12:53:59","date_gmt":"2024-09-19T09:53:59","guid":{"rendered":"https:\/\/www2.nerviot.com\/?post_type=product&#038;p=1539"},"modified":"2025-03-17T14:53:38","modified_gmt":"2025-03-17T12:53:38","slug":"secora-pd-paine-erolaite","status":"publish","type":"product","link":"https:\/\/www2.nerviot.com\/index.php\/product\/secora-pd-paine-erolaite\/","title":{"rendered":"Secora PD -paine-erolaite"},"content":{"rendered":"<p>Laitteen k\u00e4ytt\u00e4j\u00e4yst\u00e4v\u00e4llinen k\u00e4ytt\u00f6liittym\u00e4 ja selke\u00e4 n\u00e4ytt\u00f6 helpottavat valvontaa ja optimointia.<\/p>\n<p>Avainominaisuudet:<\/p>\n<ul>\n<li>Tarkka paine-eromittaus, korkean tarkkuuden mittaustekniikka varmistaa luotettavat tulokset<\/li>\n<li>Soveltuu k\u00e4ytett\u00e4v\u00e4ksi useissa teollisuusymp\u00e4rist\u00f6iss\u00e4, mukaan lukien suodattimien ja pumppuj\u00e4rjestelmien valvonta<\/li>\n<li>Suunniteltu kest\u00e4m\u00e4\u00e4n vaativia k\u00e4ytt\u00f6olosuhteita ja tarjoamaan pitk\u00e4aikaisen suorituskyvyn<\/li>\n<li>Helppo asennus ja k\u00e4ytt\u00f6<\/li>\n<li>Selke\u00e4 k\u00e4ytt\u00f6liittym\u00e4 ja monipuoliset asennusvaihtoehdot tekev\u00e4t laitteesta helpon ottaa k\u00e4ytt\u00f6\u00f6n<\/li>\n<\/ul>\n<p>Secora PD on erityisesti suunniteltu paine-eron valvontaan asbestipurkamisessa, rakentamisessa, LVI-j\u00e4rjestelmiss\u00e4, suodattimissa ja teollisuusprosesseissa, joissa luotettavuus ja tarkkuus ovat kriittisi\u00e4 j\u00e4rjestelm\u00e4n toiminnan kannalta.<\/p>\n<p>Secora Systems PD -laite eli alipaineloggeri on verkkovirtatoiminen ja soveltuu hyvin jatkuvaan paine-eroseurantaan. Laite on kest\u00e4v\u00e4ss\u00e4 kotelossa, jossa liit\u00e4nn\u00e4t USB C -virtal\u00e4hteelle (tulee mukana) sek\u00e4 paine-erosensorin letkuille. Laitteessa on n\u00e4ytt\u00f6, joka n\u00e4ytt\u00e4\u00e4 sen hetkist\u00e4 mittausarvoa, n\u00e4ytt\u00f6 on l\u00e4pin\u00e4kyv\u00e4n kannen alla ja ei siten ole alttiina pienille kolhuille. Laite on helppo asentaa kotelossa olevan kiinnityslevyn avulla.<\/p>\n<p>Ominaisuudet<\/p>\n<ul>\n<li>Sis\u00e4k\u00e4ytt\u00f6\u00f6n, muovikotelo<\/li>\n<li>Koko 115 x 90 x 60 mm<\/li>\n<li>Muuntaja sis\u00e4\u00e4n 240VAC, ulos 5VDC<\/li>\n<li>Sensori: Sensirion SPD811-500PA\n<ul>\n<li>Mittausalue -500 \u2013 500 Pa<\/li>\n<li>Nolla-arvon tarkkuus 0,1 Pa<\/li>\n<li>Tarkkuus 3% mitta-arvosta<\/li>\n<\/ul>\n<\/li>\n<li>Mittaus 5 sekunnin v\u00e4lein<\/li>\n<li>Mittausdatan l\u00e4hetys 15 minuutin v\u00e4lein tai kun mitattu paine-ero poikkeaa asetuksissa s\u00e4\u00e4detyn m\u00e4\u00e4r\u00e4n edellisest\u00e4 mittauksesta<\/li>\n<li>Laitteessa tietoliikenneyhteys kuuluu palvelumaksuun<\/li>\n<\/ul>\n","protected":false},"excerpt":{"rendered":"<p>Secora PD on edistynyt paine-erolaite, joka tarjoaa tarkan ja luotettavan paine-eron mittauksen teollisiin ja kaupallisiin k\u00e4ytt\u00f6tarkoituksiin. Laite soveltuu erityisesti tilanteisiin, joissa paine-eron jatkuva tarkkailu on v\u00e4ltt\u00e4m\u00e4t\u00f6nt\u00e4, kuten rakentamisessa sek\u00e4 ilmanvaihdon seurannassa.<\/p>\n","protected":false},"featured_media":490,"comment_status":"closed","ping_status":"closed","template":"","meta":[],"product_brand":[],"product_cat":[40],"product_tag":[],"class_list":{"0":"post-1539","1":"product","2":"type-product","3":"status-publish","4":"has-post-thumbnail","6":"product_cat-paine-ero","8":"first","9":"instock","10":"taxable","11":"shipping-taxable","12":"purchasable","13":"product-type-simple"},"yoast_head":"<!-- This site is optimized with the Yoast SEO plugin v27.4 - https:\/\/yoast.com\/product\/yoast-seo-wordpress\/ -->\n<title>Secora PD -paine-erolaite - Nerviot IoT<\/title>\n<meta name=\"description\" content=\"Secora PD on edistynyt paine-erolaite, joka soveltuu erityisesti asbestin purkamisen vaatimuksiin.\" \/>\n<meta name=\"robots\" content=\"index, follow, max-snippet:-1, max-image-preview:large, max-video-preview:-1\" \/>\n<link rel=\"canonical\" href=\"https:\/\/www2.nerviot.com\/index.php\/product\/secora-pd-paine-erolaite\/\" \/>\n<meta property=\"og:locale\" content=\"fi_FI\" \/>\n<meta property=\"og:type\" content=\"article\" \/>\n<meta property=\"og:title\" content=\"Secora PD -paine-erolaite - Nerviot IoT\" \/>\n<meta property=\"og:description\" content=\"Secora PD on edistynyt paine-erolaite, joka soveltuu erityisesti asbestin purkamisen vaatimuksiin.\" \/>\n<meta property=\"og:url\" content=\"https:\/\/www2.nerviot.com\/index.php\/product\/secora-pd-paine-erolaite\/\" \/>\n<meta property=\"og:site_name\" content=\"Nerviot IoT\" \/>\n<meta property=\"article:publisher\" content=\"https:\/\/www.facebook.com\/secorasystems\" \/>\n<meta property=\"article:modified_time\" content=\"2025-03-17T12:53:38+00:00\" \/>\n<meta property=\"og:image\" content=\"https:\/\/www2.nerviot.com\/wp-content\/uploads\/2023\/05\/QC2H0670.jpg\" \/>\n\t<meta property=\"og:image:width\" content=\"2048\" \/>\n\t<meta property=\"og:image:height\" content=\"1366\" \/>\n\t<meta property=\"og:image:type\" content=\"image\/jpeg\" \/>\n<meta name=\"twitter:card\" content=\"summary_large_image\" \/>\n<meta name=\"twitter:label1\" content=\"Arvioitu lukuaika\" \/>\n\t<meta name=\"twitter:data1\" content=\"2 minuuttia\" \/>\n<script type=\"application\/ld+json\" class=\"yoast-schema-graph\">{\"@context\":\"https:\\\/\\\/schema.org\",\"@graph\":[{\"@type\":\"WebPage\",\"@id\":\"https:\\\/\\\/www2.nerviot.com\\\/index.php\\\/product\\\/secora-pd-paine-erolaite\\\/\",\"url\":\"https:\\\/\\\/www2.nerviot.com\\\/index.php\\\/product\\\/secora-pd-paine-erolaite\\\/\",\"name\":\"Secora PD -paine-erolaite - Nerviot IoT\",\"isPartOf\":{\"@id\":\"https:\\\/\\\/www2.nerviot.com\\\/#website\"},\"primaryImageOfPage\":{\"@id\":\"https:\\\/\\\/www2.nerviot.com\\\/index.php\\\/product\\\/secora-pd-paine-erolaite\\\/#primaryimage\"},\"image\":{\"@id\":\"https:\\\/\\\/www2.nerviot.com\\\/index.php\\\/product\\\/secora-pd-paine-erolaite\\\/#primaryimage\"},\"thumbnailUrl\":\"https:\\\/\\\/www2.nerviot.com\\\/wp-content\\\/uploads\\\/2023\\\/05\\\/QC2H0670.jpg\",\"datePublished\":\"2024-09-19T09:53:59+00:00\",\"dateModified\":\"2025-03-17T12:53:38+00:00\",\"description\":\"Secora PD on edistynyt paine-erolaite, joka soveltuu erityisesti asbestin purkamisen vaatimuksiin.\",\"breadcrumb\":{\"@id\":\"https:\\\/\\\/www2.nerviot.com\\\/index.php\\\/product\\\/secora-pd-paine-erolaite\\\/#breadcrumb\"},\"inLanguage\":\"fi\",\"potentialAction\":[{\"@type\":\"ReadAction\",\"target\":[\"https:\\\/\\\/www2.nerviot.com\\\/index.php\\\/product\\\/secora-pd-paine-erolaite\\\/\"]}]},{\"@type\":\"ImageObject\",\"inLanguage\":\"fi\",\"@id\":\"https:\\\/\\\/www2.nerviot.com\\\/index.php\\\/product\\\/secora-pd-paine-erolaite\\\/#primaryimage\",\"url\":\"https:\\\/\\\/www2.nerviot.com\\\/wp-content\\\/uploads\\\/2023\\\/05\\\/QC2H0670.jpg\",\"contentUrl\":\"https:\\\/\\\/www2.nerviot.com\\\/wp-content\\\/uploads\\\/2023\\\/05\\\/QC2H0670.jpg\",\"width\":2048,\"height\":1366},{\"@type\":\"BreadcrumbList\",\"@id\":\"https:\\\/\\\/www2.nerviot.com\\\/index.php\\\/product\\\/secora-pd-paine-erolaite\\\/#breadcrumb\",\"itemListElement\":[{\"@type\":\"ListItem\",\"position\":1,\"name\":\"Home\",\"item\":\"https:\\\/\\\/www2.nerviot.com\\\/\"},{\"@type\":\"ListItem\",\"position\":2,\"name\":\"Nerviot Verkkokauppa\",\"item\":\"https:\\\/\\\/www2.nerviot.com\\\/?page_id=1352\"},{\"@type\":\"ListItem\",\"position\":3,\"name\":\"Secora PD -paine-erolaite\"}]},{\"@type\":\"WebSite\",\"@id\":\"https:\\\/\\\/www2.nerviot.com\\\/#website\",\"url\":\"https:\\\/\\\/www2.nerviot.com\\\/\",\"name\":\"Nerviot IoT | Condition Monitoring | Olosuhdemittaus | Kylm\u00e4laitteiden seuranta | Alipaine-erojen mittaus\",\"description\":\"nerviot.com remote monitoring\",\"publisher\":{\"@id\":\"https:\\\/\\\/www2.nerviot.com\\\/#organization\"},\"potentialAction\":[{\"@type\":\"SearchAction\",\"target\":{\"@type\":\"EntryPoint\",\"urlTemplate\":\"https:\\\/\\\/www2.nerviot.com\\\/?s={search_term_string}\"},\"query-input\":{\"@type\":\"PropertyValueSpecification\",\"valueRequired\":true,\"valueName\":\"search_term_string\"}}],\"inLanguage\":\"fi\"},{\"@type\":\"Organization\",\"@id\":\"https:\\\/\\\/www2.nerviot.com\\\/#organization\",\"name\":\"Nerviot IoT | Condition Monitoring | Olosuhdemittaus | Kylm\u00e4laitteiden seuranta | Alipaine-erojen mittaus\",\"url\":\"https:\\\/\\\/www2.nerviot.com\\\/\",\"logo\":{\"@type\":\"ImageObject\",\"inLanguage\":\"fi\",\"@id\":\"https:\\\/\\\/www2.nerviot.com\\\/#\\\/schema\\\/logo\\\/image\\\/\",\"url\":\"https:\\\/\\\/www2.nerviot.com\\\/wp-content\\\/uploads\\\/2024\\\/07\\\/Nerviot_logo_400x150px.png\",\"contentUrl\":\"https:\\\/\\\/www2.nerviot.com\\\/wp-content\\\/uploads\\\/2024\\\/07\\\/Nerviot_logo_400x150px.png\",\"width\":400,\"height\":150,\"caption\":\"Nerviot IoT | Condition Monitoring | Olosuhdemittaus | Kylm\u00e4laitteiden seuranta | Alipaine-erojen mittaus\"},\"image\":{\"@id\":\"https:\\\/\\\/www2.nerviot.com\\\/#\\\/schema\\\/logo\\\/image\\\/\"},\"sameAs\":[\"https:\\\/\\\/www.facebook.com\\\/secorasystems\",\"https:\\\/\\\/www.linkedin.com\\\/company\\\/secora-systems\\\/\"]}]}<\/script>\n<!-- \/ Yoast SEO plugin. -->","yoast_head_json":{"title":"Secora PD -paine-erolaite - Nerviot IoT","description":"Secora PD on edistynyt paine-erolaite, joka soveltuu erityisesti asbestin purkamisen vaatimuksiin.","robots":{"index":"index","follow":"follow","max-snippet":"max-snippet:-1","max-image-preview":"max-image-preview:large","max-video-preview":"max-video-preview:-1"},"canonical":"https:\/\/www2.nerviot.com\/index.php\/product\/secora-pd-paine-erolaite\/","og_locale":"fi_FI","og_type":"article","og_title":"Secora PD -paine-erolaite - Nerviot IoT","og_description":"Secora PD on edistynyt paine-erolaite, joka soveltuu erityisesti asbestin purkamisen vaatimuksiin.","og_url":"https:\/\/www2.nerviot.com\/index.php\/product\/secora-pd-paine-erolaite\/","og_site_name":"Nerviot IoT","article_publisher":"https:\/\/www.facebook.com\/secorasystems","article_modified_time":"2025-03-17T12:53:38+00:00","og_image":[{"width":2048,"height":1366,"url":"https:\/\/www2.nerviot.com\/wp-content\/uploads\/2023\/05\/QC2H0670.jpg","type":"image\/jpeg"}],"twitter_card":"summary_large_image","twitter_misc":{"Arvioitu lukuaika":"2 minuuttia"},"schema":{"@context":"https:\/\/schema.org","@graph":[{"@type":"WebPage","@id":"https:\/\/www2.nerviot.com\/index.php\/product\/secora-pd-paine-erolaite\/","url":"https:\/\/www2.nerviot.com\/index.php\/product\/secora-pd-paine-erolaite\/","name":"Secora PD -paine-erolaite - Nerviot IoT","isPartOf":{"@id":"https:\/\/www2.nerviot.com\/#website"},"primaryImageOfPage":{"@id":"https:\/\/www2.nerviot.com\/index.php\/product\/secora-pd-paine-erolaite\/#primaryimage"},"image":{"@id":"https:\/\/www2.nerviot.com\/index.php\/product\/secora-pd-paine-erolaite\/#primaryimage"},"thumbnailUrl":"https:\/\/www2.nerviot.com\/wp-content\/uploads\/2023\/05\/QC2H0670.jpg","datePublished":"2024-09-19T09:53:59+00:00","dateModified":"2025-03-17T12:53:38+00:00","description":"Secora PD on edistynyt paine-erolaite, joka soveltuu erityisesti asbestin purkamisen vaatimuksiin.","breadcrumb":{"@id":"https:\/\/www2.nerviot.com\/index.php\/product\/secora-pd-paine-erolaite\/#breadcrumb"},"inLanguage":"fi","potentialAction":[{"@type":"ReadAction","target":["https:\/\/www2.nerviot.com\/index.php\/product\/secora-pd-paine-erolaite\/"]}]},{"@type":"ImageObject","inLanguage":"fi","@id":"https:\/\/www2.nerviot.com\/index.php\/product\/secora-pd-paine-erolaite\/#primaryimage","url":"https:\/\/www2.nerviot.com\/wp-content\/uploads\/2023\/05\/QC2H0670.jpg","contentUrl":"https:\/\/www2.nerviot.com\/wp-content\/uploads\/2023\/05\/QC2H0670.jpg","width":2048,"height":1366},{"@type":"BreadcrumbList","@id":"https:\/\/www2.nerviot.com\/index.php\/product\/secora-pd-paine-erolaite\/#breadcrumb","itemListElement":[{"@type":"ListItem","position":1,"name":"Home","item":"https:\/\/www2.nerviot.com\/"},{"@type":"ListItem","position":2,"name":"Nerviot Verkkokauppa","item":"https:\/\/www2.nerviot.com\/?page_id=1352"},{"@type":"ListItem","position":3,"name":"Secora PD -paine-erolaite"}]},{"@type":"WebSite","@id":"https:\/\/www2.nerviot.com\/#website","url":"https:\/\/www2.nerviot.com\/","name":"Nerviot IoT | Condition Monitoring | Olosuhdemittaus | Kylm\u00e4laitteiden seuranta | Alipaine-erojen mittaus","description":"nerviot.com remote monitoring","publisher":{"@id":"https:\/\/www2.nerviot.com\/#organization"},"potentialAction":[{"@type":"SearchAction","target":{"@type":"EntryPoint","urlTemplate":"https:\/\/www2.nerviot.com\/?s={search_term_string}"},"query-input":{"@type":"PropertyValueSpecification","valueRequired":true,"valueName":"search_term_string"}}],"inLanguage":"fi"},{"@type":"Organization","@id":"https:\/\/www2.nerviot.com\/#organization","name":"Nerviot IoT | Condition Monitoring | Olosuhdemittaus | Kylm\u00e4laitteiden seuranta | Alipaine-erojen mittaus","url":"https:\/\/www2.nerviot.com\/","logo":{"@type":"ImageObject","inLanguage":"fi","@id":"https:\/\/www2.nerviot.com\/#\/schema\/logo\/image\/","url":"https:\/\/www2.nerviot.com\/wp-content\/uploads\/2024\/07\/Nerviot_logo_400x150px.png","contentUrl":"https:\/\/www2.nerviot.com\/wp-content\/uploads\/2024\/07\/Nerviot_logo_400x150px.png","width":400,"height":150,"caption":"Nerviot IoT | Condition Monitoring | Olosuhdemittaus | Kylm\u00e4laitteiden seuranta | Alipaine-erojen mittaus"},"image":{"@id":"https:\/\/www2.nerviot.com\/#\/schema\/logo\/image\/"},"sameAs":["https:\/\/www.facebook.com\/secorasystems","https:\/\/www.linkedin.com\/company\/secora-systems\/"]}]}},"_links":{"self":[{"href":"https:\/\/www2.nerviot.com\/index.php\/wp-json\/wp\/v2\/product\/1539","targetHints":{"allow":["GET"]}}],"collection":[{"href":"https:\/\/www2.nerviot.com\/index.php\/wp-json\/wp\/v2\/product"}],"about":[{"href":"https:\/\/www2.nerviot.com\/index.php\/wp-json\/wp\/v2\/types\/product"}],"replies":[{"embeddable":true,"href":"https:\/\/www2.nerviot.com\/index.php\/wp-json\/wp\/v2\/comments?post=1539"}],"wp:featuredmedia":[{"embeddable":true,"href":"https:\/\/www2.nerviot.com\/index.php\/wp-json\/wp\/v2\/media\/490"}],"wp:attachment":[{"href":"https:\/\/www2.nerviot.com\/index.php\/wp-json\/wp\/v2\/media?parent=1539"}],"wp:term":[{"taxonomy":"product_brand","embeddable":true,"href":"https:\/\/www2.nerviot.com\/index.php\/wp-json\/wp\/v2\/product_brand?post=1539"},{"taxonomy":"product_cat","embeddable":true,"href":"https:\/\/www2.nerviot.com\/index.php\/wp-json\/wp\/v2\/product_cat?post=1539"},{"taxonomy":"product_tag","embeddable":true,"href":"https:\/\/www2.nerviot.com\/index.php\/wp-json\/wp\/v2\/product_tag?post=1539"}],"curies":[{"name":"wp","href":"https:\/\/api.w.org\/{rel}","templated":true}]}}