{"id":1544,"date":"2024-09-19T13:53:01","date_gmt":"2024-09-19T10:53:01","guid":{"rendered":"https:\/\/www2.nerviot.com\/?post_type=product&#038;p=1544"},"modified":"2025-04-08T10:51:19","modified_gmt":"2025-04-08T07:51:19","slug":"palovaroittimen-iot-palvelu","status":"publish","type":"product","link":"https:\/\/www2.nerviot.com\/index.php\/product\/palovaroittimen-iot-palvelu\/","title":{"rendered":"Palovaroittimen IoT-yhteys"},"content":{"rendered":"<p class=\"x_MsoNormal\" data-olk-copy-source=\"MessageBody\">Et\u00e4seurattava palovaroitin tarvitsee et\u00e4seurantaa varten<\/p>\n<ul type=\"disc\">\n<li class=\"x_MsoNormal\">LoRaWan-yhteyden, joka voi tulla joko operaattorilta tai omilla tukiasemilla toteutettuna<\/li>\n<li class=\"x_MsoNormal\">IoT-pilvipalvelun, joka k\u00e4sittelee ja tallentaa palovaroittimien l\u00e4hett\u00e4m\u00e4n datan<\/li>\n<\/ul>\n<p class=\"x_MsoNormal\"><span lang=\"FI\">\u00a0<\/span><\/p>\n<p class=\"x_MsoNormal\">Nerviot-pilvipalvelumme ker\u00e4\u00e4 dataa laitteiden toiminnasta. T\u00e4m\u00e4 data tallennetaan ja analysoidaan, jotta voimme n\u00e4ytt\u00e4\u00e4 reaaliaikaista tietoa palovaroittimien tilasta. Palvelu tukee useita verkkoja (LoRaWan, GSM ja Sigfox).<\/p>\n<p class=\"x_MsoNormal\">Palvelumme kautta isonkin palovaroitinm\u00e4\u00e4r\u00e4n toimintakunnon seuraaminen on helppoa. N\u00e4et helposti t\u00e4rkeimm\u00e4t seurattavat asiat selke\u00e4st\u00e4 mittaristosta sek\u00e4 raporteilta. Eri palovaroittimet l\u00e4hett\u00e4v\u00e4t erim\u00e4\u00e4r\u00e4n seurattavia asioita, mutta esim. Zenner-laitteista voi seurata<\/p>\n<ul type=\"disc\">\n<li class=\"x_MsoNormal\">Tapahtuneet h\u00e4lytykset<\/li>\n<li class=\"x_MsoNormal\">Onko laitteen ymp\u00e4rill\u00e4 esteit\u00e4, tai onko laite peitetty<\/li>\n<li class=\"x_MsoNormal\">Onko laite irrotettu<\/li>\n<li class=\"x_MsoNormal\">Savukammion ongelmat<\/li>\n<li class=\"x_MsoNormal\">Pariston heikkeneminen<\/li>\n<li class=\"x_MsoNormal\">Koska laitteille on tehty h\u00e4lytystestaus<\/li>\n<li class=\"x_MsoNormal\">Testausnapin toimintah\u00e4iri\u00f6<\/li>\n<li class=\"x_MsoNormal\">LED-valon toimintah\u00e4iri\u00f6<\/li>\n<\/ul>\n<p class=\"x_MsoNormal\">Kysy tarjous <span lang=\"FI\">\u00a0(sis. LoRaWan-yhteydet Digitan verkon kautta)<\/span><\/p>\n<ul type=\"disc\">\n<li>1 vuotta<\/li>\n<li class=\"x_MsoNormal\">3 vuotta<\/li>\n<li class=\"x_MsoNormal\">5 vuotta<\/li>\n<\/ul>\n","protected":false},"excerpt":{"rendered":"<p>Palovaroittimen IoT-palvelu, vaihtoehtoina 1v, 3v ja 5v palvelujaksot.<\/p>\n","protected":false},"featured_media":1773,"comment_status":"closed","ping_status":"closed","template":"","meta":[],"product_brand":[],"product_cat":[27],"product_tag":[],"class_list":{"0":"post-1544","1":"product","2":"type-product","3":"status-publish","4":"has-post-thumbnail","6":"product_cat-iot-palvelut","8":"first","9":"instock","10":"taxable","11":"shipping-taxable","12":"product-type-grouped"},"yoast_head":"<!-- This site is optimized with the Yoast SEO plugin v27.4 - https:\/\/yoast.com\/product\/yoast-seo-wordpress\/ -->\n<title>Palovaroittimen IoT-yhteys - Nerviot IoT<\/title>\n<meta name=\"description\" content=\"Palovaroittimen IoT-palvelu, vaihtoehtoina 1v, 3v ja 5v palvelujaksot.\" \/>\n<meta name=\"robots\" content=\"index, follow, max-snippet:-1, max-image-preview:large, max-video-preview:-1\" \/>\n<link rel=\"canonical\" href=\"https:\/\/www2.nerviot.com\/index.php\/product\/palovaroittimen-iot-palvelu\/\" \/>\n<meta property=\"og:locale\" content=\"fi_FI\" \/>\n<meta property=\"og:type\" content=\"article\" \/>\n<meta property=\"og:title\" content=\"Palovaroittimen IoT-yhteys - Nerviot IoT\" \/>\n<meta property=\"og:description\" content=\"Palovaroittimen IoT-palvelu, vaihtoehtoina 1v, 3v ja 5v palvelujaksot.\" \/>\n<meta property=\"og:url\" content=\"https:\/\/www2.nerviot.com\/index.php\/product\/palovaroittimen-iot-palvelu\/\" \/>\n<meta property=\"og:site_name\" content=\"Nerviot IoT\" \/>\n<meta property=\"article:publisher\" content=\"https:\/\/www.facebook.com\/secorasystems\" \/>\n<meta property=\"article:modified_time\" content=\"2025-04-08T07:51:19+00:00\" \/>\n<meta property=\"og:image\" content=\"https:\/\/www2.nerviot.com\/wp-content\/uploads\/2024\/09\/NerviotLogo.png\" \/>\n\t<meta property=\"og:image:width\" content=\"472\" \/>\n\t<meta property=\"og:image:height\" content=\"472\" \/>\n\t<meta property=\"og:image:type\" content=\"image\/png\" \/>\n<meta name=\"twitter:card\" content=\"summary_large_image\" \/>\n<meta name=\"twitter:label1\" content=\"Arvioitu lukuaika\" \/>\n\t<meta name=\"twitter:data1\" content=\"1 minuutti\" \/>\n<script type=\"application\/ld+json\" class=\"yoast-schema-graph\">{\"@context\":\"https:\\\/\\\/schema.org\",\"@graph\":[{\"@type\":\"WebPage\",\"@id\":\"https:\\\/\\\/www2.nerviot.com\\\/index.php\\\/product\\\/palovaroittimen-iot-palvelu\\\/\",\"url\":\"https:\\\/\\\/www2.nerviot.com\\\/index.php\\\/product\\\/palovaroittimen-iot-palvelu\\\/\",\"name\":\"Palovaroittimen IoT-yhteys - Nerviot IoT\",\"isPartOf\":{\"@id\":\"https:\\\/\\\/www2.nerviot.com\\\/#website\"},\"primaryImageOfPage\":{\"@id\":\"https:\\\/\\\/www2.nerviot.com\\\/index.php\\\/product\\\/palovaroittimen-iot-palvelu\\\/#primaryimage\"},\"image\":{\"@id\":\"https:\\\/\\\/www2.nerviot.com\\\/index.php\\\/product\\\/palovaroittimen-iot-palvelu\\\/#primaryimage\"},\"thumbnailUrl\":\"https:\\\/\\\/www2.nerviot.com\\\/wp-content\\\/uploads\\\/2024\\\/09\\\/NerviotLogo.png\",\"datePublished\":\"2024-09-19T10:53:01+00:00\",\"dateModified\":\"2025-04-08T07:51:19+00:00\",\"description\":\"Palovaroittimen IoT-palvelu, vaihtoehtoina 1v, 3v ja 5v palvelujaksot.\",\"breadcrumb\":{\"@id\":\"https:\\\/\\\/www2.nerviot.com\\\/index.php\\\/product\\\/palovaroittimen-iot-palvelu\\\/#breadcrumb\"},\"inLanguage\":\"fi\",\"potentialAction\":[{\"@type\":\"ReadAction\",\"target\":[\"https:\\\/\\\/www2.nerviot.com\\\/index.php\\\/product\\\/palovaroittimen-iot-palvelu\\\/\"]}]},{\"@type\":\"ImageObject\",\"inLanguage\":\"fi\",\"@id\":\"https:\\\/\\\/www2.nerviot.com\\\/index.php\\\/product\\\/palovaroittimen-iot-palvelu\\\/#primaryimage\",\"url\":\"https:\\\/\\\/www2.nerviot.com\\\/wp-content\\\/uploads\\\/2024\\\/09\\\/NerviotLogo.png\",\"contentUrl\":\"https:\\\/\\\/www2.nerviot.com\\\/wp-content\\\/uploads\\\/2024\\\/09\\\/NerviotLogo.png\",\"width\":472,\"height\":472},{\"@type\":\"BreadcrumbList\",\"@id\":\"https:\\\/\\\/www2.nerviot.com\\\/index.php\\\/product\\\/palovaroittimen-iot-palvelu\\\/#breadcrumb\",\"itemListElement\":[{\"@type\":\"ListItem\",\"position\":1,\"name\":\"Home\",\"item\":\"https:\\\/\\\/www2.nerviot.com\\\/\"},{\"@type\":\"ListItem\",\"position\":2,\"name\":\"Nerviot Verkkokauppa\",\"item\":\"https:\\\/\\\/www2.nerviot.com\\\/?page_id=1352\"},{\"@type\":\"ListItem\",\"position\":3,\"name\":\"Palovaroittimen IoT-yhteys\"}]},{\"@type\":\"WebSite\",\"@id\":\"https:\\\/\\\/www2.nerviot.com\\\/#website\",\"url\":\"https:\\\/\\\/www2.nerviot.com\\\/\",\"name\":\"Nerviot IoT | Condition Monitoring | Olosuhdemittaus | Kylm\u00e4laitteiden seuranta | Alipaine-erojen mittaus\",\"description\":\"nerviot.com remote monitoring\",\"publisher\":{\"@id\":\"https:\\\/\\\/www2.nerviot.com\\\/#organization\"},\"potentialAction\":[{\"@type\":\"SearchAction\",\"target\":{\"@type\":\"EntryPoint\",\"urlTemplate\":\"https:\\\/\\\/www2.nerviot.com\\\/?s={search_term_string}\"},\"query-input\":{\"@type\":\"PropertyValueSpecification\",\"valueRequired\":true,\"valueName\":\"search_term_string\"}}],\"inLanguage\":\"fi\"},{\"@type\":\"Organization\",\"@id\":\"https:\\\/\\\/www2.nerviot.com\\\/#organization\",\"name\":\"Nerviot IoT | Condition Monitoring | Olosuhdemittaus | Kylm\u00e4laitteiden seuranta | Alipaine-erojen mittaus\",\"url\":\"https:\\\/\\\/www2.nerviot.com\\\/\",\"logo\":{\"@type\":\"ImageObject\",\"inLanguage\":\"fi\",\"@id\":\"https:\\\/\\\/www2.nerviot.com\\\/#\\\/schema\\\/logo\\\/image\\\/\",\"url\":\"https:\\\/\\\/www2.nerviot.com\\\/wp-content\\\/uploads\\\/2024\\\/07\\\/Nerviot_logo_400x150px.png\",\"contentUrl\":\"https:\\\/\\\/www2.nerviot.com\\\/wp-content\\\/uploads\\\/2024\\\/07\\\/Nerviot_logo_400x150px.png\",\"width\":400,\"height\":150,\"caption\":\"Nerviot IoT | Condition Monitoring | Olosuhdemittaus | Kylm\u00e4laitteiden seuranta | Alipaine-erojen mittaus\"},\"image\":{\"@id\":\"https:\\\/\\\/www2.nerviot.com\\\/#\\\/schema\\\/logo\\\/image\\\/\"},\"sameAs\":[\"https:\\\/\\\/www.facebook.com\\\/secorasystems\",\"https:\\\/\\\/www.linkedin.com\\\/company\\\/secora-systems\\\/\"]}]}<\/script>\n<!-- \/ Yoast SEO plugin. -->","yoast_head_json":{"title":"Palovaroittimen IoT-yhteys - Nerviot IoT","description":"Palovaroittimen IoT-palvelu, vaihtoehtoina 1v, 3v ja 5v palvelujaksot.","robots":{"index":"index","follow":"follow","max-snippet":"max-snippet:-1","max-image-preview":"max-image-preview:large","max-video-preview":"max-video-preview:-1"},"canonical":"https:\/\/www2.nerviot.com\/index.php\/product\/palovaroittimen-iot-palvelu\/","og_locale":"fi_FI","og_type":"article","og_title":"Palovaroittimen IoT-yhteys - Nerviot IoT","og_description":"Palovaroittimen IoT-palvelu, vaihtoehtoina 1v, 3v ja 5v palvelujaksot.","og_url":"https:\/\/www2.nerviot.com\/index.php\/product\/palovaroittimen-iot-palvelu\/","og_site_name":"Nerviot IoT","article_publisher":"https:\/\/www.facebook.com\/secorasystems","article_modified_time":"2025-04-08T07:51:19+00:00","og_image":[{"width":472,"height":472,"url":"https:\/\/www2.nerviot.com\/wp-content\/uploads\/2024\/09\/NerviotLogo.png","type":"image\/png"}],"twitter_card":"summary_large_image","twitter_misc":{"Arvioitu lukuaika":"1 minuutti"},"schema":{"@context":"https:\/\/schema.org","@graph":[{"@type":"WebPage","@id":"https:\/\/www2.nerviot.com\/index.php\/product\/palovaroittimen-iot-palvelu\/","url":"https:\/\/www2.nerviot.com\/index.php\/product\/palovaroittimen-iot-palvelu\/","name":"Palovaroittimen IoT-yhteys - Nerviot IoT","isPartOf":{"@id":"https:\/\/www2.nerviot.com\/#website"},"primaryImageOfPage":{"@id":"https:\/\/www2.nerviot.com\/index.php\/product\/palovaroittimen-iot-palvelu\/#primaryimage"},"image":{"@id":"https:\/\/www2.nerviot.com\/index.php\/product\/palovaroittimen-iot-palvelu\/#primaryimage"},"thumbnailUrl":"https:\/\/www2.nerviot.com\/wp-content\/uploads\/2024\/09\/NerviotLogo.png","datePublished":"2024-09-19T10:53:01+00:00","dateModified":"2025-04-08T07:51:19+00:00","description":"Palovaroittimen IoT-palvelu, vaihtoehtoina 1v, 3v ja 5v palvelujaksot.","breadcrumb":{"@id":"https:\/\/www2.nerviot.com\/index.php\/product\/palovaroittimen-iot-palvelu\/#breadcrumb"},"inLanguage":"fi","potentialAction":[{"@type":"ReadAction","target":["https:\/\/www2.nerviot.com\/index.php\/product\/palovaroittimen-iot-palvelu\/"]}]},{"@type":"ImageObject","inLanguage":"fi","@id":"https:\/\/www2.nerviot.com\/index.php\/product\/palovaroittimen-iot-palvelu\/#primaryimage","url":"https:\/\/www2.nerviot.com\/wp-content\/uploads\/2024\/09\/NerviotLogo.png","contentUrl":"https:\/\/www2.nerviot.com\/wp-content\/uploads\/2024\/09\/NerviotLogo.png","width":472,"height":472},{"@type":"BreadcrumbList","@id":"https:\/\/www2.nerviot.com\/index.php\/product\/palovaroittimen-iot-palvelu\/#breadcrumb","itemListElement":[{"@type":"ListItem","position":1,"name":"Home","item":"https:\/\/www2.nerviot.com\/"},{"@type":"ListItem","position":2,"name":"Nerviot Verkkokauppa","item":"https:\/\/www2.nerviot.com\/?page_id=1352"},{"@type":"ListItem","position":3,"name":"Palovaroittimen IoT-yhteys"}]},{"@type":"WebSite","@id":"https:\/\/www2.nerviot.com\/#website","url":"https:\/\/www2.nerviot.com\/","name":"Nerviot IoT | Condition Monitoring | Olosuhdemittaus | Kylm\u00e4laitteiden seuranta | Alipaine-erojen mittaus","description":"nerviot.com remote monitoring","publisher":{"@id":"https:\/\/www2.nerviot.com\/#organization"},"potentialAction":[{"@type":"SearchAction","target":{"@type":"EntryPoint","urlTemplate":"https:\/\/www2.nerviot.com\/?s={search_term_string}"},"query-input":{"@type":"PropertyValueSpecification","valueRequired":true,"valueName":"search_term_string"}}],"inLanguage":"fi"},{"@type":"Organization","@id":"https:\/\/www2.nerviot.com\/#organization","name":"Nerviot IoT | Condition Monitoring | Olosuhdemittaus | Kylm\u00e4laitteiden seuranta | Alipaine-erojen mittaus","url":"https:\/\/www2.nerviot.com\/","logo":{"@type":"ImageObject","inLanguage":"fi","@id":"https:\/\/www2.nerviot.com\/#\/schema\/logo\/image\/","url":"https:\/\/www2.nerviot.com\/wp-content\/uploads\/2024\/07\/Nerviot_logo_400x150px.png","contentUrl":"https:\/\/www2.nerviot.com\/wp-content\/uploads\/2024\/07\/Nerviot_logo_400x150px.png","width":400,"height":150,"caption":"Nerviot IoT | Condition Monitoring | Olosuhdemittaus | Kylm\u00e4laitteiden seuranta | Alipaine-erojen mittaus"},"image":{"@id":"https:\/\/www2.nerviot.com\/#\/schema\/logo\/image\/"},"sameAs":["https:\/\/www.facebook.com\/secorasystems","https:\/\/www.linkedin.com\/company\/secora-systems\/"]}]}},"_links":{"self":[{"href":"https:\/\/www2.nerviot.com\/index.php\/wp-json\/wp\/v2\/product\/1544","targetHints":{"allow":["GET"]}}],"collection":[{"href":"https:\/\/www2.nerviot.com\/index.php\/wp-json\/wp\/v2\/product"}],"about":[{"href":"https:\/\/www2.nerviot.com\/index.php\/wp-json\/wp\/v2\/types\/product"}],"replies":[{"embeddable":true,"href":"https:\/\/www2.nerviot.com\/index.php\/wp-json\/wp\/v2\/comments?post=1544"}],"wp:featuredmedia":[{"embeddable":true,"href":"https:\/\/www2.nerviot.com\/index.php\/wp-json\/wp\/v2\/media\/1773"}],"wp:attachment":[{"href":"https:\/\/www2.nerviot.com\/index.php\/wp-json\/wp\/v2\/media?parent=1544"}],"wp:term":[{"taxonomy":"product_brand","embeddable":true,"href":"https:\/\/www2.nerviot.com\/index.php\/wp-json\/wp\/v2\/product_brand?post=1544"},{"taxonomy":"product_cat","embeddable":true,"href":"https:\/\/www2.nerviot.com\/index.php\/wp-json\/wp\/v2\/product_cat?post=1544"},{"taxonomy":"product_tag","embeddable":true,"href":"https:\/\/www2.nerviot.com\/index.php\/wp-json\/wp\/v2\/product_tag?post=1544"}],"curies":[{"name":"wp","href":"https:\/\/api.w.org\/{rel}","templated":true}]}}