{"id":1549,"date":"2024-09-19T14:38:08","date_gmt":"2024-09-19T11:38:08","guid":{"rendered":"https:\/\/www2.nerviot.com\/?post_type=product&#038;p=1549"},"modified":"2025-05-07T10:22:21","modified_gmt":"2025-05-07T07:22:21","slug":"etaseurattava-palovaroitin-yobiiq-verkkovirta","status":"publish","type":"product","link":"https:\/\/www2.nerviot.com\/index.php\/product\/etaseurattava-palovaroitin-yobiiq-verkkovirta\/","title":{"rendered":"Et\u00e4seurattava verkkovirta palovaroitin Yobiiq"},"content":{"rendered":"<p>Yobiiq on verkkovirtaan liitett\u00e4v\u00e4 paristovarmennettu ja et\u00e4luettava palovaroitin. Palovaroitin k\u00e4ytt\u00e4\u00e4 tiedonsiirtoon LoRaWAN-verkkoa ja se on kytkett\u00e4viss\u00e4 Nerviot-pilvipalveluun. Pilvipalvelu mahdollistaa varoittimen valvonnan ja testaamisen et\u00e4n\u00e4. Palovaroittimen k\u00e4ytt\u00f6ik\u00e4 on 10 vuotta, ja sen paristo on suunniteltu kest\u00e4m\u00e4\u00e4n koko k\u00e4ytt\u00f6i\u00e4n ajan. Paristoa ei siis tarvitse vaihtaa.<\/p>\n<p>Jopa 48 kappaletta SD1001-palovaroittimia on mahdollista ketjuttaa kesken\u00e4\u00e4n. T\u00e4ll\u00f6in kaikki varoittimet h\u00e4lytt\u00e4v\u00e4t, kun yksikin niist\u00e4 havaitsee savua.<\/p>\n<ul>\n<li>Sireeni, n. 90 dB<\/li>\n<li>Litiumparisto CR123A, kesto jopa 10 vuotta<\/li>\n<li>K\u00e4ytt\u00f6l\u00e4mp\u00f6tila-alue: 0\u00b0 &#8211; +60\u00b0C<\/li>\n<li>Mitat: \u00d8120 mm<\/li>\n<li>Paino: 102 g<\/li>\n<\/ul>\n<p>H\u00e4lytykset \/ et\u00e4seurattavat tiedot<\/p>\n<ul>\n<li>Savuh\u00e4lytys<\/li>\n<li>230 V j\u00e4nnitekatko<\/li>\n<li>Pariston varaus v\u00e4hiss\u00e4<\/li>\n<li>Vikah\u00e4lytys<\/li>\n<li>Ketjutetun palovaroittimen h\u00e4lytys<\/li>\n<\/ul>\n","protected":false},"excerpt":{"rendered":"<p>Yobiiq on 230 V verkkovirtaan liitett\u00e4v\u00e4 paristovarmennettu ja et\u00e4luettava palovaroitin.<\/p>\n","protected":false},"featured_media":1767,"comment_status":"closed","ping_status":"closed","template":"","meta":[],"product_brand":[],"product_cat":[28],"product_tag":[],"class_list":{"0":"post-1549","1":"product","2":"type-product","3":"status-publish","4":"has-post-thumbnail","6":"product_cat-palovaroittimet","8":"first","9":"instock","10":"taxable","11":"shipping-taxable","12":"purchasable","13":"product-type-simple"},"yoast_head":"<!-- This site is optimized with the Yoast SEO plugin v27.4 - https:\/\/yoast.com\/product\/yoast-seo-wordpress\/ -->\n<title>Et\u00e4seurattava verkkovirta palovaroitin Yobiiq - Nerviot IoT<\/title>\n<meta name=\"description\" content=\"Yobiiq on 230 V verkkovirtaan liitett\u00e4v\u00e4 paristovarmennettu ja et\u00e4luettava palovaroitin.\" \/>\n<meta name=\"robots\" content=\"index, follow, max-snippet:-1, max-image-preview:large, max-video-preview:-1\" \/>\n<link rel=\"canonical\" href=\"https:\/\/www2.nerviot.com\/index.php\/product\/etaseurattava-palovaroitin-yobiiq-verkkovirta\/\" \/>\n<meta property=\"og:locale\" content=\"fi_FI\" \/>\n<meta property=\"og:type\" content=\"article\" \/>\n<meta property=\"og:title\" content=\"Et\u00e4seurattava verkkovirta palovaroitin Yobiiq - Nerviot IoT\" \/>\n<meta property=\"og:description\" content=\"Yobiiq on 230 V verkkovirtaan liitett\u00e4v\u00e4 paristovarmennettu ja et\u00e4luettava palovaroitin.\" \/>\n<meta property=\"og:url\" content=\"https:\/\/www2.nerviot.com\/index.php\/product\/etaseurattava-palovaroitin-yobiiq-verkkovirta\/\" \/>\n<meta property=\"og:site_name\" content=\"Nerviot IoT\" \/>\n<meta property=\"article:publisher\" content=\"https:\/\/www.facebook.com\/secorasystems\" \/>\n<meta property=\"article:modified_time\" content=\"2025-05-07T07:22:21+00:00\" \/>\n<meta property=\"og:image\" content=\"https:\/\/www2.nerviot.com\/wp-content\/uploads\/2024\/09\/yobiiq.png\" \/>\n\t<meta property=\"og:image:width\" content=\"692\" \/>\n\t<meta property=\"og:image:height\" content=\"443\" \/>\n\t<meta property=\"og:image:type\" content=\"image\/png\" \/>\n<meta name=\"twitter:card\" content=\"summary_large_image\" \/>\n<meta name=\"twitter:label1\" content=\"Arvioitu lukuaika\" \/>\n\t<meta name=\"twitter:data1\" content=\"1 minuutti\" \/>\n<script type=\"application\/ld+json\" class=\"yoast-schema-graph\">{\"@context\":\"https:\\\/\\\/schema.org\",\"@graph\":[{\"@type\":\"WebPage\",\"@id\":\"https:\\\/\\\/www2.nerviot.com\\\/index.php\\\/product\\\/etaseurattava-palovaroitin-yobiiq-verkkovirta\\\/\",\"url\":\"https:\\\/\\\/www2.nerviot.com\\\/index.php\\\/product\\\/etaseurattava-palovaroitin-yobiiq-verkkovirta\\\/\",\"name\":\"Et\u00e4seurattava verkkovirta palovaroitin Yobiiq - Nerviot IoT\",\"isPartOf\":{\"@id\":\"https:\\\/\\\/www2.nerviot.com\\\/#website\"},\"primaryImageOfPage\":{\"@id\":\"https:\\\/\\\/www2.nerviot.com\\\/index.php\\\/product\\\/etaseurattava-palovaroitin-yobiiq-verkkovirta\\\/#primaryimage\"},\"image\":{\"@id\":\"https:\\\/\\\/www2.nerviot.com\\\/index.php\\\/product\\\/etaseurattava-palovaroitin-yobiiq-verkkovirta\\\/#primaryimage\"},\"thumbnailUrl\":\"https:\\\/\\\/www2.nerviot.com\\\/wp-content\\\/uploads\\\/2024\\\/09\\\/yobiiq.png\",\"datePublished\":\"2024-09-19T11:38:08+00:00\",\"dateModified\":\"2025-05-07T07:22:21+00:00\",\"description\":\"Yobiiq on 230 V verkkovirtaan liitett\u00e4v\u00e4 paristovarmennettu ja et\u00e4luettava palovaroitin.\",\"breadcrumb\":{\"@id\":\"https:\\\/\\\/www2.nerviot.com\\\/index.php\\\/product\\\/etaseurattava-palovaroitin-yobiiq-verkkovirta\\\/#breadcrumb\"},\"inLanguage\":\"fi\",\"potentialAction\":[{\"@type\":\"ReadAction\",\"target\":[\"https:\\\/\\\/www2.nerviot.com\\\/index.php\\\/product\\\/etaseurattava-palovaroitin-yobiiq-verkkovirta\\\/\"]}]},{\"@type\":\"ImageObject\",\"inLanguage\":\"fi\",\"@id\":\"https:\\\/\\\/www2.nerviot.com\\\/index.php\\\/product\\\/etaseurattava-palovaroitin-yobiiq-verkkovirta\\\/#primaryimage\",\"url\":\"https:\\\/\\\/www2.nerviot.com\\\/wp-content\\\/uploads\\\/2024\\\/09\\\/yobiiq.png\",\"contentUrl\":\"https:\\\/\\\/www2.nerviot.com\\\/wp-content\\\/uploads\\\/2024\\\/09\\\/yobiiq.png\",\"width\":692,\"height\":443},{\"@type\":\"BreadcrumbList\",\"@id\":\"https:\\\/\\\/www2.nerviot.com\\\/index.php\\\/product\\\/etaseurattava-palovaroitin-yobiiq-verkkovirta\\\/#breadcrumb\",\"itemListElement\":[{\"@type\":\"ListItem\",\"position\":1,\"name\":\"Home\",\"item\":\"https:\\\/\\\/www2.nerviot.com\\\/\"},{\"@type\":\"ListItem\",\"position\":2,\"name\":\"Nerviot Verkkokauppa\",\"item\":\"https:\\\/\\\/www2.nerviot.com\\\/?page_id=1352\"},{\"@type\":\"ListItem\",\"position\":3,\"name\":\"Et\u00e4seurattava verkkovirta palovaroitin Yobiiq\"}]},{\"@type\":\"WebSite\",\"@id\":\"https:\\\/\\\/www2.nerviot.com\\\/#website\",\"url\":\"https:\\\/\\\/www2.nerviot.com\\\/\",\"name\":\"Nerviot IoT | Condition Monitoring | Olosuhdemittaus | Kylm\u00e4laitteiden seuranta | Alipaine-erojen mittaus\",\"description\":\"nerviot.com remote monitoring\",\"publisher\":{\"@id\":\"https:\\\/\\\/www2.nerviot.com\\\/#organization\"},\"potentialAction\":[{\"@type\":\"SearchAction\",\"target\":{\"@type\":\"EntryPoint\",\"urlTemplate\":\"https:\\\/\\\/www2.nerviot.com\\\/?s={search_term_string}\"},\"query-input\":{\"@type\":\"PropertyValueSpecification\",\"valueRequired\":true,\"valueName\":\"search_term_string\"}}],\"inLanguage\":\"fi\"},{\"@type\":\"Organization\",\"@id\":\"https:\\\/\\\/www2.nerviot.com\\\/#organization\",\"name\":\"Nerviot IoT | Condition Monitoring | Olosuhdemittaus | Kylm\u00e4laitteiden seuranta | Alipaine-erojen mittaus\",\"url\":\"https:\\\/\\\/www2.nerviot.com\\\/\",\"logo\":{\"@type\":\"ImageObject\",\"inLanguage\":\"fi\",\"@id\":\"https:\\\/\\\/www2.nerviot.com\\\/#\\\/schema\\\/logo\\\/image\\\/\",\"url\":\"https:\\\/\\\/www2.nerviot.com\\\/wp-content\\\/uploads\\\/2024\\\/07\\\/Nerviot_logo_400x150px.png\",\"contentUrl\":\"https:\\\/\\\/www2.nerviot.com\\\/wp-content\\\/uploads\\\/2024\\\/07\\\/Nerviot_logo_400x150px.png\",\"width\":400,\"height\":150,\"caption\":\"Nerviot IoT | Condition Monitoring | Olosuhdemittaus | Kylm\u00e4laitteiden seuranta | Alipaine-erojen mittaus\"},\"image\":{\"@id\":\"https:\\\/\\\/www2.nerviot.com\\\/#\\\/schema\\\/logo\\\/image\\\/\"},\"sameAs\":[\"https:\\\/\\\/www.facebook.com\\\/secorasystems\",\"https:\\\/\\\/www.linkedin.com\\\/company\\\/secora-systems\\\/\"]}]}<\/script>\n<!-- \/ Yoast SEO plugin. -->","yoast_head_json":{"title":"Et\u00e4seurattava verkkovirta palovaroitin Yobiiq - Nerviot IoT","description":"Yobiiq on 230 V verkkovirtaan liitett\u00e4v\u00e4 paristovarmennettu ja et\u00e4luettava palovaroitin.","robots":{"index":"index","follow":"follow","max-snippet":"max-snippet:-1","max-image-preview":"max-image-preview:large","max-video-preview":"max-video-preview:-1"},"canonical":"https:\/\/www2.nerviot.com\/index.php\/product\/etaseurattava-palovaroitin-yobiiq-verkkovirta\/","og_locale":"fi_FI","og_type":"article","og_title":"Et\u00e4seurattava verkkovirta palovaroitin Yobiiq - Nerviot IoT","og_description":"Yobiiq on 230 V verkkovirtaan liitett\u00e4v\u00e4 paristovarmennettu ja et\u00e4luettava palovaroitin.","og_url":"https:\/\/www2.nerviot.com\/index.php\/product\/etaseurattava-palovaroitin-yobiiq-verkkovirta\/","og_site_name":"Nerviot IoT","article_publisher":"https:\/\/www.facebook.com\/secorasystems","article_modified_time":"2025-05-07T07:22:21+00:00","og_image":[{"width":692,"height":443,"url":"https:\/\/www2.nerviot.com\/wp-content\/uploads\/2024\/09\/yobiiq.png","type":"image\/png"}],"twitter_card":"summary_large_image","twitter_misc":{"Arvioitu lukuaika":"1 minuutti"},"schema":{"@context":"https:\/\/schema.org","@graph":[{"@type":"WebPage","@id":"https:\/\/www2.nerviot.com\/index.php\/product\/etaseurattava-palovaroitin-yobiiq-verkkovirta\/","url":"https:\/\/www2.nerviot.com\/index.php\/product\/etaseurattava-palovaroitin-yobiiq-verkkovirta\/","name":"Et\u00e4seurattava verkkovirta palovaroitin Yobiiq - Nerviot IoT","isPartOf":{"@id":"https:\/\/www2.nerviot.com\/#website"},"primaryImageOfPage":{"@id":"https:\/\/www2.nerviot.com\/index.php\/product\/etaseurattava-palovaroitin-yobiiq-verkkovirta\/#primaryimage"},"image":{"@id":"https:\/\/www2.nerviot.com\/index.php\/product\/etaseurattava-palovaroitin-yobiiq-verkkovirta\/#primaryimage"},"thumbnailUrl":"https:\/\/www2.nerviot.com\/wp-content\/uploads\/2024\/09\/yobiiq.png","datePublished":"2024-09-19T11:38:08+00:00","dateModified":"2025-05-07T07:22:21+00:00","description":"Yobiiq on 230 V verkkovirtaan liitett\u00e4v\u00e4 paristovarmennettu ja et\u00e4luettava palovaroitin.","breadcrumb":{"@id":"https:\/\/www2.nerviot.com\/index.php\/product\/etaseurattava-palovaroitin-yobiiq-verkkovirta\/#breadcrumb"},"inLanguage":"fi","potentialAction":[{"@type":"ReadAction","target":["https:\/\/www2.nerviot.com\/index.php\/product\/etaseurattava-palovaroitin-yobiiq-verkkovirta\/"]}]},{"@type":"ImageObject","inLanguage":"fi","@id":"https:\/\/www2.nerviot.com\/index.php\/product\/etaseurattava-palovaroitin-yobiiq-verkkovirta\/#primaryimage","url":"https:\/\/www2.nerviot.com\/wp-content\/uploads\/2024\/09\/yobiiq.png","contentUrl":"https:\/\/www2.nerviot.com\/wp-content\/uploads\/2024\/09\/yobiiq.png","width":692,"height":443},{"@type":"BreadcrumbList","@id":"https:\/\/www2.nerviot.com\/index.php\/product\/etaseurattava-palovaroitin-yobiiq-verkkovirta\/#breadcrumb","itemListElement":[{"@type":"ListItem","position":1,"name":"Home","item":"https:\/\/www2.nerviot.com\/"},{"@type":"ListItem","position":2,"name":"Nerviot Verkkokauppa","item":"https:\/\/www2.nerviot.com\/?page_id=1352"},{"@type":"ListItem","position":3,"name":"Et\u00e4seurattava verkkovirta palovaroitin Yobiiq"}]},{"@type":"WebSite","@id":"https:\/\/www2.nerviot.com\/#website","url":"https:\/\/www2.nerviot.com\/","name":"Nerviot IoT | Condition Monitoring | Olosuhdemittaus | Kylm\u00e4laitteiden seuranta | Alipaine-erojen mittaus","description":"nerviot.com remote monitoring","publisher":{"@id":"https:\/\/www2.nerviot.com\/#organization"},"potentialAction":[{"@type":"SearchAction","target":{"@type":"EntryPoint","urlTemplate":"https:\/\/www2.nerviot.com\/?s={search_term_string}"},"query-input":{"@type":"PropertyValueSpecification","valueRequired":true,"valueName":"search_term_string"}}],"inLanguage":"fi"},{"@type":"Organization","@id":"https:\/\/www2.nerviot.com\/#organization","name":"Nerviot IoT | Condition Monitoring | Olosuhdemittaus | Kylm\u00e4laitteiden seuranta | Alipaine-erojen mittaus","url":"https:\/\/www2.nerviot.com\/","logo":{"@type":"ImageObject","inLanguage":"fi","@id":"https:\/\/www2.nerviot.com\/#\/schema\/logo\/image\/","url":"https:\/\/www2.nerviot.com\/wp-content\/uploads\/2024\/07\/Nerviot_logo_400x150px.png","contentUrl":"https:\/\/www2.nerviot.com\/wp-content\/uploads\/2024\/07\/Nerviot_logo_400x150px.png","width":400,"height":150,"caption":"Nerviot IoT | Condition Monitoring | Olosuhdemittaus | Kylm\u00e4laitteiden seuranta | Alipaine-erojen mittaus"},"image":{"@id":"https:\/\/www2.nerviot.com\/#\/schema\/logo\/image\/"},"sameAs":["https:\/\/www.facebook.com\/secorasystems","https:\/\/www.linkedin.com\/company\/secora-systems\/"]}]}},"_links":{"self":[{"href":"https:\/\/www2.nerviot.com\/index.php\/wp-json\/wp\/v2\/product\/1549","targetHints":{"allow":["GET"]}}],"collection":[{"href":"https:\/\/www2.nerviot.com\/index.php\/wp-json\/wp\/v2\/product"}],"about":[{"href":"https:\/\/www2.nerviot.com\/index.php\/wp-json\/wp\/v2\/types\/product"}],"replies":[{"embeddable":true,"href":"https:\/\/www2.nerviot.com\/index.php\/wp-json\/wp\/v2\/comments?post=1549"}],"wp:featuredmedia":[{"embeddable":true,"href":"https:\/\/www2.nerviot.com\/index.php\/wp-json\/wp\/v2\/media\/1767"}],"wp:attachment":[{"href":"https:\/\/www2.nerviot.com\/index.php\/wp-json\/wp\/v2\/media?parent=1549"}],"wp:term":[{"taxonomy":"product_brand","embeddable":true,"href":"https:\/\/www2.nerviot.com\/index.php\/wp-json\/wp\/v2\/product_brand?post=1549"},{"taxonomy":"product_cat","embeddable":true,"href":"https:\/\/www2.nerviot.com\/index.php\/wp-json\/wp\/v2\/product_cat?post=1549"},{"taxonomy":"product_tag","embeddable":true,"href":"https:\/\/www2.nerviot.com\/index.php\/wp-json\/wp\/v2\/product_tag?post=1549"}],"curies":[{"name":"wp","href":"https:\/\/api.w.org\/{rel}","templated":true}]}}