{"id":1559,"date":"2024-09-19T15:27:19","date_gmt":"2024-09-19T12:27:19","guid":{"rendered":"https:\/\/www2.nerviot.com\/?post_type=product&#038;p=1559"},"modified":"2025-04-08T14:33:13","modified_gmt":"2025-04-08T11:33:13","slug":"tekelek-766-pinnankorkeuden-mittaus","status":"publish","type":"product","link":"https:\/\/www2.nerviot.com\/index.php\/product\/tekelek-766-pinnankorkeuden-mittaus\/","title":{"rendered":"Tekelek 766 -pinnankorkeusmittari"},"content":{"rendered":"<p>Joustava ja konfiguroitavissa oleva akulla toimiva ultra\u00e4\u00e4ni tasonanturi, jossa on integroitu LoRaWAN-radio.<\/p>\n<p>Seurattavia kohteita voivat esimerkiksi olla:<\/p>\n<ul>\n<li>Nestetason korkeus<\/li>\n<li>Polttoaineet \u2013 \u00f6ljy, kerosiini, diesel<\/li>\n<li>Voiteluaineet<\/li>\n<li>Lis\u00e4aineet<\/li>\n<li>DEF \/ AdBlue<\/li>\n<li>J\u00e4\u00e4hdytysnesteet<\/li>\n<li>Vesi<\/li>\n<li>J\u00e4te\u00f6ljy<\/li>\n<li>K\u00e4sittelyvedet<\/li>\n<li>Kemikaalit \u2013 <em>T\u00e4t\u00e4 tuotetta ei ehk\u00e4 ole sovitettu joidenkin sy\u00f6vytt\u00e4vien ja vaarallisten kemikaalien seurantaan. Kysy.<\/em><\/li>\n<\/ul>\n<p>Pinnankorkeuden tuomia hy\u00f6tyj\u00e4:<\/p>\n<ul>\n<li>Varmista jatkuva toimitus<\/li>\n<li>Optimoi toimitukset tai ker\u00e4ykset<\/li>\n<li>Paikkakohtainen ja jatkuva varastonmittaus<\/li>\n<li>Nestetason anturi, joka tarjoaa 24\/7 valvonnan<\/li>\n<li>Matalan ja korkean tason h\u00e4lytykset<\/li>\n<\/ul>\n<p>Ominaisuuksia:<\/p>\n<ul>\n<li>Tarkka ja luotettava s\u00e4ili\u00f6tason seuranta<\/li>\n<li>LoRaWAN-viestint\u00e4<\/li>\n<li>Paikkakohtainen ja jatkuva varastonhallinta<\/li>\n<li>Helppo asentaa<\/li>\n<li>Kustannustehokas laajamittaisessa k\u00e4ytt\u00f6\u00f6notossa<\/li>\n<li>CE-hyv\u00e4ksynt\u00e4 ja ROHS-yhteensopiva<\/li>\n<li>Hyv\u00e4 kantavuus<\/li>\n<li>Tehokkuuden lis\u00e4\u00e4minen<\/li>\n<li>Kannattavuuden parantaminen<\/li>\n<li>Logistiikan optimointi<\/li>\n<\/ul>\n","protected":false},"excerpt":{"rendered":"<p>Tekelek 766 on langaton pinnankorkeusmittari, joka seuraa tarkasti s\u00e4ili\u00f6iden ja tankkien t\u00e4ytt\u00f6astetta. Soveltuu erinomaisesti \u00f6ljy-, vesi- ja muiden nesteiden seurantaan. Helppo asennus ja reaaliaikainen mittaus takaavat luotettavan ja tehokkaan valvonnan kaikissa olosuhteissa.<\/p>\n","protected":false},"featured_media":1738,"comment_status":"closed","ping_status":"closed","template":"","meta":[],"product_brand":[],"product_cat":[49,47],"product_tag":[],"class_list":{"0":"post-1559","1":"product","2":"type-product","3":"status-publish","4":"has-post-thumbnail","6":"product_cat-maatalous","7":"product_cat-tekninen-kunnossapito","9":"first","10":"instock","11":"taxable","12":"shipping-taxable","13":"purchasable","14":"product-type-simple"},"yoast_head":"<!-- This site is optimized with the Yoast SEO plugin v27.4 - https:\/\/yoast.com\/product\/yoast-seo-wordpress\/ -->\n<title>Tekelek 766 -pinnankorkeusmittari - Nerviot IoT<\/title>\n<meta name=\"description\" content=\"Tekelek 766 on langaton pinnankorkeuden mittari, joka seuraa tarkasti s\u00e4ili\u00f6iden ja tankkien t\u00e4ytt\u00f6astetta. Soveltuu mm. \u00f6ljy- ja vesis\u00e4ili\u00f6iden seurantaan.\" \/>\n<meta name=\"robots\" content=\"index, follow, max-snippet:-1, max-image-preview:large, max-video-preview:-1\" \/>\n<link rel=\"canonical\" href=\"https:\/\/www2.nerviot.com\/index.php\/product\/tekelek-766-pinnankorkeuden-mittaus\/\" \/>\n<meta property=\"og:locale\" content=\"fi_FI\" \/>\n<meta property=\"og:type\" content=\"article\" \/>\n<meta property=\"og:title\" content=\"Tekelek 766 -pinnankorkeusmittari - Nerviot IoT\" \/>\n<meta property=\"og:description\" content=\"Tekelek 766 on langaton pinnankorkeuden mittari, joka seuraa tarkasti s\u00e4ili\u00f6iden ja tankkien t\u00e4ytt\u00f6astetta. Soveltuu mm. \u00f6ljy- ja vesis\u00e4ili\u00f6iden seurantaan.\" \/>\n<meta property=\"og:url\" content=\"https:\/\/www2.nerviot.com\/index.php\/product\/tekelek-766-pinnankorkeuden-mittaus\/\" \/>\n<meta property=\"og:site_name\" content=\"Nerviot IoT\" \/>\n<meta property=\"article:publisher\" content=\"https:\/\/www.facebook.com\/secorasystems\" \/>\n<meta property=\"article:modified_time\" content=\"2025-04-08T11:33:13+00:00\" \/>\n<meta property=\"og:image\" content=\"https:\/\/www2.nerviot.com\/wp-content\/uploads\/2024\/09\/tekelek.jpg\" \/>\n\t<meta property=\"og:image:width\" content=\"500\" \/>\n\t<meta property=\"og:image:height\" content=\"500\" \/>\n\t<meta property=\"og:image:type\" content=\"image\/jpeg\" \/>\n<meta name=\"twitter:card\" content=\"summary_large_image\" \/>\n<meta name=\"twitter:label1\" content=\"Arvioitu lukuaika\" \/>\n\t<meta name=\"twitter:data1\" content=\"1 minuutti\" \/>\n<script type=\"application\/ld+json\" class=\"yoast-schema-graph\">{\"@context\":\"https:\\\/\\\/schema.org\",\"@graph\":[{\"@type\":\"WebPage\",\"@id\":\"https:\\\/\\\/www2.nerviot.com\\\/index.php\\\/product\\\/tekelek-766-pinnankorkeuden-mittaus\\\/\",\"url\":\"https:\\\/\\\/www2.nerviot.com\\\/index.php\\\/product\\\/tekelek-766-pinnankorkeuden-mittaus\\\/\",\"name\":\"Tekelek 766 -pinnankorkeusmittari - Nerviot IoT\",\"isPartOf\":{\"@id\":\"https:\\\/\\\/www2.nerviot.com\\\/#website\"},\"primaryImageOfPage\":{\"@id\":\"https:\\\/\\\/www2.nerviot.com\\\/index.php\\\/product\\\/tekelek-766-pinnankorkeuden-mittaus\\\/#primaryimage\"},\"image\":{\"@id\":\"https:\\\/\\\/www2.nerviot.com\\\/index.php\\\/product\\\/tekelek-766-pinnankorkeuden-mittaus\\\/#primaryimage\"},\"thumbnailUrl\":\"https:\\\/\\\/www2.nerviot.com\\\/wp-content\\\/uploads\\\/2024\\\/09\\\/tekelek.jpg\",\"datePublished\":\"2024-09-19T12:27:19+00:00\",\"dateModified\":\"2025-04-08T11:33:13+00:00\",\"description\":\"Tekelek 766 on langaton pinnankorkeuden mittari, joka seuraa tarkasti s\u00e4ili\u00f6iden ja tankkien t\u00e4ytt\u00f6astetta. Soveltuu mm. \u00f6ljy- ja vesis\u00e4ili\u00f6iden seurantaan.\",\"breadcrumb\":{\"@id\":\"https:\\\/\\\/www2.nerviot.com\\\/index.php\\\/product\\\/tekelek-766-pinnankorkeuden-mittaus\\\/#breadcrumb\"},\"inLanguage\":\"fi\",\"potentialAction\":[{\"@type\":\"ReadAction\",\"target\":[\"https:\\\/\\\/www2.nerviot.com\\\/index.php\\\/product\\\/tekelek-766-pinnankorkeuden-mittaus\\\/\"]}]},{\"@type\":\"ImageObject\",\"inLanguage\":\"fi\",\"@id\":\"https:\\\/\\\/www2.nerviot.com\\\/index.php\\\/product\\\/tekelek-766-pinnankorkeuden-mittaus\\\/#primaryimage\",\"url\":\"https:\\\/\\\/www2.nerviot.com\\\/wp-content\\\/uploads\\\/2024\\\/09\\\/tekelek.jpg\",\"contentUrl\":\"https:\\\/\\\/www2.nerviot.com\\\/wp-content\\\/uploads\\\/2024\\\/09\\\/tekelek.jpg\",\"width\":500,\"height\":500,\"caption\":\"By Paul Corey\"},{\"@type\":\"BreadcrumbList\",\"@id\":\"https:\\\/\\\/www2.nerviot.com\\\/index.php\\\/product\\\/tekelek-766-pinnankorkeuden-mittaus\\\/#breadcrumb\",\"itemListElement\":[{\"@type\":\"ListItem\",\"position\":1,\"name\":\"Home\",\"item\":\"https:\\\/\\\/www2.nerviot.com\\\/\"},{\"@type\":\"ListItem\",\"position\":2,\"name\":\"Nerviot Verkkokauppa\",\"item\":\"https:\\\/\\\/www2.nerviot.com\\\/?page_id=1352\"},{\"@type\":\"ListItem\",\"position\":3,\"name\":\"Tekelek 766 -pinnankorkeusmittari\"}]},{\"@type\":\"WebSite\",\"@id\":\"https:\\\/\\\/www2.nerviot.com\\\/#website\",\"url\":\"https:\\\/\\\/www2.nerviot.com\\\/\",\"name\":\"Nerviot IoT | Condition Monitoring | Olosuhdemittaus | Kylm\u00e4laitteiden seuranta | Alipaine-erojen mittaus\",\"description\":\"nerviot.com remote monitoring\",\"publisher\":{\"@id\":\"https:\\\/\\\/www2.nerviot.com\\\/#organization\"},\"potentialAction\":[{\"@type\":\"SearchAction\",\"target\":{\"@type\":\"EntryPoint\",\"urlTemplate\":\"https:\\\/\\\/www2.nerviot.com\\\/?s={search_term_string}\"},\"query-input\":{\"@type\":\"PropertyValueSpecification\",\"valueRequired\":true,\"valueName\":\"search_term_string\"}}],\"inLanguage\":\"fi\"},{\"@type\":\"Organization\",\"@id\":\"https:\\\/\\\/www2.nerviot.com\\\/#organization\",\"name\":\"Nerviot IoT | Condition Monitoring | Olosuhdemittaus | Kylm\u00e4laitteiden seuranta | Alipaine-erojen mittaus\",\"url\":\"https:\\\/\\\/www2.nerviot.com\\\/\",\"logo\":{\"@type\":\"ImageObject\",\"inLanguage\":\"fi\",\"@id\":\"https:\\\/\\\/www2.nerviot.com\\\/#\\\/schema\\\/logo\\\/image\\\/\",\"url\":\"https:\\\/\\\/www2.nerviot.com\\\/wp-content\\\/uploads\\\/2024\\\/07\\\/Nerviot_logo_400x150px.png\",\"contentUrl\":\"https:\\\/\\\/www2.nerviot.com\\\/wp-content\\\/uploads\\\/2024\\\/07\\\/Nerviot_logo_400x150px.png\",\"width\":400,\"height\":150,\"caption\":\"Nerviot IoT | Condition Monitoring | Olosuhdemittaus | Kylm\u00e4laitteiden seuranta | Alipaine-erojen mittaus\"},\"image\":{\"@id\":\"https:\\\/\\\/www2.nerviot.com\\\/#\\\/schema\\\/logo\\\/image\\\/\"},\"sameAs\":[\"https:\\\/\\\/www.facebook.com\\\/secorasystems\",\"https:\\\/\\\/www.linkedin.com\\\/company\\\/secora-systems\\\/\"]}]}<\/script>\n<!-- \/ Yoast SEO plugin. -->","yoast_head_json":{"title":"Tekelek 766 -pinnankorkeusmittari - Nerviot IoT","description":"Tekelek 766 on langaton pinnankorkeuden mittari, joka seuraa tarkasti s\u00e4ili\u00f6iden ja tankkien t\u00e4ytt\u00f6astetta. Soveltuu mm. \u00f6ljy- ja vesis\u00e4ili\u00f6iden seurantaan.","robots":{"index":"index","follow":"follow","max-snippet":"max-snippet:-1","max-image-preview":"max-image-preview:large","max-video-preview":"max-video-preview:-1"},"canonical":"https:\/\/www2.nerviot.com\/index.php\/product\/tekelek-766-pinnankorkeuden-mittaus\/","og_locale":"fi_FI","og_type":"article","og_title":"Tekelek 766 -pinnankorkeusmittari - Nerviot IoT","og_description":"Tekelek 766 on langaton pinnankorkeuden mittari, joka seuraa tarkasti s\u00e4ili\u00f6iden ja tankkien t\u00e4ytt\u00f6astetta. Soveltuu mm. \u00f6ljy- ja vesis\u00e4ili\u00f6iden seurantaan.","og_url":"https:\/\/www2.nerviot.com\/index.php\/product\/tekelek-766-pinnankorkeuden-mittaus\/","og_site_name":"Nerviot IoT","article_publisher":"https:\/\/www.facebook.com\/secorasystems","article_modified_time":"2025-04-08T11:33:13+00:00","og_image":[{"width":500,"height":500,"url":"https:\/\/www2.nerviot.com\/wp-content\/uploads\/2024\/09\/tekelek.jpg","type":"image\/jpeg"}],"twitter_card":"summary_large_image","twitter_misc":{"Arvioitu lukuaika":"1 minuutti"},"schema":{"@context":"https:\/\/schema.org","@graph":[{"@type":"WebPage","@id":"https:\/\/www2.nerviot.com\/index.php\/product\/tekelek-766-pinnankorkeuden-mittaus\/","url":"https:\/\/www2.nerviot.com\/index.php\/product\/tekelek-766-pinnankorkeuden-mittaus\/","name":"Tekelek 766 -pinnankorkeusmittari - Nerviot IoT","isPartOf":{"@id":"https:\/\/www2.nerviot.com\/#website"},"primaryImageOfPage":{"@id":"https:\/\/www2.nerviot.com\/index.php\/product\/tekelek-766-pinnankorkeuden-mittaus\/#primaryimage"},"image":{"@id":"https:\/\/www2.nerviot.com\/index.php\/product\/tekelek-766-pinnankorkeuden-mittaus\/#primaryimage"},"thumbnailUrl":"https:\/\/www2.nerviot.com\/wp-content\/uploads\/2024\/09\/tekelek.jpg","datePublished":"2024-09-19T12:27:19+00:00","dateModified":"2025-04-08T11:33:13+00:00","description":"Tekelek 766 on langaton pinnankorkeuden mittari, joka seuraa tarkasti s\u00e4ili\u00f6iden ja tankkien t\u00e4ytt\u00f6astetta. Soveltuu mm. \u00f6ljy- ja vesis\u00e4ili\u00f6iden seurantaan.","breadcrumb":{"@id":"https:\/\/www2.nerviot.com\/index.php\/product\/tekelek-766-pinnankorkeuden-mittaus\/#breadcrumb"},"inLanguage":"fi","potentialAction":[{"@type":"ReadAction","target":["https:\/\/www2.nerviot.com\/index.php\/product\/tekelek-766-pinnankorkeuden-mittaus\/"]}]},{"@type":"ImageObject","inLanguage":"fi","@id":"https:\/\/www2.nerviot.com\/index.php\/product\/tekelek-766-pinnankorkeuden-mittaus\/#primaryimage","url":"https:\/\/www2.nerviot.com\/wp-content\/uploads\/2024\/09\/tekelek.jpg","contentUrl":"https:\/\/www2.nerviot.com\/wp-content\/uploads\/2024\/09\/tekelek.jpg","width":500,"height":500,"caption":"By Paul Corey"},{"@type":"BreadcrumbList","@id":"https:\/\/www2.nerviot.com\/index.php\/product\/tekelek-766-pinnankorkeuden-mittaus\/#breadcrumb","itemListElement":[{"@type":"ListItem","position":1,"name":"Home","item":"https:\/\/www2.nerviot.com\/"},{"@type":"ListItem","position":2,"name":"Nerviot Verkkokauppa","item":"https:\/\/www2.nerviot.com\/?page_id=1352"},{"@type":"ListItem","position":3,"name":"Tekelek 766 -pinnankorkeusmittari"}]},{"@type":"WebSite","@id":"https:\/\/www2.nerviot.com\/#website","url":"https:\/\/www2.nerviot.com\/","name":"Nerviot IoT | Condition Monitoring | Olosuhdemittaus | Kylm\u00e4laitteiden seuranta | Alipaine-erojen mittaus","description":"nerviot.com remote monitoring","publisher":{"@id":"https:\/\/www2.nerviot.com\/#organization"},"potentialAction":[{"@type":"SearchAction","target":{"@type":"EntryPoint","urlTemplate":"https:\/\/www2.nerviot.com\/?s={search_term_string}"},"query-input":{"@type":"PropertyValueSpecification","valueRequired":true,"valueName":"search_term_string"}}],"inLanguage":"fi"},{"@type":"Organization","@id":"https:\/\/www2.nerviot.com\/#organization","name":"Nerviot IoT | Condition Monitoring | Olosuhdemittaus | Kylm\u00e4laitteiden seuranta | Alipaine-erojen mittaus","url":"https:\/\/www2.nerviot.com\/","logo":{"@type":"ImageObject","inLanguage":"fi","@id":"https:\/\/www2.nerviot.com\/#\/schema\/logo\/image\/","url":"https:\/\/www2.nerviot.com\/wp-content\/uploads\/2024\/07\/Nerviot_logo_400x150px.png","contentUrl":"https:\/\/www2.nerviot.com\/wp-content\/uploads\/2024\/07\/Nerviot_logo_400x150px.png","width":400,"height":150,"caption":"Nerviot IoT | Condition Monitoring | Olosuhdemittaus | Kylm\u00e4laitteiden seuranta | Alipaine-erojen mittaus"},"image":{"@id":"https:\/\/www2.nerviot.com\/#\/schema\/logo\/image\/"},"sameAs":["https:\/\/www.facebook.com\/secorasystems","https:\/\/www.linkedin.com\/company\/secora-systems\/"]}]}},"_links":{"self":[{"href":"https:\/\/www2.nerviot.com\/index.php\/wp-json\/wp\/v2\/product\/1559","targetHints":{"allow":["GET"]}}],"collection":[{"href":"https:\/\/www2.nerviot.com\/index.php\/wp-json\/wp\/v2\/product"}],"about":[{"href":"https:\/\/www2.nerviot.com\/index.php\/wp-json\/wp\/v2\/types\/product"}],"replies":[{"embeddable":true,"href":"https:\/\/www2.nerviot.com\/index.php\/wp-json\/wp\/v2\/comments?post=1559"}],"wp:featuredmedia":[{"embeddable":true,"href":"https:\/\/www2.nerviot.com\/index.php\/wp-json\/wp\/v2\/media\/1738"}],"wp:attachment":[{"href":"https:\/\/www2.nerviot.com\/index.php\/wp-json\/wp\/v2\/media?parent=1559"}],"wp:term":[{"taxonomy":"product_brand","embeddable":true,"href":"https:\/\/www2.nerviot.com\/index.php\/wp-json\/wp\/v2\/product_brand?post=1559"},{"taxonomy":"product_cat","embeddable":true,"href":"https:\/\/www2.nerviot.com\/index.php\/wp-json\/wp\/v2\/product_cat?post=1559"},{"taxonomy":"product_tag","embeddable":true,"href":"https:\/\/www2.nerviot.com\/index.php\/wp-json\/wp\/v2\/product_tag?post=1559"}],"curies":[{"name":"wp","href":"https:\/\/api.w.org\/{rel}","templated":true}]}}