{"id":1990,"date":"2025-04-01T13:13:56","date_gmt":"2025-04-01T10:13:56","guid":{"rendered":"https:\/\/www2.nerviot.com\/?post_type=product&#038;p=1990"},"modified":"2025-04-01T13:20:06","modified_gmt":"2025-04-01T10:20:06","slug":"milesight-am103-lampo-kosteus-co2-mittari","status":"publish","type":"product","link":"https:\/\/www2.nerviot.com\/index.php\/product\/milesight-am103-lampo-kosteus-co2-mittari\/","title":{"rendered":"Milesight AM103 l\u00e4mp\u00f6-\/kosteus-\/CO2-mittari"},"content":{"rendered":"<p>LoRaWAN-l\u00e4hetyksen lis\u00e4ksi laitteessa on mittausarvot n\u00e4ytt\u00e4v\u00e4 oma E-Ink -n\u00e4ytt\u00f6, joka kuluttaa hyvin v\u00e4h\u00e4n virtaa. E-Ink -n\u00e4ytt\u00f6 p\u00e4ivittyy \u00e4lykk\u00e4\u00e4sti vain, kun mittausarvoissa tapahtuu merkitt\u00e4vi\u00e4 muutoksia.<\/p>\n<p><strong>Ominaisuudet:<\/strong><\/p>\n<ul>\n<li>L\u00e4mp\u00f6tilan mittausalue: -20\u00b0 &#8211; +70\u00b0C (erottelukyky 0,1\u00b0C)<\/li>\n<li>Kosteusmittausalue: 0 &#8211; 100 % RH (erottelukyky 0,5 % RH)<\/li>\n<li>Hiilidioksidin mittausalue: 400 &#8211; 5000 ppm (erottelukyky 1 ppm)<\/li>\n<li>N\u00e4ytt\u00f6: 2,13&#8243; E-Ink<\/li>\n<li>Paristo: 2 x 2700 mAh ER14505 Li-SOCl2<\/li>\n<li>Pariston kesto: n. 3 vuotta (10 min. intervalli)<\/li>\n<li>Suojausluokitus: IP30<\/li>\n<li>Mitat: 68 x 65 x 20,5 mm<\/li>\n<\/ul>\n","protected":false},"excerpt":{"rendered":"<p>AM103 on sis\u00e4tilojen l\u00e4mp\u00f6tila-, kosteus- ja hiilidioksidimittari.<\/p>\n","protected":false},"featured_media":1991,"comment_status":"closed","ping_status":"closed","template":"","meta":[],"product_brand":[],"product_cat":[46,47],"product_tag":[],"class_list":{"0":"post-1990","1":"product","2":"type-product","3":"status-publish","4":"has-post-thumbnail","6":"product_cat-sisailma","7":"product_cat-tekninen-kunnossapito","9":"first","10":"instock","11":"taxable","12":"shipping-taxable","13":"purchasable","14":"product-type-simple"},"yoast_head":"<!-- This site is optimized with the Yoast SEO plugin v27.4 - https:\/\/yoast.com\/product\/yoast-seo-wordpress\/ -->\n<title>Milesight AM103 l\u00e4mp\u00f6-\/kosteus-\/CO2-mittari - Nerviot IoT<\/title>\n<meta name=\"description\" content=\"AM103 on sis\u00e4tilojen l\u00e4mp\u00f6tila-, kosteus- ja hiilidioksidimittari.\" \/>\n<meta name=\"robots\" content=\"index, follow, max-snippet:-1, max-image-preview:large, max-video-preview:-1\" \/>\n<link rel=\"canonical\" href=\"https:\/\/www2.nerviot.com\/index.php\/product\/milesight-am103-lampo-kosteus-co2-mittari\/\" \/>\n<meta property=\"og:locale\" content=\"fi_FI\" \/>\n<meta property=\"og:type\" content=\"article\" \/>\n<meta property=\"og:title\" content=\"Milesight AM103 l\u00e4mp\u00f6-\/kosteus-\/CO2-mittari - Nerviot IoT\" \/>\n<meta property=\"og:description\" content=\"AM103 on sis\u00e4tilojen l\u00e4mp\u00f6tila-, kosteus- ja hiilidioksidimittari.\" \/>\n<meta property=\"og:url\" content=\"https:\/\/www2.nerviot.com\/index.php\/product\/milesight-am103-lampo-kosteus-co2-mittari\/\" \/>\n<meta property=\"og:site_name\" content=\"Nerviot IoT\" \/>\n<meta property=\"article:publisher\" content=\"https:\/\/www.facebook.com\/secorasystems\" \/>\n<meta property=\"article:modified_time\" content=\"2025-04-01T10:20:06+00:00\" \/>\n<meta property=\"og:image\" content=\"https:\/\/www2.nerviot.com\/wp-content\/uploads\/2025\/04\/Milesight-AM103-lampo-koste_1_AM103.jpg\" \/>\n\t<meta property=\"og:image:width\" content=\"1366\" \/>\n\t<meta property=\"og:image:height\" content=\"1483\" \/>\n\t<meta property=\"og:image:type\" content=\"image\/jpeg\" \/>\n<meta name=\"twitter:card\" content=\"summary_large_image\" \/>\n<meta name=\"twitter:label1\" content=\"Arvioitu lukuaika\" \/>\n\t<meta name=\"twitter:data1\" content=\"1 minuutti\" \/>\n<script type=\"application\/ld+json\" class=\"yoast-schema-graph\">{\"@context\":\"https:\\\/\\\/schema.org\",\"@graph\":[{\"@type\":\"WebPage\",\"@id\":\"https:\\\/\\\/www2.nerviot.com\\\/index.php\\\/product\\\/milesight-am103-lampo-kosteus-co2-mittari\\\/\",\"url\":\"https:\\\/\\\/www2.nerviot.com\\\/index.php\\\/product\\\/milesight-am103-lampo-kosteus-co2-mittari\\\/\",\"name\":\"Milesight AM103 l\u00e4mp\u00f6-\\\/kosteus-\\\/CO2-mittari - Nerviot IoT\",\"isPartOf\":{\"@id\":\"https:\\\/\\\/www2.nerviot.com\\\/#website\"},\"primaryImageOfPage\":{\"@id\":\"https:\\\/\\\/www2.nerviot.com\\\/index.php\\\/product\\\/milesight-am103-lampo-kosteus-co2-mittari\\\/#primaryimage\"},\"image\":{\"@id\":\"https:\\\/\\\/www2.nerviot.com\\\/index.php\\\/product\\\/milesight-am103-lampo-kosteus-co2-mittari\\\/#primaryimage\"},\"thumbnailUrl\":\"https:\\\/\\\/www2.nerviot.com\\\/wp-content\\\/uploads\\\/2025\\\/04\\\/Milesight-AM103-lampo-koste_1_AM103.jpg\",\"datePublished\":\"2025-04-01T10:13:56+00:00\",\"dateModified\":\"2025-04-01T10:20:06+00:00\",\"description\":\"AM103 on sis\u00e4tilojen l\u00e4mp\u00f6tila-, kosteus- ja hiilidioksidimittari.\",\"breadcrumb\":{\"@id\":\"https:\\\/\\\/www2.nerviot.com\\\/index.php\\\/product\\\/milesight-am103-lampo-kosteus-co2-mittari\\\/#breadcrumb\"},\"inLanguage\":\"fi\",\"potentialAction\":[{\"@type\":\"ReadAction\",\"target\":[\"https:\\\/\\\/www2.nerviot.com\\\/index.php\\\/product\\\/milesight-am103-lampo-kosteus-co2-mittari\\\/\"]}]},{\"@type\":\"ImageObject\",\"inLanguage\":\"fi\",\"@id\":\"https:\\\/\\\/www2.nerviot.com\\\/index.php\\\/product\\\/milesight-am103-lampo-kosteus-co2-mittari\\\/#primaryimage\",\"url\":\"https:\\\/\\\/www2.nerviot.com\\\/wp-content\\\/uploads\\\/2025\\\/04\\\/Milesight-AM103-lampo-koste_1_AM103.jpg\",\"contentUrl\":\"https:\\\/\\\/www2.nerviot.com\\\/wp-content\\\/uploads\\\/2025\\\/04\\\/Milesight-AM103-lampo-koste_1_AM103.jpg\",\"width\":1366,\"height\":1483},{\"@type\":\"BreadcrumbList\",\"@id\":\"https:\\\/\\\/www2.nerviot.com\\\/index.php\\\/product\\\/milesight-am103-lampo-kosteus-co2-mittari\\\/#breadcrumb\",\"itemListElement\":[{\"@type\":\"ListItem\",\"position\":1,\"name\":\"Home\",\"item\":\"https:\\\/\\\/www2.nerviot.com\\\/\"},{\"@type\":\"ListItem\",\"position\":2,\"name\":\"Nerviot Verkkokauppa\",\"item\":\"https:\\\/\\\/www2.nerviot.com\\\/?page_id=1352\"},{\"@type\":\"ListItem\",\"position\":3,\"name\":\"Milesight AM103 l\u00e4mp\u00f6-\\\/kosteus-\\\/CO2-mittari\"}]},{\"@type\":\"WebSite\",\"@id\":\"https:\\\/\\\/www2.nerviot.com\\\/#website\",\"url\":\"https:\\\/\\\/www2.nerviot.com\\\/\",\"name\":\"Nerviot IoT | Condition Monitoring | Olosuhdemittaus | Kylm\u00e4laitteiden seuranta | Alipaine-erojen mittaus\",\"description\":\"nerviot.com remote monitoring\",\"publisher\":{\"@id\":\"https:\\\/\\\/www2.nerviot.com\\\/#organization\"},\"potentialAction\":[{\"@type\":\"SearchAction\",\"target\":{\"@type\":\"EntryPoint\",\"urlTemplate\":\"https:\\\/\\\/www2.nerviot.com\\\/?s={search_term_string}\"},\"query-input\":{\"@type\":\"PropertyValueSpecification\",\"valueRequired\":true,\"valueName\":\"search_term_string\"}}],\"inLanguage\":\"fi\"},{\"@type\":\"Organization\",\"@id\":\"https:\\\/\\\/www2.nerviot.com\\\/#organization\",\"name\":\"Nerviot IoT | Condition Monitoring | Olosuhdemittaus | Kylm\u00e4laitteiden seuranta | Alipaine-erojen mittaus\",\"url\":\"https:\\\/\\\/www2.nerviot.com\\\/\",\"logo\":{\"@type\":\"ImageObject\",\"inLanguage\":\"fi\",\"@id\":\"https:\\\/\\\/www2.nerviot.com\\\/#\\\/schema\\\/logo\\\/image\\\/\",\"url\":\"https:\\\/\\\/www2.nerviot.com\\\/wp-content\\\/uploads\\\/2024\\\/07\\\/Nerviot_logo_400x150px.png\",\"contentUrl\":\"https:\\\/\\\/www2.nerviot.com\\\/wp-content\\\/uploads\\\/2024\\\/07\\\/Nerviot_logo_400x150px.png\",\"width\":400,\"height\":150,\"caption\":\"Nerviot IoT | Condition Monitoring | Olosuhdemittaus | Kylm\u00e4laitteiden seuranta | Alipaine-erojen mittaus\"},\"image\":{\"@id\":\"https:\\\/\\\/www2.nerviot.com\\\/#\\\/schema\\\/logo\\\/image\\\/\"},\"sameAs\":[\"https:\\\/\\\/www.facebook.com\\\/secorasystems\",\"https:\\\/\\\/www.linkedin.com\\\/company\\\/secora-systems\\\/\"]}]}<\/script>\n<!-- \/ Yoast SEO plugin. -->","yoast_head_json":{"title":"Milesight AM103 l\u00e4mp\u00f6-\/kosteus-\/CO2-mittari - Nerviot IoT","description":"AM103 on sis\u00e4tilojen l\u00e4mp\u00f6tila-, kosteus- ja hiilidioksidimittari.","robots":{"index":"index","follow":"follow","max-snippet":"max-snippet:-1","max-image-preview":"max-image-preview:large","max-video-preview":"max-video-preview:-1"},"canonical":"https:\/\/www2.nerviot.com\/index.php\/product\/milesight-am103-lampo-kosteus-co2-mittari\/","og_locale":"fi_FI","og_type":"article","og_title":"Milesight AM103 l\u00e4mp\u00f6-\/kosteus-\/CO2-mittari - Nerviot IoT","og_description":"AM103 on sis\u00e4tilojen l\u00e4mp\u00f6tila-, kosteus- ja hiilidioksidimittari.","og_url":"https:\/\/www2.nerviot.com\/index.php\/product\/milesight-am103-lampo-kosteus-co2-mittari\/","og_site_name":"Nerviot IoT","article_publisher":"https:\/\/www.facebook.com\/secorasystems","article_modified_time":"2025-04-01T10:20:06+00:00","og_image":[{"width":1366,"height":1483,"url":"https:\/\/www2.nerviot.com\/wp-content\/uploads\/2025\/04\/Milesight-AM103-lampo-koste_1_AM103.jpg","type":"image\/jpeg"}],"twitter_card":"summary_large_image","twitter_misc":{"Arvioitu lukuaika":"1 minuutti"},"schema":{"@context":"https:\/\/schema.org","@graph":[{"@type":"WebPage","@id":"https:\/\/www2.nerviot.com\/index.php\/product\/milesight-am103-lampo-kosteus-co2-mittari\/","url":"https:\/\/www2.nerviot.com\/index.php\/product\/milesight-am103-lampo-kosteus-co2-mittari\/","name":"Milesight AM103 l\u00e4mp\u00f6-\/kosteus-\/CO2-mittari - Nerviot IoT","isPartOf":{"@id":"https:\/\/www2.nerviot.com\/#website"},"primaryImageOfPage":{"@id":"https:\/\/www2.nerviot.com\/index.php\/product\/milesight-am103-lampo-kosteus-co2-mittari\/#primaryimage"},"image":{"@id":"https:\/\/www2.nerviot.com\/index.php\/product\/milesight-am103-lampo-kosteus-co2-mittari\/#primaryimage"},"thumbnailUrl":"https:\/\/www2.nerviot.com\/wp-content\/uploads\/2025\/04\/Milesight-AM103-lampo-koste_1_AM103.jpg","datePublished":"2025-04-01T10:13:56+00:00","dateModified":"2025-04-01T10:20:06+00:00","description":"AM103 on sis\u00e4tilojen l\u00e4mp\u00f6tila-, kosteus- ja hiilidioksidimittari.","breadcrumb":{"@id":"https:\/\/www2.nerviot.com\/index.php\/product\/milesight-am103-lampo-kosteus-co2-mittari\/#breadcrumb"},"inLanguage":"fi","potentialAction":[{"@type":"ReadAction","target":["https:\/\/www2.nerviot.com\/index.php\/product\/milesight-am103-lampo-kosteus-co2-mittari\/"]}]},{"@type":"ImageObject","inLanguage":"fi","@id":"https:\/\/www2.nerviot.com\/index.php\/product\/milesight-am103-lampo-kosteus-co2-mittari\/#primaryimage","url":"https:\/\/www2.nerviot.com\/wp-content\/uploads\/2025\/04\/Milesight-AM103-lampo-koste_1_AM103.jpg","contentUrl":"https:\/\/www2.nerviot.com\/wp-content\/uploads\/2025\/04\/Milesight-AM103-lampo-koste_1_AM103.jpg","width":1366,"height":1483},{"@type":"BreadcrumbList","@id":"https:\/\/www2.nerviot.com\/index.php\/product\/milesight-am103-lampo-kosteus-co2-mittari\/#breadcrumb","itemListElement":[{"@type":"ListItem","position":1,"name":"Home","item":"https:\/\/www2.nerviot.com\/"},{"@type":"ListItem","position":2,"name":"Nerviot Verkkokauppa","item":"https:\/\/www2.nerviot.com\/?page_id=1352"},{"@type":"ListItem","position":3,"name":"Milesight AM103 l\u00e4mp\u00f6-\/kosteus-\/CO2-mittari"}]},{"@type":"WebSite","@id":"https:\/\/www2.nerviot.com\/#website","url":"https:\/\/www2.nerviot.com\/","name":"Nerviot IoT | Condition Monitoring | Olosuhdemittaus | Kylm\u00e4laitteiden seuranta | Alipaine-erojen mittaus","description":"nerviot.com remote monitoring","publisher":{"@id":"https:\/\/www2.nerviot.com\/#organization"},"potentialAction":[{"@type":"SearchAction","target":{"@type":"EntryPoint","urlTemplate":"https:\/\/www2.nerviot.com\/?s={search_term_string}"},"query-input":{"@type":"PropertyValueSpecification","valueRequired":true,"valueName":"search_term_string"}}],"inLanguage":"fi"},{"@type":"Organization","@id":"https:\/\/www2.nerviot.com\/#organization","name":"Nerviot IoT | Condition Monitoring | Olosuhdemittaus | Kylm\u00e4laitteiden seuranta | Alipaine-erojen mittaus","url":"https:\/\/www2.nerviot.com\/","logo":{"@type":"ImageObject","inLanguage":"fi","@id":"https:\/\/www2.nerviot.com\/#\/schema\/logo\/image\/","url":"https:\/\/www2.nerviot.com\/wp-content\/uploads\/2024\/07\/Nerviot_logo_400x150px.png","contentUrl":"https:\/\/www2.nerviot.com\/wp-content\/uploads\/2024\/07\/Nerviot_logo_400x150px.png","width":400,"height":150,"caption":"Nerviot IoT | Condition Monitoring | Olosuhdemittaus | Kylm\u00e4laitteiden seuranta | Alipaine-erojen mittaus"},"image":{"@id":"https:\/\/www2.nerviot.com\/#\/schema\/logo\/image\/"},"sameAs":["https:\/\/www.facebook.com\/secorasystems","https:\/\/www.linkedin.com\/company\/secora-systems\/"]}]}},"_links":{"self":[{"href":"https:\/\/www2.nerviot.com\/index.php\/wp-json\/wp\/v2\/product\/1990","targetHints":{"allow":["GET"]}}],"collection":[{"href":"https:\/\/www2.nerviot.com\/index.php\/wp-json\/wp\/v2\/product"}],"about":[{"href":"https:\/\/www2.nerviot.com\/index.php\/wp-json\/wp\/v2\/types\/product"}],"replies":[{"embeddable":true,"href":"https:\/\/www2.nerviot.com\/index.php\/wp-json\/wp\/v2\/comments?post=1990"}],"wp:featuredmedia":[{"embeddable":true,"href":"https:\/\/www2.nerviot.com\/index.php\/wp-json\/wp\/v2\/media\/1991"}],"wp:attachment":[{"href":"https:\/\/www2.nerviot.com\/index.php\/wp-json\/wp\/v2\/media?parent=1990"}],"wp:term":[{"taxonomy":"product_brand","embeddable":true,"href":"https:\/\/www2.nerviot.com\/index.php\/wp-json\/wp\/v2\/product_brand?post=1990"},{"taxonomy":"product_cat","embeddable":true,"href":"https:\/\/www2.nerviot.com\/index.php\/wp-json\/wp\/v2\/product_cat?post=1990"},{"taxonomy":"product_tag","embeddable":true,"href":"https:\/\/www2.nerviot.com\/index.php\/wp-json\/wp\/v2\/product_tag?post=1990"}],"curies":[{"name":"wp","href":"https:\/\/api.w.org\/{rel}","templated":true}]}}