{"id":2008,"date":"2025-04-08T14:29:07","date_gmt":"2025-04-08T11:29:07","guid":{"rendered":"https:\/\/www2.nerviot.com\/?post_type=product&#038;p=2008"},"modified":"2025-04-08T14:32:19","modified_gmt":"2025-04-08T11:32:19","slug":"ct101-868m","status":"publish","type":"product","link":"https:\/\/www2.nerviot.com\/index.php\/product\/ct101-868m\/","title":{"rendered":"Milesight CT101-868M LoRaWAN-virtamittari"},"content":{"rendered":"<p>Ominaisuudet<\/p>\n<ul>\n<li>Mittaa virtaa ja kulutusta<\/li>\n<li>Mittaustulos kerran sekunnissa<\/li>\n<li>J\u00e4nnitealue: 100 &#8211; 480 V AC, 50 &#8211; 60 Hz<\/li>\n<li>Virta-alue: 1 &#8211; 100 Arms<\/li>\n<li>Mittaustarkkuus: \u00b11%, resoluutio: 1 mA<\/li>\n<li>K\u00e4ytt\u00f6l\u00e4mp\u00f6tila-alue: -20\u00b0 &#8211; +70\u00b0C<\/li>\n<li>Suojausluokka: IP30<\/li>\n<li>Mitat: 86,5 x 31 x 37,4 mm<\/li>\n<li>Paino: 86g<\/li>\n<\/ul>\n","protected":false},"excerpt":{"rendered":"<p>CT101 on tarkoitettu mittaamaan energian kulutusta merkitt\u00e4viss\u00e4 kulutuskohteissa. Asennus on helppo, koska laite mittaa induktiivisesti vaihejohdosta, eik\u00e4 kytkent\u00f6ihin tarvitse koskea.<\/p>\n","protected":false},"featured_media":2009,"comment_status":"closed","ping_status":"closed","template":"","meta":[],"product_brand":[],"product_cat":[49,47],"product_tag":[],"class_list":{"0":"post-2008","1":"product","2":"type-product","3":"status-publish","4":"has-post-thumbnail","6":"product_cat-maatalous","7":"product_cat-tekninen-kunnossapito","9":"first","10":"instock","11":"taxable","12":"shipping-taxable","13":"purchasable","14":"product-type-simple"},"yoast_head":"<!-- This site is optimized with the Yoast SEO plugin v27.4 - https:\/\/yoast.com\/product\/yoast-seo-wordpress\/ -->\n<title>Milesight CT101-868M LoRaWAN-virtamittari - Nerviot IoT<\/title>\n<meta name=\"description\" content=\"Milesight CT101 LoRaWAN-virtamittari\" \/>\n<meta name=\"robots\" content=\"index, follow, max-snippet:-1, max-image-preview:large, max-video-preview:-1\" \/>\n<link rel=\"canonical\" href=\"https:\/\/www2.nerviot.com\/index.php\/product\/ct101-868m\/\" \/>\n<meta property=\"og:locale\" content=\"fi_FI\" \/>\n<meta property=\"og:type\" content=\"article\" \/>\n<meta property=\"og:title\" content=\"Milesight CT101-868M LoRaWAN-virtamittari - Nerviot IoT\" \/>\n<meta property=\"og:description\" content=\"Milesight CT101 LoRaWAN-virtamittari\" \/>\n<meta property=\"og:url\" content=\"https:\/\/www2.nerviot.com\/index.php\/product\/ct101-868m\/\" \/>\n<meta property=\"og:site_name\" content=\"Nerviot IoT\" \/>\n<meta property=\"article:publisher\" content=\"https:\/\/www.facebook.com\/secorasystems\" \/>\n<meta property=\"article:modified_time\" content=\"2025-04-08T11:32:19+00:00\" \/>\n<meta property=\"og:image\" content=\"https:\/\/www2.nerviot.com\/wp-content\/uploads\/2025\/04\/CT101_kk.png\" \/>\n\t<meta property=\"og:image:width\" content=\"500\" \/>\n\t<meta property=\"og:image:height\" content=\"500\" \/>\n\t<meta property=\"og:image:type\" content=\"image\/png\" \/>\n<meta name=\"twitter:card\" content=\"summary_large_image\" \/>\n<meta name=\"twitter:label1\" content=\"Arvioitu lukuaika\" \/>\n\t<meta name=\"twitter:data1\" content=\"1 minuutti\" \/>\n<script type=\"application\/ld+json\" class=\"yoast-schema-graph\">{\"@context\":\"https:\\\/\\\/schema.org\",\"@graph\":[{\"@type\":\"WebPage\",\"@id\":\"https:\\\/\\\/www2.nerviot.com\\\/index.php\\\/product\\\/ct101-868m\\\/\",\"url\":\"https:\\\/\\\/www2.nerviot.com\\\/index.php\\\/product\\\/ct101-868m\\\/\",\"name\":\"Milesight CT101-868M LoRaWAN-virtamittari - Nerviot IoT\",\"isPartOf\":{\"@id\":\"https:\\\/\\\/www2.nerviot.com\\\/#website\"},\"primaryImageOfPage\":{\"@id\":\"https:\\\/\\\/www2.nerviot.com\\\/index.php\\\/product\\\/ct101-868m\\\/#primaryimage\"},\"image\":{\"@id\":\"https:\\\/\\\/www2.nerviot.com\\\/index.php\\\/product\\\/ct101-868m\\\/#primaryimage\"},\"thumbnailUrl\":\"https:\\\/\\\/www2.nerviot.com\\\/wp-content\\\/uploads\\\/2025\\\/04\\\/CT101_kk.png\",\"datePublished\":\"2025-04-08T11:29:07+00:00\",\"dateModified\":\"2025-04-08T11:32:19+00:00\",\"description\":\"Milesight CT101 LoRaWAN-virtamittari\",\"breadcrumb\":{\"@id\":\"https:\\\/\\\/www2.nerviot.com\\\/index.php\\\/product\\\/ct101-868m\\\/#breadcrumb\"},\"inLanguage\":\"fi\",\"potentialAction\":[{\"@type\":\"ReadAction\",\"target\":[\"https:\\\/\\\/www2.nerviot.com\\\/index.php\\\/product\\\/ct101-868m\\\/\"]}]},{\"@type\":\"ImageObject\",\"inLanguage\":\"fi\",\"@id\":\"https:\\\/\\\/www2.nerviot.com\\\/index.php\\\/product\\\/ct101-868m\\\/#primaryimage\",\"url\":\"https:\\\/\\\/www2.nerviot.com\\\/wp-content\\\/uploads\\\/2025\\\/04\\\/CT101_kk.png\",\"contentUrl\":\"https:\\\/\\\/www2.nerviot.com\\\/wp-content\\\/uploads\\\/2025\\\/04\\\/CT101_kk.png\",\"width\":500,\"height\":500},{\"@type\":\"BreadcrumbList\",\"@id\":\"https:\\\/\\\/www2.nerviot.com\\\/index.php\\\/product\\\/ct101-868m\\\/#breadcrumb\",\"itemListElement\":[{\"@type\":\"ListItem\",\"position\":1,\"name\":\"Home\",\"item\":\"https:\\\/\\\/www2.nerviot.com\\\/\"},{\"@type\":\"ListItem\",\"position\":2,\"name\":\"Nerviot Verkkokauppa\",\"item\":\"https:\\\/\\\/www2.nerviot.com\\\/?page_id=1352\"},{\"@type\":\"ListItem\",\"position\":3,\"name\":\"Milesight CT101-868M LoRaWAN-virtamittari\"}]},{\"@type\":\"WebSite\",\"@id\":\"https:\\\/\\\/www2.nerviot.com\\\/#website\",\"url\":\"https:\\\/\\\/www2.nerviot.com\\\/\",\"name\":\"Nerviot IoT | Condition Monitoring | Olosuhdemittaus | Kylm\u00e4laitteiden seuranta | Alipaine-erojen mittaus\",\"description\":\"nerviot.com remote monitoring\",\"publisher\":{\"@id\":\"https:\\\/\\\/www2.nerviot.com\\\/#organization\"},\"potentialAction\":[{\"@type\":\"SearchAction\",\"target\":{\"@type\":\"EntryPoint\",\"urlTemplate\":\"https:\\\/\\\/www2.nerviot.com\\\/?s={search_term_string}\"},\"query-input\":{\"@type\":\"PropertyValueSpecification\",\"valueRequired\":true,\"valueName\":\"search_term_string\"}}],\"inLanguage\":\"fi\"},{\"@type\":\"Organization\",\"@id\":\"https:\\\/\\\/www2.nerviot.com\\\/#organization\",\"name\":\"Nerviot IoT | Condition Monitoring | Olosuhdemittaus | Kylm\u00e4laitteiden seuranta | Alipaine-erojen mittaus\",\"url\":\"https:\\\/\\\/www2.nerviot.com\\\/\",\"logo\":{\"@type\":\"ImageObject\",\"inLanguage\":\"fi\",\"@id\":\"https:\\\/\\\/www2.nerviot.com\\\/#\\\/schema\\\/logo\\\/image\\\/\",\"url\":\"https:\\\/\\\/www2.nerviot.com\\\/wp-content\\\/uploads\\\/2024\\\/07\\\/Nerviot_logo_400x150px.png\",\"contentUrl\":\"https:\\\/\\\/www2.nerviot.com\\\/wp-content\\\/uploads\\\/2024\\\/07\\\/Nerviot_logo_400x150px.png\",\"width\":400,\"height\":150,\"caption\":\"Nerviot IoT | Condition Monitoring | Olosuhdemittaus | Kylm\u00e4laitteiden seuranta | Alipaine-erojen mittaus\"},\"image\":{\"@id\":\"https:\\\/\\\/www2.nerviot.com\\\/#\\\/schema\\\/logo\\\/image\\\/\"},\"sameAs\":[\"https:\\\/\\\/www.facebook.com\\\/secorasystems\",\"https:\\\/\\\/www.linkedin.com\\\/company\\\/secora-systems\\\/\"]}]}<\/script>\n<!-- \/ Yoast SEO plugin. -->","yoast_head_json":{"title":"Milesight CT101-868M LoRaWAN-virtamittari - Nerviot IoT","description":"Milesight CT101 LoRaWAN-virtamittari","robots":{"index":"index","follow":"follow","max-snippet":"max-snippet:-1","max-image-preview":"max-image-preview:large","max-video-preview":"max-video-preview:-1"},"canonical":"https:\/\/www2.nerviot.com\/index.php\/product\/ct101-868m\/","og_locale":"fi_FI","og_type":"article","og_title":"Milesight CT101-868M LoRaWAN-virtamittari - Nerviot IoT","og_description":"Milesight CT101 LoRaWAN-virtamittari","og_url":"https:\/\/www2.nerviot.com\/index.php\/product\/ct101-868m\/","og_site_name":"Nerviot IoT","article_publisher":"https:\/\/www.facebook.com\/secorasystems","article_modified_time":"2025-04-08T11:32:19+00:00","og_image":[{"width":500,"height":500,"url":"https:\/\/www2.nerviot.com\/wp-content\/uploads\/2025\/04\/CT101_kk.png","type":"image\/png"}],"twitter_card":"summary_large_image","twitter_misc":{"Arvioitu lukuaika":"1 minuutti"},"schema":{"@context":"https:\/\/schema.org","@graph":[{"@type":"WebPage","@id":"https:\/\/www2.nerviot.com\/index.php\/product\/ct101-868m\/","url":"https:\/\/www2.nerviot.com\/index.php\/product\/ct101-868m\/","name":"Milesight CT101-868M LoRaWAN-virtamittari - Nerviot IoT","isPartOf":{"@id":"https:\/\/www2.nerviot.com\/#website"},"primaryImageOfPage":{"@id":"https:\/\/www2.nerviot.com\/index.php\/product\/ct101-868m\/#primaryimage"},"image":{"@id":"https:\/\/www2.nerviot.com\/index.php\/product\/ct101-868m\/#primaryimage"},"thumbnailUrl":"https:\/\/www2.nerviot.com\/wp-content\/uploads\/2025\/04\/CT101_kk.png","datePublished":"2025-04-08T11:29:07+00:00","dateModified":"2025-04-08T11:32:19+00:00","description":"Milesight CT101 LoRaWAN-virtamittari","breadcrumb":{"@id":"https:\/\/www2.nerviot.com\/index.php\/product\/ct101-868m\/#breadcrumb"},"inLanguage":"fi","potentialAction":[{"@type":"ReadAction","target":["https:\/\/www2.nerviot.com\/index.php\/product\/ct101-868m\/"]}]},{"@type":"ImageObject","inLanguage":"fi","@id":"https:\/\/www2.nerviot.com\/index.php\/product\/ct101-868m\/#primaryimage","url":"https:\/\/www2.nerviot.com\/wp-content\/uploads\/2025\/04\/CT101_kk.png","contentUrl":"https:\/\/www2.nerviot.com\/wp-content\/uploads\/2025\/04\/CT101_kk.png","width":500,"height":500},{"@type":"BreadcrumbList","@id":"https:\/\/www2.nerviot.com\/index.php\/product\/ct101-868m\/#breadcrumb","itemListElement":[{"@type":"ListItem","position":1,"name":"Home","item":"https:\/\/www2.nerviot.com\/"},{"@type":"ListItem","position":2,"name":"Nerviot Verkkokauppa","item":"https:\/\/www2.nerviot.com\/?page_id=1352"},{"@type":"ListItem","position":3,"name":"Milesight CT101-868M LoRaWAN-virtamittari"}]},{"@type":"WebSite","@id":"https:\/\/www2.nerviot.com\/#website","url":"https:\/\/www2.nerviot.com\/","name":"Nerviot IoT | Condition Monitoring | Olosuhdemittaus | Kylm\u00e4laitteiden seuranta | Alipaine-erojen mittaus","description":"nerviot.com remote monitoring","publisher":{"@id":"https:\/\/www2.nerviot.com\/#organization"},"potentialAction":[{"@type":"SearchAction","target":{"@type":"EntryPoint","urlTemplate":"https:\/\/www2.nerviot.com\/?s={search_term_string}"},"query-input":{"@type":"PropertyValueSpecification","valueRequired":true,"valueName":"search_term_string"}}],"inLanguage":"fi"},{"@type":"Organization","@id":"https:\/\/www2.nerviot.com\/#organization","name":"Nerviot IoT | Condition Monitoring | Olosuhdemittaus | Kylm\u00e4laitteiden seuranta | Alipaine-erojen mittaus","url":"https:\/\/www2.nerviot.com\/","logo":{"@type":"ImageObject","inLanguage":"fi","@id":"https:\/\/www2.nerviot.com\/#\/schema\/logo\/image\/","url":"https:\/\/www2.nerviot.com\/wp-content\/uploads\/2024\/07\/Nerviot_logo_400x150px.png","contentUrl":"https:\/\/www2.nerviot.com\/wp-content\/uploads\/2024\/07\/Nerviot_logo_400x150px.png","width":400,"height":150,"caption":"Nerviot IoT | Condition Monitoring | Olosuhdemittaus | Kylm\u00e4laitteiden seuranta | Alipaine-erojen mittaus"},"image":{"@id":"https:\/\/www2.nerviot.com\/#\/schema\/logo\/image\/"},"sameAs":["https:\/\/www.facebook.com\/secorasystems","https:\/\/www.linkedin.com\/company\/secora-systems\/"]}]}},"_links":{"self":[{"href":"https:\/\/www2.nerviot.com\/index.php\/wp-json\/wp\/v2\/product\/2008","targetHints":{"allow":["GET"]}}],"collection":[{"href":"https:\/\/www2.nerviot.com\/index.php\/wp-json\/wp\/v2\/product"}],"about":[{"href":"https:\/\/www2.nerviot.com\/index.php\/wp-json\/wp\/v2\/types\/product"}],"replies":[{"embeddable":true,"href":"https:\/\/www2.nerviot.com\/index.php\/wp-json\/wp\/v2\/comments?post=2008"}],"wp:featuredmedia":[{"embeddable":true,"href":"https:\/\/www2.nerviot.com\/index.php\/wp-json\/wp\/v2\/media\/2009"}],"wp:attachment":[{"href":"https:\/\/www2.nerviot.com\/index.php\/wp-json\/wp\/v2\/media?parent=2008"}],"wp:term":[{"taxonomy":"product_brand","embeddable":true,"href":"https:\/\/www2.nerviot.com\/index.php\/wp-json\/wp\/v2\/product_brand?post=2008"},{"taxonomy":"product_cat","embeddable":true,"href":"https:\/\/www2.nerviot.com\/index.php\/wp-json\/wp\/v2\/product_cat?post=2008"},{"taxonomy":"product_tag","embeddable":true,"href":"https:\/\/www2.nerviot.com\/index.php\/wp-json\/wp\/v2\/product_tag?post=2008"}],"curies":[{"name":"wp","href":"https:\/\/api.w.org\/{rel}","templated":true}]}}